{"id":1390,"date":"2020-01-30T12:47:36","date_gmt":"2020-01-30T09:47:36","guid":{"rendered":"https:\/\/www.keslerclinic.com\/?page_id=1390"},"modified":"2020-01-30T12:47:36","modified_gmt":"2020-01-30T09:47:36","slug":"hair-transplant","status":"publish","type":"page","link":"https:\/\/www.keslerclinic.com\/en\/hair-transplant\/","title":{"rendered":"Hair Transplant"},"content":{"rendered":"<p><div class=\"fusion-fullwidth fullwidth-box fusion-builder-row-1 fusion-flex-container nonhundred-percent-fullwidth non-hundred-percent-height-scrolling\" style=\"--awb-border-radius-top-left:0px;--awb-border-radius-top-right:0px;--awb-border-radius-bottom-right:0px;--awb-border-radius-bottom-left:0px;--awb-flex-wrap:wrap;\" ><div class=\"fusion-builder-row fusion-row fusion-flex-align-items-flex-start fusion-flex-content-wrap\" style=\"max-width:1216.8px;margin-left: calc(-4% \/ 2 );margin-right: calc(-4% \/ 2 );\"><div class=\"fusion-layout-column fusion_builder_column fusion-builder-column-0 fusion_builder_column_2_3 2_3 fusion-flex-column\" style=\"--awb-bg-size:cover;--awb-width-large:66.666666666667%;--awb-margin-top-large:0px;--awb-spacing-right-large:3.84%;--awb-margin-bottom-large:30px;--awb-spacing-left-large:2.88%;--awb-width-medium:66.666666666667%;--awb-spacing-right-medium:3.84%;--awb-spacing-left-medium:2.88%;--awb-width-small:100%;--awb-spacing-right-small:1.92%;--awb-spacing-left-small:1.92%;\"><div class=\"fusion-column-wrapper fusion-column-has-shadow fusion-flex-justify-content-flex-start fusion-content-layout-column\"><div class=\"fusion-title title fusion-title-1 fusion-sep-none fusion-title-highlight fusion-animate-once fusion-highlight-underline_zigzag fusion-title-size-two\" style=\"--awb-highlight-color:#3e69b3;\" data-highlight=\"underline_zigzag\"><h2 class=\"fusion-title-heading title-heading-left fusion-responsive-typography-calculated\" style=\"margin:0;--fontSize:46;line-height:1.25;\"><span class=\"fusion-highlighted-text-prefix\"><\/span> <span class=\"fusion-highlighted-text-wrapper\"><span class=\"fusion-highlighted-text\">Sa\u00e7 Ekimi<\/span><svg xmlns=\"http:\/\/www.w3.org\/2000\/svg\" viewBox=\"0 0 500 150\" preserveAspectRatio=\"none\"><path d=\"M6.1,133.6c0,0,173.4-20.6,328.3-14.5c154.8,6.1,162.2,8.7,162.2,8.7s-262.6-4.9-339.2,13.9 c0,0,113.8-6.1,162.9,6.9\"><\/path><\/svg><\/span> <span class=\"fusion-highlighted-text-postfix\">Kesler Clinic'te<\/span><\/h2><\/div><div class=\"fusion-separator fusion-full-width-sep\" style=\"align-self: center;margin-left: auto;margin-right: auto;margin-top:30px;margin-bottom:5px;width:100%;\"><\/div><div class=\"fusion-text fusion-text-1\"><p>\u00d6zellikle son iki y\u0131ld\u0131r en \u00e7ok tercih etti\u011fimiz y\u00f6ntemdir. \u0130ki farkl\u0131 obezite ameliyat\u0131n\u0131n kayna\u015ft\u0131r\u0131lmas\u0131 \u015feklinde yap\u0131l\u0131r. B\u00f6ylece ameliyattan elde edilecek fayda en \u00fcst d\u00fczeye \u00e7\u0131kar\u0131l\u0131rken, riskler de en aza indirilir.<\/p>\n<p>\u00d6nce <em>sleeve gastrektomi<\/em> ameliyat\u0131nda oldu\u011fu gibi, mide uzun ekseni boyunca kesilerek bir t\u00fcp haline getirilir. Sonra ortas\u0131ndan kesilerek \u00fcst ve alt yar\u0131s\u0131 tamamen ayr\u0131l\u0131r. 20 cm \u00f6teden ince ba\u011f\u0131rsaklar getirilerek \u00fcst k\u0131sma ba\u011flan\u0131r ve ameliyat sonland\u0131r\u0131l\u0131r. Bu ameliyat asl\u0131nda daha \u00f6nce <em>sleeve gastrektomi<\/em> ameliyat\u0131 olmu\u015f, fakat yeterince fayda g\u00f6rmemi\u015f hastalar\u0131n ameliyatlar\u0131n\u0131 mini by-pass ameliyat\u0131na \u00e7evirmek i\u00e7in zaten kullan\u0131lmaktad\u0131r. Bizim bunu ilk defa ameliyat olacak hastalarda da kullanmam\u0131z\u0131n sebepleri ise;<\/p>\n<ul>\n<li>Kilo verme ba\u015far\u0131s\u0131 tek ba\u015f\u0131na <em>sleeve gastrektomi<\/em> ya da <em>by-pass<\/em> ameliyat\u0131 olan hastalara g\u00f6re daha y\u00fcksektir.<\/li>\n<li>Verilen kiloyu koruma oranlar\u0131, alternatif ameliyatlara(sleeve gastrektomi, mini by-pass, gastrik by-pass) g\u00f6re daha y\u00fcksektir.<\/li>\n<li>Komplikasyon ihtimali daha d\u00fc\u015f\u00fckt\u00fcr.<\/li>\n<\/ul>\n<p><strong>Gastric by-pass ve Mini By-pass\u2019a g\u00f6re avantajlar\u0131:<\/strong><\/p>\n<ul>\n<li>Mini <em>by-pass<\/em> veya <em>gastric by-pass<\/em> ameliyat\u0131 yap\u0131l\u0131rken, midenin t\u00fcp haline getirildi\u011fi esnada, cerrah midenin karaci\u011fere bakan ve damarlar\u0131n \u00e7ok yo\u011fun oldu\u011fu, bu nedenle kanama riskinin y\u00fcksek oldu\u011fu b\u00f6lgede \u00e7al\u0131\u015f\u0131r. Oysa ki bu teknik ile ameliyat yap\u0131l\u0131rken, daha g\u00fcvenli bir b\u00f6lge olan midenin d\u0131\u015f taraf\u0131 kullan\u0131l\u0131r. B\u00f6ylece karaci\u011fer taraf\u0131ndaki damarlar korunmu\u015f olur.<\/li>\n<li>Mini by-pass ve gastrik by-pass ameliyatlar\u0131n\u0131n aksine mide fundusu \u00e7\u0131kar\u0131ld\u0131\u011f\u0131 i\u00e7in grelin salg\u0131s\u0131, dolay\u0131s\u0131yla i\u015ftah da azal\u0131r.<\/li>\n<li>Gastrik by-pass ameliyat\u0131 sonras\u0131 g\u00f6r\u00fclen internal herniasyon(kar\u0131n i\u00e7i f\u0131t\u0131\u011f\u0131) riskinden hasta korunmu\u015f olur.<\/li>\n<li>Daha d\u00fcz ve sa\u011flam bir mide t\u00fcp\u00fc elde edilmi\u015f olur.<\/li>\n<\/ul>\n<p><strong>Sleeve Gastrektomi\u2019 ye g\u00f6re avantajlar\u0131:<\/strong><\/p>\n<ul>\n<li>Mide t\u00fcp haline getirilip ba\u011f\u0131rsa\u011fa ba\u011fland\u0131\u011f\u0131 i\u00e7in, ameliyat sonras\u0131 mide i\u00e7inde bas\u0131n\u00e7 \u00e7ok y\u00fckselmez, bu sayede ka\u00e7ak ihtimali azal\u0131r.<\/li>\n<li>200 cm kadar ince ba\u011f\u0131rsak by-pass edildi\u011fi i\u00e7in g\u0131da emilimi de azal\u0131r, bu sayede kilo verme ba\u015far\u0131s\u0131 daha iyidir.<\/li>\n<li>Diyabet ve y\u00fcksek kolesterol ile ilgili hastal\u0131klarda <em>Sleeve gastrektomi<\/em>\u2019ye g\u00f6re \u00e7ok daha iyi kontrol sa\u011flar.<\/li>\n<li>Di\u011fer ameliyatlara g\u00f6re revizyon olas\u0131l\u0131\u011f\u0131 \u00e7ok daha azd\u0131r.<\/li>\n<li>Ameliyat s\u00fcresi ortalama 40 dk kadard\u0131r. Hasta ertesi g\u00fcn sulu g\u0131da alabilir. Genellikle \u00fc\u00e7\u00fcnc\u00fc g\u00fcn taburcu edilir.<\/li>\n<\/ul>\n<\/div><\/div><\/div><div class=\"fusion-layout-column fusion_builder_column fusion-builder-column-1 fusion_builder_column_1_3 1_3 fusion-flex-column\" style=\"--awb-bg-position:center center;--awb-bg-size:cover;--awb-width-large:33.333333333333%;--awb-margin-top-large:0px;--awb-spacing-right-large:5.76%;--awb-margin-bottom-large:30px;--awb-spacing-left-large:3.8399999999999%;--awb-width-medium:33.333333333333%;--awb-spacing-right-medium:5.76%;--awb-spacing-left-medium:3.8399999999999%;--awb-width-small:100%;--awb-spacing-right-small:1.92%;--awb-spacing-left-small:1.92%;\"><div class=\"fusion-column-wrapper fusion-column-has-shadow fusion-flex-justify-content-flex-start fusion-content-layout-column\"><div class=\"fusion-image-element \" style=\"text-align:center;--awb-liftup-border-radius:0px;--awb-caption-title-font-family:var(--h2_typography-font-family);--awb-caption-title-font-weight:var(--h2_typography-font-weight);--awb-caption-title-font-style:var(--h2_typography-font-style);--awb-caption-title-size:var(--h2_typography-font-size);--awb-caption-title-transform:var(--h2_typography-text-transform);--awb-caption-title-line-height:var(--h2_typography-line-height);--awb-caption-title-letter-spacing:var(--h2_typography-letter-spacing);\"><div class=\"awb-image-frame awb-image-frame-1 imageframe-liftup\"><span class=\" fusion-imageframe imageframe-none imageframe-1\"><a href=\"http:\/\/www.keslerclinic.com\/wp-content\/uploads\/sac-ekimi.jpg\" class=\"fusion-lightbox\" data-rel=\"iLightbox[e48a5bd7cc0fc8d5f00]\" data-caption=\"Sa\u00e7 Ekimi Kesler Clinic \u00c7erkezk\u00f6y\" data-title=\"Sa\u00e7 Ekimi Kesler Clinic \u00c7erkezk\u00f6y\" title=\"Sa\u00e7 Ekimi Kesler Clinic \u00c7erkezk\u00f6y\"><img decoding=\"async\" width=\"1000\" height=\"582\" alt=\"Sa\u00e7 Ekimi Kesler Clinic \u00c7erkezk\u00f6y\" src=\"https:\/\/www.keslerclinic.com\/wp-content\/uploads\/sac-ekimi.jpg\" data-orig-src=\"http:\/\/www.keslerclinic.com\/wp-content\/uploads\/sac-ekimi.jpg\" class=\"lazyload img-responsive wp-image-1232\" srcset=\"data:image\/svg+xml,%3Csvg%20xmlns%3D%27http%3A%2F%2Fwww.w3.org%2F2000%2Fsvg%27%20width%3D%271000%27%20height%3D%27582%27%20viewBox%3D%270%200%201000%20582%27%3E%3Crect%20width%3D%271000%27%20height%3D%27582%27%20fill-opacity%3D%220%22%2F%3E%3C%2Fsvg%3E\" data-srcset=\"https:\/\/www.keslerclinic.com\/wp-content\/uploads\/sac-ekimi-200x116.jpg 200w, https:\/\/www.keslerclinic.com\/wp-content\/uploads\/sac-ekimi-400x233.jpg 400w, https:\/\/www.keslerclinic.com\/wp-content\/uploads\/sac-ekimi-600x349.jpg 600w, https:\/\/www.keslerclinic.com\/wp-content\/uploads\/sac-ekimi-800x466.jpg 800w, https:\/\/www.keslerclinic.com\/wp-content\/uploads\/sac-ekimi.jpg 1000w\" data-sizes=\"auto\" data-orig-sizes=\"(max-width: 640px) 100vw, 400px\" \/><\/a><\/span><\/div><\/div><\/div><\/div><\/div><\/div><div class=\"fusion-bg-parallax\" data-bg-align=\"center center\" data-direction=\"left\" data-mute=\"false\" data-opacity=\"100\" data-velocity=\"-0.5\" data-mobile-enabled=\"false\" data-break_parents=\"0\" data-bg-image=\"http:\/\/www.keslerclinic.com\/wp-content\/uploads\/testimontials-bg.jpg\" data-bg-repeat=\"false\" ><\/div><div class=\"fusion-fullwidth fullwidth-box fusion-builder-row-2 fusion-flex-container fusion-parallax-left nonhundred-percent-fullwidth non-hundred-percent-height-scrolling lazyload\" style=\"--awb-border-radius-top-left:0px;--awb-border-radius-top-right:0px;--awb-border-radius-bottom-right:0px;--awb-border-radius-bottom-left:0px;--awb-padding-top:80px;--awb-padding-bottom:50px;--awb-background-size:cover;--awb-border-sizes-top:0px;--awb-border-sizes-bottom:0px;--awb-flex-wrap:wrap;\" data-bg=\"http:\/\/www.keslerclinic.com\/wp-content\/uploads\/testimontials-bg.jpg\" ><div class=\"fusion-builder-row fusion-row fusion-flex-align-items-flex-start fusion-flex-content-wrap\" style=\"max-width:1216.8px;margin-left: calc(-4% \/ 2 );margin-right: calc(-4% \/ 2 );\"><div class=\"fusion-layout-column fusion_builder_column fusion-builder-column-2 fusion_builder_column_1_6 1_6 fusion-flex-column fusion-no-small-visibility\" style=\"--awb-bg-size:cover;--awb-width-large:16.666666666667%;--awb-margin-top-large:0px;--awb-spacing-right-large:11.52%;--awb-margin-bottom-large:30px;--awb-spacing-left-large:11.52%;--awb-width-medium:16.666666666667%;--awb-spacing-right-medium:11.52%;--awb-spacing-left-medium:11.52%;--awb-width-small:100%;--awb-spacing-right-small:1.92%;--awb-spacing-left-small:1.92%;\"><div class=\"fusion-column-wrapper fusion-flex-justify-content-flex-start fusion-content-layout-column\"><\/div><\/div><div class=\"fusion-layout-column fusion_builder_column fusion-builder-column-3 fusion_builder_column_2_3 2_3 fusion-flex-column\" style=\"--awb-bg-size:cover;--awb-width-large:66.666666666667%;--awb-margin-top-large:0px;--awb-spacing-right-large:2.88%;--awb-margin-bottom-large:30px;--awb-spacing-left-large:2.88%;--awb-width-medium:66.666666666667%;--awb-spacing-right-medium:2.88%;--awb-spacing-left-medium:2.88%;--awb-width-small:100%;--awb-spacing-right-small:1.92%;--awb-spacing-left-small:1.92%;\"><div class=\"fusion-column-wrapper fusion-flex-justify-content-flex-start fusion-content-layout-column\"><div class=\"fusion-separator fusion-full-width-sep\" style=\"align-self: center;margin-left: auto;margin-right: auto;margin-top:20px;width:100%;\"><\/div><div class=\"fusion-text fusion-text-2\"><h2 style=\"text-align: center; color: #fff;\">HASTA YORUMLARI<\/h2>\n<\/div><div class=\"fusion-separator\" style=\"align-self: center;margin-left: auto;margin-right: auto;margin-top:0px;margin-bottom:20px;width:100%;max-width:280px;\"><div class=\"fusion-separator-border sep-single sep-solid\" style=\"--awb-height:20px;--awb-amount:20px;--awb-sep-color:#d1d1d1;border-color:#d1d1d1;border-top-width:2px;\"><\/div><\/div><\/div><\/div><div class=\"fusion-layout-column fusion_builder_column fusion-builder-column-4 fusion_builder_column_1_6 1_6 fusion-flex-column fusion-no-small-visibility\" style=\"--awb-bg-size:cover;--awb-width-large:16.666666666667%;--awb-margin-top-large:0px;--awb-spacing-right-large:11.52%;--awb-margin-bottom-large:30px;--awb-spacing-left-large:11.52%;--awb-width-medium:16.666666666667%;--awb-spacing-right-medium:11.52%;--awb-spacing-left-medium:11.52%;--awb-width-small:100%;--awb-spacing-right-small:1.92%;--awb-spacing-left-small:1.92%;\"><div class=\"fusion-column-wrapper fusion-flex-justify-content-flex-start fusion-content-layout-column\"><\/div><\/div><div class=\"fusion-layout-column fusion_builder_column fusion-builder-column-5 fusion_builder_column_1_1 1_1 fusion-flex-column\" style=\"--awb-bg-size:cover;--awb-width-large:100%;--awb-margin-top-large:0px;--awb-spacing-right-large:1.92%;--awb-margin-bottom-large:30px;--awb-spacing-left-large:1.92%;--awb-width-medium:100%;--awb-spacing-right-medium:1.92%;--awb-spacing-left-medium:1.92%;--awb-width-small:100%;--awb-spacing-right-small:1.92%;--awb-spacing-left-small:1.92%;\"><div class=\"fusion-column-wrapper fusion-flex-justify-content-flex-start fusion-content-layout-column\"><div class=\"fusion-testimonials clean awb-speech-bubble-show fusion-testimonials-1\" style=\"--awb-textcolor:#ffffff;--awb-backgroundcolor:rgba(255,255,255,0);--awb-testimonial-border-style:solid;--awb-testimonial-border-color:var(--awb-color3);--awb-border-top-left-radius:0px;--awb-border-top-right-radius:0px;--awb-border-bottom-left-radius:0px;--awb-border-bottom-right-radius:0px;--testimonial-border-width-top:0px;--testimonial-border-width-right:0px;--testimonial-border-width-bottom:0px;--testimonial-border-width-left:0px;\" data-random=\"1\" data-speed=\"4000\"><div class=\"reviews\"><div class=\"review active-testimonial avatar-above female\"><div class=\"testimonial-thumbnail doe\"><\/div><blockquote class=\"has-transparent-color\"><div class=\"awb-quote\"><div class=\"awb-quote-content\">\n<p>I would like to thank Dr.Onur Kesler and all his team&#8230; Including all the nursing staff.. For not only helping me with this journey and helping my family during the stay at the hospital&#8230; And helping me changing my life&#8230; Another BIG thanks to Ayse for such caring lovely lady&#8230; Always there ready for anything for us&#8230; GOD BLESS YOU ALL!<\/p>\n<\/div><\/div><\/blockquote><div class=\"author\"><span class=\"company-name\"><strong>CHRISTIAN<\/strong><\/span><\/div><\/div><div class=\"review avatar-above female\"><div class=\"testimonial-thumbnail doe\"><\/div><blockquote class=\"has-transparent-color\"><div class=\"awb-quote\"><div class=\"awb-quote-content\">\n<p>Ameliyat olal\u0131 on g\u00fcn oldu ve bir s\u00fcr\u00fc diyetler rejimlerden sonra kendinden emin \u00f6z g\u00fcveni y\u00fcksek kalite ba\u015far\u0131l\u0131 Doktorum ONUR KESLER hayat\u0131m\u0131n iyikilerinden biri. Sizi tan\u0131d\u0131\u011f\u0131ma \u00e7ok memnunum, \u00e7ok g\u00fczel bir ameliyat sonras\u0131 ya\u015fad\u0131m. Size ve ekibinize \u00e7ok te\u015fekk\u00fcr ediyorum. Sizi Seviyorum Onur KESLER<\/p>\n<\/div><\/div><\/blockquote><div class=\"author\"><span class=\"company-name\"><strong>SERAP<\/strong><\/span><\/div><\/div><div class=\"review avatar-above female\"><div class=\"testimonial-thumbnail doe\"><\/div><blockquote class=\"has-transparent-color\"><div class=\"awb-quote\"><div class=\"awb-quote-content\">\n<p>Most certainly he is so much more than a surgeon he made me feel so relaxed and went over and beyond for me surgery wise as there were massive complications and he was so attentive and caring throughout my recovery days and is always there to advise on any concerns I have 9 months on thank you Doctor Kesler you truly gave me my life back x!<\/p>\n<\/div><\/div><\/blockquote><div class=\"author\"><span class=\"company-name\"><strong>WENDY<\/strong><\/span><\/div><\/div><div class=\"review avatar-above female\"><div class=\"testimonial-thumbnail doe\"><\/div><blockquote class=\"has-transparent-color\"><div class=\"awb-quote\"><div class=\"awb-quote-content\">\n<p>Absolutely amazing doctor, the surgery he performed on me has changed my life in so many ways , I was 25.5 pre IOU\u2019s to my liver reducing diet and the day of my surgery I was 24.5 I\u2019m now 5 months later 16.12 , basically 8 stone 7 lbs down in 5 months x Doctor Kesler is an amazing doctor who has concern for his patients and will advise on the correct surgery for each Individual patient xx this surgery has changed my life in so many ways thankyou Dr. Kesler \u2665<\/p>\n<\/div><\/div><\/blockquote><div class=\"author\"><span class=\"company-name\"><strong>LAVINIA<\/strong><\/span><\/div><\/div><div class=\"review avatar-above female\"><div class=\"testimonial-thumbnail doe\"><\/div><blockquote class=\"has-transparent-color\"><div class=\"awb-quote\"><div class=\"awb-quote-content\">\n<p>I feel so much better since I had surgery Thank you for looking after me Dr.Onur Kesler you are a great surgeon!<\/p>\n<\/div><\/div><\/blockquote><div class=\"author\"><span class=\"company-name\"><strong>KYLA<\/strong><\/span><\/div><\/div><div class=\"review avatar-above female\"><div class=\"testimonial-thumbnail doe\"><\/div><blockquote class=\"has-transparent-color\"><div class=\"awb-quote\"><div class=\"awb-quote-content\">\n<p>M\u00fckemmel bir cerrah. Ben hayat\u0131m\u0131n ikinci bahar\u0131n\u0131 ya\u015f\u0131yorum sayesinde. Seviliyorsunuz Onur Hocam!<\/p>\n<\/div><\/div><\/blockquote><div class=\"author\"><span class=\"company-name\"><strong>HAT\u0130CE<\/strong><\/span><\/div><\/div><\/div><div class=\"testimonial-pagination\" id=\"fusion-testimonials-1\"><a href=\"#\" aria-label=\"Testimonial Pagination\"  class=\"activeSlide\"><\/a><a href=\"#\" aria-label=\"Testimonial Pagination\" ><\/a><a href=\"#\" aria-label=\"Testimonial Pagination\" ><\/a><a href=\"#\" aria-label=\"Testimonial Pagination\" ><\/a><a href=\"#\" aria-label=\"Testimonial Pagination\" ><\/a><a href=\"#\" aria-label=\"Testimonial Pagination\" ><\/a><\/div><\/div><\/div><\/div><div class=\"fusion-layout-column fusion_builder_column fusion-builder-column-6 fusion_builder_column_1_1 1_1 fusion-flex-column fusion-flex-align-self-flex-start fusion-column-no-min-height\" style=\"--awb-bg-size:cover;--awb-width-large:100%;--awb-margin-top-large:0px;--awb-spacing-right-large:1.92%;--awb-margin-bottom-large:0px;--awb-spacing-left-large:1.92%;--awb-width-medium:100%;--awb-spacing-right-medium:1.92%;--awb-spacing-left-medium:1.92%;--awb-width-small:100%;--awb-spacing-right-small:1.92%;--awb-spacing-left-small:1.92%;\"><div class=\"fusion-column-wrapper fusion-flex-justify-content-flex-start fusion-content-layout-column\"><div class=\"fusion-separator fusion-full-width-sep\" style=\"align-self: center;margin-left: auto;margin-right: auto;margin-top:40px;width:100%;\"><\/div><\/div><\/div><\/div><\/div><\/p>\n","protected":false},"excerpt":{"rendered":"","protected":false},"author":1,"featured_media":0,"parent":0,"menu_order":0,"comment_status":"closed","ping_status":"closed","template":"100-width.php","meta":{"footnotes":""},"class_list":["post-1390","page","type-page","status-publish","hentry"],"yoast_head":"<!-- This site is optimized with the Yoast SEO plugin v27.3 - https:\/\/yoast.com\/product\/yoast-seo-wordpress\/ -->\n<title>Hair Transplant - Kesler Clinic Obezite Cerrahisi, \u00c7erkezk\u00f6y<\/title>\n<meta name=\"robots\" content=\"index, follow, max-snippet:-1, max-image-preview:large, max-video-preview:-1\" \/>\n<link rel=\"canonical\" href=\"https:\/\/www.keslerclinic.com\/en\/hair-transplant\/\" \/>\n<meta property=\"og:locale\" content=\"en_US\" \/>\n<meta property=\"og:type\" content=\"article\" \/>\n<meta property=\"og:title\" content=\"Hair Transplant - Kesler Clinic Obezite Cerrahisi, \u00c7erkezk\u00f6y\" \/>\n<meta property=\"og:url\" content=\"https:\/\/www.keslerclinic.com\/en\/hair-transplant\/\" \/>\n<meta property=\"og:site_name\" content=\"Kesler Clinic\" \/>\n<meta property=\"article:publisher\" content=\"https:\/\/www.facebook.com\/keslerclinic\/\" \/>\n<meta name=\"twitter:card\" content=\"summary_large_image\" \/>\n<meta name=\"twitter:label1\" content=\"Est. reading time\" \/>\n\t<meta name=\"twitter:data1\" content=\"11 minutes\" \/>\n<script type=\"application\/ld+json\" class=\"yoast-schema-graph\">{\"@context\":\"https:\\\/\\\/schema.org\",\"@graph\":[{\"@type\":\"WebPage\",\"@id\":\"https:\\\/\\\/www.keslerclinic.com\\\/en\\\/hair-transplant\\\/\",\"url\":\"https:\\\/\\\/www.keslerclinic.com\\\/en\\\/hair-transplant\\\/\",\"name\":\"Hair Transplant - Kesler Clinic Obezite Cerrahisi, \u00c7erkezk\u00f6y\",\"isPartOf\":{\"@id\":\"https:\\\/\\\/www.keslerclinic.com\\\/#website\"},\"datePublished\":\"2020-01-30T09:47:36+00:00\",\"breadcrumb\":{\"@id\":\"https:\\\/\\\/www.keslerclinic.com\\\/en\\\/hair-transplant\\\/#breadcrumb\"},\"inLanguage\":\"en-US\",\"potentialAction\":[{\"@type\":\"ReadAction\",\"target\":[\"https:\\\/\\\/www.keslerclinic.com\\\/en\\\/hair-transplant\\\/\"]}]},{\"@type\":\"BreadcrumbList\",\"@id\":\"https:\\\/\\\/www.keslerclinic.com\\\/en\\\/hair-transplant\\\/#breadcrumb\",\"itemListElement\":[{\"@type\":\"ListItem\",\"position\":1,\"name\":\"Ana sayfa\",\"item\":\"https:\\\/\\\/www.keslerclinic.com\\\/en\\\/main\\\/\"},{\"@type\":\"ListItem\",\"position\":2,\"name\":\"Hair Transplant\"}]},{\"@type\":\"WebSite\",\"@id\":\"https:\\\/\\\/www.keslerclinic.com\\\/#website\",\"url\":\"https:\\\/\\\/www.keslerclinic.com\\\/\",\"name\":\"Kesler Clinic\",\"description\":\"Obezite Cerrahisi, Diyabet Cerrahisi, Plastik ve Estetik Cerrahi, Sa\u00e7 Ekimi, Di\u015f Tedavileri, Onkoloji\",\"potentialAction\":[{\"@type\":\"SearchAction\",\"target\":{\"@type\":\"EntryPoint\",\"urlTemplate\":\"https:\\\/\\\/www.keslerclinic.com\\\/?s={search_term_string}\"},\"query-input\":{\"@type\":\"PropertyValueSpecification\",\"valueRequired\":true,\"valueName\":\"search_term_string\"}}],\"inLanguage\":\"en-US\"}]}<\/script>\n<!-- \/ Yoast SEO plugin. -->","yoast_head_json":{"title":"Hair Transplant - Kesler Clinic Obezite Cerrahisi, \u00c7erkezk\u00f6y","robots":{"index":"index","follow":"follow","max-snippet":"max-snippet:-1","max-image-preview":"max-image-preview:large","max-video-preview":"max-video-preview:-1"},"canonical":"https:\/\/www.keslerclinic.com\/en\/hair-transplant\/","og_locale":"en_US","og_type":"article","og_title":"Hair Transplant - Kesler Clinic Obezite Cerrahisi, \u00c7erkezk\u00f6y","og_url":"https:\/\/www.keslerclinic.com\/en\/hair-transplant\/","og_site_name":"Kesler Clinic","article_publisher":"https:\/\/www.facebook.com\/keslerclinic\/","twitter_card":"summary_large_image","twitter_misc":{"Est. reading time":"11 minutes"},"schema":{"@context":"https:\/\/schema.org","@graph":[{"@type":"WebPage","@id":"https:\/\/www.keslerclinic.com\/en\/hair-transplant\/","url":"https:\/\/www.keslerclinic.com\/en\/hair-transplant\/","name":"Hair Transplant - Kesler Clinic Obezite Cerrahisi, \u00c7erkezk\u00f6y","isPartOf":{"@id":"https:\/\/www.keslerclinic.com\/#website"},"datePublished":"2020-01-30T09:47:36+00:00","breadcrumb":{"@id":"https:\/\/www.keslerclinic.com\/en\/hair-transplant\/#breadcrumb"},"inLanguage":"en-US","potentialAction":[{"@type":"ReadAction","target":["https:\/\/www.keslerclinic.com\/en\/hair-transplant\/"]}]},{"@type":"BreadcrumbList","@id":"https:\/\/www.keslerclinic.com\/en\/hair-transplant\/#breadcrumb","itemListElement":[{"@type":"ListItem","position":1,"name":"Ana sayfa","item":"https:\/\/www.keslerclinic.com\/en\/main\/"},{"@type":"ListItem","position":2,"name":"Hair Transplant"}]},{"@type":"WebSite","@id":"https:\/\/www.keslerclinic.com\/#website","url":"https:\/\/www.keslerclinic.com\/","name":"Kesler Clinic","description":"Obezite Cerrahisi, Diyabet Cerrahisi, Plastik ve Estetik Cerrahi, Sa\u00e7 Ekimi, Di\u015f Tedavileri, Onkoloji","potentialAction":[{"@type":"SearchAction","target":{"@type":"EntryPoint","urlTemplate":"https:\/\/www.keslerclinic.com\/?s={search_term_string}"},"query-input":{"@type":"PropertyValueSpecification","valueRequired":true,"valueName":"search_term_string"}}],"inLanguage":"en-US"}]}},"_links":{"self":[{"href":"https:\/\/www.keslerclinic.com\/en\/wp-json\/wp\/v2\/pages\/1390","targetHints":{"allow":["GET"]}}],"collection":[{"href":"https:\/\/www.keslerclinic.com\/en\/wp-json\/wp\/v2\/pages"}],"about":[{"href":"https:\/\/www.keslerclinic.com\/en\/wp-json\/wp\/v2\/types\/page"}],"author":[{"embeddable":true,"href":"https:\/\/www.keslerclinic.com\/en\/wp-json\/wp\/v2\/users\/1"}],"replies":[{"embeddable":true,"href":"https:\/\/www.keslerclinic.com\/en\/wp-json\/wp\/v2\/comments?post=1390"}],"version-history":[{"count":2,"href":"https:\/\/www.keslerclinic.com\/en\/wp-json\/wp\/v2\/pages\/1390\/revisions"}],"predecessor-version":[{"id":1412,"href":"https:\/\/www.keslerclinic.com\/en\/wp-json\/wp\/v2\/pages\/1390\/revisions\/1412"}],"wp:attachment":[{"href":"https:\/\/www.keslerclinic.com\/en\/wp-json\/wp\/v2\/media?parent=1390"}],"curies":[{"name":"wp","href":"https:\/\/api.w.org\/{rel}","templated":true}]}}