{"id":1387,"date":"2020-01-30T12:44:40","date_gmt":"2020-01-30T09:44:40","guid":{"rendered":"https:\/\/www.keslerclinic.com\/?page_id=1387"},"modified":"2020-08-03T20:20:21","modified_gmt":"2020-08-03T17:20:21","slug":"breast-aesthetics","status":"publish","type":"page","link":"https:\/\/www.keslerclinic.com\/en\/plastic-and-aesthetic-surgery\/breast-aesthetics\/","title":{"rendered":"Breast Aesthetics"},"content":{"rendered":"<p><div class=\"fusion-fullwidth fullwidth-box fusion-builder-row-1 fusion-flex-container nonhundred-percent-fullwidth non-hundred-percent-height-scrolling\" style=\"--awb-border-radius-top-left:0px;--awb-border-radius-top-right:0px;--awb-border-radius-bottom-right:0px;--awb-border-radius-bottom-left:0px;--awb-flex-wrap:wrap;\" ><div class=\"fusion-builder-row fusion-row fusion-flex-align-items-flex-start fusion-flex-content-wrap\" style=\"max-width:1216.8px;margin-left: calc(-4% \/ 2 );margin-right: calc(-4% \/ 2 );\"><div class=\"fusion-layout-column fusion_builder_column fusion-builder-column-0 fusion_builder_column_2_3 2_3 fusion-flex-column\" style=\"--awb-bg-size:cover;--awb-width-large:66.666666666667%;--awb-margin-top-large:0px;--awb-spacing-right-large:3.84%;--awb-margin-bottom-large:30px;--awb-spacing-left-large:2.88%;--awb-width-medium:66.666666666667%;--awb-spacing-right-medium:3.84%;--awb-spacing-left-medium:2.88%;--awb-width-small:100%;--awb-spacing-right-small:1.92%;--awb-spacing-left-small:1.92%;\"><div class=\"fusion-column-wrapper fusion-column-has-shadow fusion-flex-justify-content-flex-start fusion-content-layout-column\"><div class=\"fusion-title title fusion-title-1 fusion-sep-none fusion-title-highlight fusion-animate-once fusion-highlight-underline_zigzag fusion-title-size-two\" style=\"--awb-highlight-color:#3e69b3;\" data-highlight=\"underline_zigzag\"><h2 class=\"fusion-title-heading title-heading-left fusion-responsive-typography-calculated\" style=\"margin:0;--fontSize:46;line-height:1.25;\"><span class=\"fusion-highlighted-text-prefix\"><\/span> <span class=\"fusion-highlighted-text-wrapper\"><span class=\"fusion-highlighted-text\">Breast Aesthetics<\/span><svg xmlns=\"http:\/\/www.w3.org\/2000\/svg\" viewBox=\"0 0 500 150\" preserveAspectRatio=\"none\"><path d=\"M6.1,133.6c0,0,173.4-20.6,328.3-14.5c154.8,6.1,162.2,8.7,162.2,8.7s-262.6-4.9-339.2,13.9 c0,0,113.8-6.1,162.9,6.9\"><\/path><\/svg><\/span> <span class=\"fusion-highlighted-text-postfix\"><\/span><\/h2><\/div><div class=\"fusion-separator fusion-full-width-sep\" style=\"align-self: center;margin-left: auto;margin-right: auto;margin-top:30px;margin-bottom:5px;width:100%;\"><\/div><\/div><\/div><\/div><\/div><div class=\"fusion-fullwidth fullwidth-box fusion-builder-row-2 fusion-flex-container nonhundred-percent-fullwidth non-hundred-percent-height-scrolling\" style=\"--awb-border-radius-top-left:0px;--awb-border-radius-top-right:0px;--awb-border-radius-bottom-right:0px;--awb-border-radius-bottom-left:0px;--awb-flex-wrap:wrap;\" ><div class=\"fusion-builder-row fusion-row fusion-flex-align-items-flex-start fusion-flex-content-wrap\" style=\"max-width:1216.8px;margin-left: calc(-4% \/ 2 );margin-right: calc(-4% \/ 2 );\"><div class=\"fusion-layout-column fusion_builder_column fusion-builder-column-1 fusion_builder_column_2_3 2_3 fusion-flex-column\" style=\"--awb-bg-size:cover;--awb-width-large:66.666666666667%;--awb-margin-top-large:0px;--awb-spacing-right-large:3.84%;--awb-margin-bottom-large:30px;--awb-spacing-left-large:2.88%;--awb-width-medium:66.666666666667%;--awb-spacing-right-medium:3.84%;--awb-spacing-left-medium:2.88%;--awb-width-small:100%;--awb-spacing-right-small:1.92%;--awb-spacing-left-small:1.92%;\"><div class=\"fusion-column-wrapper fusion-column-has-shadow fusion-flex-justify-content-flex-start fusion-content-layout-column\"><div class=\"fusion-text fusion-text-1\"><p><strong>BREAST AUGMENTATION<\/strong><\/p>\n<p>The natural fullness of breasts may decrease due to genetic problems or breast-feeding. Especially after successive deliveries, the breast volume may decrease and the deformity may occur.<\/p>\n<p>It is possible to get better the shape and volume of the breasts with using silicone breast implants.<br \/>\nThe breast is an erogenous organ. It forms the most important image detail in female physique. Although its main function is to breastfeed and symbolize womanhood, it is the most obvious element of woman&#8217;s beauty.Women who do not consider their breasts are beautiful may feel themselves incomplete. In this case, the only solution is breast augmentation surgery.<\/p>\n<\/div><\/div><\/div><div class=\"fusion-layout-column fusion_builder_column fusion-builder-column-2 fusion_builder_column_1_3 1_3 fusion-flex-column\" style=\"--awb-bg-position:center center;--awb-bg-size:cover;--awb-width-large:33.333333333333%;--awb-margin-top-large:0px;--awb-spacing-right-large:5.76%;--awb-margin-bottom-large:30px;--awb-spacing-left-large:3.8399999999999%;--awb-width-medium:33.333333333333%;--awb-spacing-right-medium:5.76%;--awb-spacing-left-medium:3.8399999999999%;--awb-width-small:100%;--awb-spacing-right-small:1.92%;--awb-spacing-left-small:1.92%;\"><div class=\"fusion-column-wrapper fusion-column-has-shadow fusion-flex-justify-content-flex-start fusion-content-layout-column\"><div class=\"fusion-separator fusion-full-width-sep\" style=\"align-self: center;margin-left: auto;margin-right: auto;margin-top:30px;margin-bottom:20px;width:100%;\"><\/div><div class=\"fusion-image-element \" style=\"text-align:center;--awb-liftup-border-radius:0px;--awb-caption-title-font-family:var(--h2_typography-font-family);--awb-caption-title-font-weight:var(--h2_typography-font-weight);--awb-caption-title-font-style:var(--h2_typography-font-style);--awb-caption-title-size:var(--h2_typography-font-size);--awb-caption-title-transform:var(--h2_typography-text-transform);--awb-caption-title-line-height:var(--h2_typography-line-height);--awb-caption-title-letter-spacing:var(--h2_typography-letter-spacing);\"><div class=\"awb-image-frame awb-image-frame-1 imageframe-liftup\"><span class=\" fusion-imageframe imageframe-none imageframe-1\"><a href=\"http:\/\/www.keslerclinic.com\/wp-content\/uploads\/meme_buyutme.jpg\" class=\"fusion-lightbox\" data-rel=\"iLightbox[964ea7ce36d1122fd32]\" data-caption=\"Meme B\u00fcy\u00fctme Kesler Clinic\" data-title=\"Meme B\u00fcy\u00fctme Kesler Clinic\" title=\"Meme B\u00fcy\u00fctme Kesler Clinic\"><img decoding=\"async\" width=\"1000\" height=\"582\" src=\"https:\/\/www.keslerclinic.com\/wp-content\/uploads\/meme_buyutme.jpg\" data-orig-src=\"http:\/\/www.keslerclinic.com\/wp-content\/uploads\/meme_buyutme.jpg\" alt class=\"lazyload img-responsive wp-image-1313\" srcset=\"data:image\/svg+xml,%3Csvg%20xmlns%3D%27http%3A%2F%2Fwww.w3.org%2F2000%2Fsvg%27%20width%3D%271000%27%20height%3D%27582%27%20viewBox%3D%270%200%201000%20582%27%3E%3Crect%20width%3D%271000%27%20height%3D%27582%27%20fill-opacity%3D%220%22%2F%3E%3C%2Fsvg%3E\" data-srcset=\"https:\/\/www.keslerclinic.com\/wp-content\/uploads\/meme_buyutme-200x116.jpg 200w, https:\/\/www.keslerclinic.com\/wp-content\/uploads\/meme_buyutme-400x233.jpg 400w, https:\/\/www.keslerclinic.com\/wp-content\/uploads\/meme_buyutme-600x349.jpg 600w, https:\/\/www.keslerclinic.com\/wp-content\/uploads\/meme_buyutme-800x466.jpg 800w, https:\/\/www.keslerclinic.com\/wp-content\/uploads\/meme_buyutme.jpg 1000w\" data-sizes=\"auto\" data-orig-sizes=\"(max-width: 640px) 100vw, 400px\" \/><\/a><\/span><\/div><\/div><\/div><\/div><\/div><\/div><div class=\"fusion-fullwidth fullwidth-box fusion-builder-row-3 fusion-flex-container nonhundred-percent-fullwidth non-hundred-percent-height-scrolling\" style=\"--awb-border-radius-top-left:0px;--awb-border-radius-top-right:0px;--awb-border-radius-bottom-right:0px;--awb-border-radius-bottom-left:0px;--awb-flex-wrap:wrap;\" ><div class=\"fusion-builder-row fusion-row fusion-flex-align-items-flex-start fusion-flex-content-wrap\" style=\"max-width:1216.8px;margin-left: calc(-4% \/ 2 );margin-right: calc(-4% \/ 2 );\"><div class=\"fusion-layout-column fusion_builder_column fusion-builder-column-3 fusion_builder_column_2_3 2_3 fusion-flex-column\" style=\"--awb-bg-size:cover;--awb-width-large:66.666666666667%;--awb-margin-top-large:0px;--awb-spacing-right-large:3.84%;--awb-margin-bottom-large:30px;--awb-spacing-left-large:2.88%;--awb-width-medium:66.666666666667%;--awb-spacing-right-medium:3.84%;--awb-spacing-left-medium:2.88%;--awb-width-small:100%;--awb-spacing-right-small:1.92%;--awb-spacing-left-small:1.92%;\"><div class=\"fusion-column-wrapper fusion-column-has-shadow fusion-flex-justify-content-flex-start fusion-content-layout-column\"><div class=\"fusion-text fusion-text-2\"><p><strong>BREAST REDUCTION<\/strong><\/p>\n<p>Growth and extreme sagging may occur in breast volume, depending on advanced age and breastfeeding.<br \/>\nThis situation can affect the physical health of a person as well as her social life. Individuals with extremely big and sagged breasts may experience physical discomforts such as neck-back pain, collapse on the bra strap area, redness and itch under the breast.<\/p>\n<p>With reduction mammoplasty, the volume of the breasts is reduced to the desired size, the sagged nipples are pulled to its ideal position and the excess breast skin can be removed.<\/p>\n<p>There are many different techniques applied for breast reduction surgery, which method will be chosen and what kind of scar your breast will have are determined by your doctor&#8217;s recommendation according to your breast size.<\/p>\n<\/div><\/div><\/div><div class=\"fusion-layout-column fusion_builder_column fusion-builder-column-4 fusion_builder_column_1_3 1_3 fusion-flex-column\" style=\"--awb-bg-position:center center;--awb-bg-size:cover;--awb-width-large:33.333333333333%;--awb-margin-top-large:0px;--awb-spacing-right-large:5.76%;--awb-margin-bottom-large:30px;--awb-spacing-left-large:3.8399999999999%;--awb-width-medium:33.333333333333%;--awb-spacing-right-medium:5.76%;--awb-spacing-left-medium:3.8399999999999%;--awb-width-small:100%;--awb-spacing-right-small:1.92%;--awb-spacing-left-small:1.92%;\"><div class=\"fusion-column-wrapper fusion-column-has-shadow fusion-flex-justify-content-flex-start fusion-content-layout-column\"><div class=\"fusion-separator fusion-full-width-sep\" style=\"align-self: center;margin-left: auto;margin-right: auto;margin-top:30px;margin-bottom:20px;width:100%;\"><\/div><div class=\"fusion-image-element \" style=\"text-align:center;--awb-liftup-border-radius:0px;--awb-caption-title-font-family:var(--h2_typography-font-family);--awb-caption-title-font-weight:var(--h2_typography-font-weight);--awb-caption-title-font-style:var(--h2_typography-font-style);--awb-caption-title-size:var(--h2_typography-font-size);--awb-caption-title-transform:var(--h2_typography-text-transform);--awb-caption-title-line-height:var(--h2_typography-line-height);--awb-caption-title-letter-spacing:var(--h2_typography-letter-spacing);\"><div class=\"awb-image-frame awb-image-frame-2 imageframe-liftup\"><span class=\" fusion-imageframe imageframe-none imageframe-2\"><a href=\"http:\/\/www.keslerclinic.com\/wp-content\/uploads\/meme_kucultme.jpg\" class=\"fusion-lightbox\" data-rel=\"iLightbox[e069d7d111bce75f6f1]\" data-caption=\"Meme K\u00fc\u00e7\u00fcltme Kesler Clinic\" data-title=\"Meme K\u00fc\u00e7\u00fcltme Kesler Clinic\" title=\"Meme K\u00fc\u00e7\u00fcltme Kesler Clinic\"><img decoding=\"async\" width=\"1000\" height=\"582\" src=\"https:\/\/www.keslerclinic.com\/wp-content\/uploads\/meme_kucultme.jpg\" data-orig-src=\"http:\/\/www.keslerclinic.com\/wp-content\/uploads\/meme_kucultme.jpg\" alt class=\"lazyload img-responsive wp-image-1314\" srcset=\"data:image\/svg+xml,%3Csvg%20xmlns%3D%27http%3A%2F%2Fwww.w3.org%2F2000%2Fsvg%27%20width%3D%271000%27%20height%3D%27582%27%20viewBox%3D%270%200%201000%20582%27%3E%3Crect%20width%3D%271000%27%20height%3D%27582%27%20fill-opacity%3D%220%22%2F%3E%3C%2Fsvg%3E\" data-srcset=\"https:\/\/www.keslerclinic.com\/wp-content\/uploads\/meme_kucultme-200x116.jpg 200w, https:\/\/www.keslerclinic.com\/wp-content\/uploads\/meme_kucultme-400x233.jpg 400w, https:\/\/www.keslerclinic.com\/wp-content\/uploads\/meme_kucultme-600x349.jpg 600w, https:\/\/www.keslerclinic.com\/wp-content\/uploads\/meme_kucultme-800x466.jpg 800w, https:\/\/www.keslerclinic.com\/wp-content\/uploads\/meme_kucultme.jpg 1000w\" data-sizes=\"auto\" data-orig-sizes=\"(max-width: 640px) 100vw, 400px\" \/><\/a><\/span><\/div><\/div><\/div><\/div><\/div><\/div><div class=\"fusion-fullwidth fullwidth-box fusion-builder-row-4 fusion-flex-container nonhundred-percent-fullwidth non-hundred-percent-height-scrolling\" style=\"--awb-border-radius-top-left:0px;--awb-border-radius-top-right:0px;--awb-border-radius-bottom-right:0px;--awb-border-radius-bottom-left:0px;--awb-flex-wrap:wrap;\" ><div class=\"fusion-builder-row fusion-row fusion-flex-align-items-flex-start fusion-flex-content-wrap\" style=\"max-width:1216.8px;margin-left: calc(-4% \/ 2 );margin-right: calc(-4% \/ 2 );\"><div class=\"fusion-layout-column fusion_builder_column fusion-builder-column-5 fusion_builder_column_2_3 2_3 fusion-flex-column\" style=\"--awb-bg-size:cover;--awb-width-large:66.666666666667%;--awb-margin-top-large:0px;--awb-spacing-right-large:3.84%;--awb-margin-bottom-large:30px;--awb-spacing-left-large:2.88%;--awb-width-medium:66.666666666667%;--awb-spacing-right-medium:3.84%;--awb-spacing-left-medium:2.88%;--awb-width-small:100%;--awb-spacing-right-small:1.92%;--awb-spacing-left-small:1.92%;\"><div class=\"fusion-column-wrapper fusion-column-has-shadow fusion-flex-justify-content-flex-start fusion-content-layout-column\"><div class=\"fusion-text fusion-text-3\"><p><strong>GYNECOMASTY<\/strong><\/p>\n<p>Gynecomasty is the name of the appearance of female type of breast tissue in men. Gynecomasty can cause serious psychological problems for men.<br \/>\nLiposuction is considered as the primary treatment option if the gynecomasty is due to excess fat tissue in the area. However, if the large size is due to breast gland excess, the breast tissue is surgically removed.<\/p>\n<p>The operation is usually performed under local anesthesia. It takes about 1 hour. Patient can be discharged on the same day.<\/p>\n<\/div><\/div><\/div><div class=\"fusion-layout-column fusion_builder_column fusion-builder-column-6 fusion_builder_column_1_3 1_3 fusion-flex-column\" style=\"--awb-bg-position:center center;--awb-bg-size:cover;--awb-width-large:33.333333333333%;--awb-margin-top-large:0px;--awb-spacing-right-large:5.76%;--awb-margin-bottom-large:30px;--awb-spacing-left-large:3.8399999999999%;--awb-width-medium:33.333333333333%;--awb-spacing-right-medium:5.76%;--awb-spacing-left-medium:3.8399999999999%;--awb-width-small:100%;--awb-spacing-right-small:1.92%;--awb-spacing-left-small:1.92%;\"><div class=\"fusion-column-wrapper fusion-column-has-shadow fusion-flex-justify-content-flex-start fusion-content-layout-column\"><div class=\"fusion-separator fusion-full-width-sep\" style=\"align-self: center;margin-left: auto;margin-right: auto;margin-top:30px;margin-bottom:20px;width:100%;\"><\/div><div class=\"fusion-image-element \" style=\"text-align:center;--awb-liftup-border-radius:0px;--awb-caption-title-font-family:var(--h2_typography-font-family);--awb-caption-title-font-weight:var(--h2_typography-font-weight);--awb-caption-title-font-style:var(--h2_typography-font-style);--awb-caption-title-size:var(--h2_typography-font-size);--awb-caption-title-transform:var(--h2_typography-text-transform);--awb-caption-title-line-height:var(--h2_typography-line-height);--awb-caption-title-letter-spacing:var(--h2_typography-letter-spacing);\"><div class=\"awb-image-frame awb-image-frame-3 imageframe-liftup\"><span class=\" fusion-imageframe imageframe-none imageframe-3\"><a href=\"http:\/\/www.keslerclinic.com\/wp-content\/uploads\/jinekomasti.jpg\" class=\"fusion-lightbox\" data-rel=\"iLightbox[63e41bd160194ca241c]\" data-caption=\"Jinekomasti Kesler Clinic \u00c7erkezk\u00f6y\" data-title=\"Jinekomasti Kesler Clinic \u00c7erkezk\u00f6y\" title=\"Jinekomasti Kesler Clinic \u00c7erkezk\u00f6y\"><img decoding=\"async\" width=\"1000\" height=\"582\" src=\"https:\/\/www.keslerclinic.com\/wp-content\/uploads\/jinekomasti.jpg\" data-orig-src=\"http:\/\/www.keslerclinic.com\/wp-content\/uploads\/jinekomasti.jpg\" alt class=\"lazyload img-responsive wp-image-1305\" srcset=\"data:image\/svg+xml,%3Csvg%20xmlns%3D%27http%3A%2F%2Fwww.w3.org%2F2000%2Fsvg%27%20width%3D%271000%27%20height%3D%27582%27%20viewBox%3D%270%200%201000%20582%27%3E%3Crect%20width%3D%271000%27%20height%3D%27582%27%20fill-opacity%3D%220%22%2F%3E%3C%2Fsvg%3E\" data-srcset=\"https:\/\/www.keslerclinic.com\/wp-content\/uploads\/jinekomasti-200x116.jpg 200w, https:\/\/www.keslerclinic.com\/wp-content\/uploads\/jinekomasti-400x233.jpg 400w, https:\/\/www.keslerclinic.com\/wp-content\/uploads\/jinekomasti-600x349.jpg 600w, https:\/\/www.keslerclinic.com\/wp-content\/uploads\/jinekomasti-800x466.jpg 800w, https:\/\/www.keslerclinic.com\/wp-content\/uploads\/jinekomasti.jpg 1000w\" data-sizes=\"auto\" data-orig-sizes=\"(max-width: 640px) 100vw, 400px\" \/><\/a><\/span><\/div><\/div><\/div><\/div><\/div><\/div><\/p>\n","protected":false},"excerpt":{"rendered":"","protected":false},"author":1,"featured_media":0,"parent":1386,"menu_order":0,"comment_status":"closed","ping_status":"closed","template":"100-width.php","meta":{"footnotes":""},"class_list":["post-1387","page","type-page","status-publish","hentry"],"yoast_head":"<!-- This site is optimized with the Yoast SEO plugin v27.4 - https:\/\/yoast.com\/product\/yoast-seo-wordpress\/ -->\n<title>Breast Aesthetics \u2013 Plastic and Aesthetic Surgery \u2013 Kesler Clinic<\/title>\n<meta name=\"description\" content=\"At Kesler Clinic, different plastic and aesthetic surgery applications such as breast augmentation, breast reduction and breast aesthetics such as gynecomastia are carried out with a professional team.\" \/>\n<meta name=\"robots\" content=\"index, follow, max-snippet:-1, max-image-preview:large, max-video-preview:-1\" \/>\n<link rel=\"canonical\" href=\"https:\/\/www.keslerclinic.com\/en\/plastic-and-aesthetic-surgery\/breast-aesthetics\/\" \/>\n<meta property=\"og:locale\" content=\"en_US\" \/>\n<meta property=\"og:type\" content=\"article\" \/>\n<meta property=\"og:title\" content=\"Breast Aesthetics \u2013 Plastic and Aesthetic Surgery \u2013 Kesler Clinic\" \/>\n<meta property=\"og:description\" content=\"At Kesler Clinic, different plastic and aesthetic surgery applications such as breast augmentation, breast reduction and breast aesthetics such as gynecomastia are carried out with a professional team.\" \/>\n<meta property=\"og:url\" content=\"https:\/\/www.keslerclinic.com\/en\/plastic-and-aesthetic-surgery\/breast-aesthetics\/\" \/>\n<meta property=\"og:site_name\" content=\"Kesler Clinic\" \/>\n<meta property=\"article:publisher\" content=\"https:\/\/www.facebook.com\/keslerclinic\/\" \/>\n<meta property=\"article:modified_time\" content=\"2020-08-03T17:20:21+00:00\" \/>\n<meta name=\"twitter:card\" content=\"summary_large_image\" \/>\n<meta name=\"twitter:label1\" content=\"Est. reading time\" \/>\n\t<meta name=\"twitter:data1\" content=\"14 minutes\" \/>\n<script type=\"application\/ld+json\" class=\"yoast-schema-graph\">{\"@context\":\"https:\\\/\\\/schema.org\",\"@graph\":[{\"@type\":\"WebPage\",\"@id\":\"https:\\\/\\\/www.keslerclinic.com\\\/en\\\/plastic-and-aesthetic-surgery\\\/breast-aesthetics\\\/\",\"url\":\"https:\\\/\\\/www.keslerclinic.com\\\/en\\\/plastic-and-aesthetic-surgery\\\/breast-aesthetics\\\/\",\"name\":\"Breast Aesthetics \u2013 Plastic and Aesthetic Surgery \u2013 Kesler Clinic\",\"isPartOf\":{\"@id\":\"https:\\\/\\\/www.keslerclinic.com\\\/#website\"},\"datePublished\":\"2020-01-30T09:44:40+00:00\",\"dateModified\":\"2020-08-03T17:20:21+00:00\",\"description\":\"At Kesler Clinic, different plastic and aesthetic surgery applications such as breast augmentation, breast reduction and breast aesthetics such as gynecomastia are carried out with a professional team.\",\"breadcrumb\":{\"@id\":\"https:\\\/\\\/www.keslerclinic.com\\\/en\\\/plastic-and-aesthetic-surgery\\\/breast-aesthetics\\\/#breadcrumb\"},\"inLanguage\":\"en-US\",\"potentialAction\":[{\"@type\":\"ReadAction\",\"target\":[\"https:\\\/\\\/www.keslerclinic.com\\\/en\\\/plastic-and-aesthetic-surgery\\\/breast-aesthetics\\\/\"]}]},{\"@type\":\"BreadcrumbList\",\"@id\":\"https:\\\/\\\/www.keslerclinic.com\\\/en\\\/plastic-and-aesthetic-surgery\\\/breast-aesthetics\\\/#breadcrumb\",\"itemListElement\":[{\"@type\":\"ListItem\",\"position\":1,\"name\":\"Ana sayfa\",\"item\":\"https:\\\/\\\/www.keslerclinic.com\\\/en\\\/main\\\/\"},{\"@type\":\"ListItem\",\"position\":2,\"name\":\"Plastic and Aesthetic Surgery\",\"item\":\"https:\\\/\\\/www.keslerclinic.com\\\/en\\\/plastic-and-aesthetic-surgery\\\/\"},{\"@type\":\"ListItem\",\"position\":3,\"name\":\"Breast Aesthetics\"}]},{\"@type\":\"WebSite\",\"@id\":\"https:\\\/\\\/www.keslerclinic.com\\\/#website\",\"url\":\"https:\\\/\\\/www.keslerclinic.com\\\/\",\"name\":\"Kesler Clinic\",\"description\":\"Obezite Cerrahisi, Diyabet Cerrahisi, Plastik ve Estetik Cerrahi, Sa\u00e7 Ekimi, Di\u015f Tedavileri, Onkoloji\",\"potentialAction\":[{\"@type\":\"SearchAction\",\"target\":{\"@type\":\"EntryPoint\",\"urlTemplate\":\"https:\\\/\\\/www.keslerclinic.com\\\/?s={search_term_string}\"},\"query-input\":{\"@type\":\"PropertyValueSpecification\",\"valueRequired\":true,\"valueName\":\"search_term_string\"}}],\"inLanguage\":\"en-US\"}]}<\/script>\n<!-- \/ Yoast SEO plugin. -->","yoast_head_json":{"title":"Breast Aesthetics \u2013 Plastic and Aesthetic Surgery \u2013 Kesler Clinic","description":"At Kesler Clinic, different plastic and aesthetic surgery applications such as breast augmentation, breast reduction and breast aesthetics such as gynecomastia are carried out with a professional team.","robots":{"index":"index","follow":"follow","max-snippet":"max-snippet:-1","max-image-preview":"max-image-preview:large","max-video-preview":"max-video-preview:-1"},"canonical":"https:\/\/www.keslerclinic.com\/en\/plastic-and-aesthetic-surgery\/breast-aesthetics\/","og_locale":"en_US","og_type":"article","og_title":"Breast Aesthetics \u2013 Plastic and Aesthetic Surgery \u2013 Kesler Clinic","og_description":"At Kesler Clinic, different plastic and aesthetic surgery applications such as breast augmentation, breast reduction and breast aesthetics such as gynecomastia are carried out with a professional team.","og_url":"https:\/\/www.keslerclinic.com\/en\/plastic-and-aesthetic-surgery\/breast-aesthetics\/","og_site_name":"Kesler Clinic","article_publisher":"https:\/\/www.facebook.com\/keslerclinic\/","article_modified_time":"2020-08-03T17:20:21+00:00","twitter_card":"summary_large_image","twitter_misc":{"Est. reading time":"14 minutes"},"schema":{"@context":"https:\/\/schema.org","@graph":[{"@type":"WebPage","@id":"https:\/\/www.keslerclinic.com\/en\/plastic-and-aesthetic-surgery\/breast-aesthetics\/","url":"https:\/\/www.keslerclinic.com\/en\/plastic-and-aesthetic-surgery\/breast-aesthetics\/","name":"Breast Aesthetics \u2013 Plastic and Aesthetic Surgery \u2013 Kesler Clinic","isPartOf":{"@id":"https:\/\/www.keslerclinic.com\/#website"},"datePublished":"2020-01-30T09:44:40+00:00","dateModified":"2020-08-03T17:20:21+00:00","description":"At Kesler Clinic, different plastic and aesthetic surgery applications such as breast augmentation, breast reduction and breast aesthetics such as gynecomastia are carried out with a professional team.","breadcrumb":{"@id":"https:\/\/www.keslerclinic.com\/en\/plastic-and-aesthetic-surgery\/breast-aesthetics\/#breadcrumb"},"inLanguage":"en-US","potentialAction":[{"@type":"ReadAction","target":["https:\/\/www.keslerclinic.com\/en\/plastic-and-aesthetic-surgery\/breast-aesthetics\/"]}]},{"@type":"BreadcrumbList","@id":"https:\/\/www.keslerclinic.com\/en\/plastic-and-aesthetic-surgery\/breast-aesthetics\/#breadcrumb","itemListElement":[{"@type":"ListItem","position":1,"name":"Ana sayfa","item":"https:\/\/www.keslerclinic.com\/en\/main\/"},{"@type":"ListItem","position":2,"name":"Plastic and Aesthetic Surgery","item":"https:\/\/www.keslerclinic.com\/en\/plastic-and-aesthetic-surgery\/"},{"@type":"ListItem","position":3,"name":"Breast Aesthetics"}]},{"@type":"WebSite","@id":"https:\/\/www.keslerclinic.com\/#website","url":"https:\/\/www.keslerclinic.com\/","name":"Kesler Clinic","description":"Obezite Cerrahisi, Diyabet Cerrahisi, Plastik ve Estetik Cerrahi, Sa\u00e7 Ekimi, Di\u015f Tedavileri, Onkoloji","potentialAction":[{"@type":"SearchAction","target":{"@type":"EntryPoint","urlTemplate":"https:\/\/www.keslerclinic.com\/?s={search_term_string}"},"query-input":{"@type":"PropertyValueSpecification","valueRequired":true,"valueName":"search_term_string"}}],"inLanguage":"en-US"}]}},"_links":{"self":[{"href":"https:\/\/www.keslerclinic.com\/en\/wp-json\/wp\/v2\/pages\/1387","targetHints":{"allow":["GET"]}}],"collection":[{"href":"https:\/\/www.keslerclinic.com\/en\/wp-json\/wp\/v2\/pages"}],"about":[{"href":"https:\/\/www.keslerclinic.com\/en\/wp-json\/wp\/v2\/types\/page"}],"author":[{"embeddable":true,"href":"https:\/\/www.keslerclinic.com\/en\/wp-json\/wp\/v2\/users\/1"}],"replies":[{"embeddable":true,"href":"https:\/\/www.keslerclinic.com\/en\/wp-json\/wp\/v2\/comments?post=1387"}],"version-history":[{"count":6,"href":"https:\/\/www.keslerclinic.com\/en\/wp-json\/wp\/v2\/pages\/1387\/revisions"}],"predecessor-version":[{"id":1555,"href":"https:\/\/www.keslerclinic.com\/en\/wp-json\/wp\/v2\/pages\/1387\/revisions\/1555"}],"up":[{"embeddable":true,"href":"https:\/\/www.keslerclinic.com\/en\/wp-json\/wp\/v2\/pages\/1386"}],"wp:attachment":[{"href":"https:\/\/www.keslerclinic.com\/en\/wp-json\/wp\/v2\/media?parent=1387"}],"curies":[{"name":"wp","href":"https:\/\/api.w.org\/{rel}","templated":true}]}}