{"id":1992,"date":"2021-09-21T12:15:02","date_gmt":"2021-09-21T09:15:02","guid":{"rendered":"https:\/\/www.keslerclinic.com\/?page_id=1992"},"modified":"2021-09-21T12:15:02","modified_gmt":"2021-09-21T09:15:02","slug":"gesichtsaesthetik","status":"publish","type":"page","link":"https:\/\/www.keslerclinic.com\/de\/plastische-und-aesthetische-chirurgie\/gesichtsaesthetik\/","title":{"rendered":"Gesichts\u00e4sthetik"},"content":{"rendered":"<p><div class=\"fusion-fullwidth fullwidth-box fusion-builder-row-1 fusion-flex-container nonhundred-percent-fullwidth non-hundred-percent-height-scrolling\" style=\"--awb-border-radius-top-left:0px;--awb-border-radius-top-right:0px;--awb-border-radius-bottom-right:0px;--awb-border-radius-bottom-left:0px;--awb-flex-wrap:wrap;\" ><div class=\"fusion-builder-row fusion-row fusion-flex-align-items-flex-start fusion-flex-content-wrap\" style=\"max-width:1216.8px;margin-left: calc(-4% \/ 2 );margin-right: calc(-4% \/ 2 );\"><div class=\"fusion-layout-column fusion_builder_column fusion-builder-column-0 fusion_builder_column_2_3 2_3 fusion-flex-column\" style=\"--awb-bg-size:cover;--awb-width-large:66.666666666667%;--awb-margin-top-large:0px;--awb-spacing-right-large:2.88%;--awb-margin-bottom-large:30px;--awb-spacing-left-large:2.88%;--awb-width-medium:66.666666666667%;--awb-spacing-right-medium:2.88%;--awb-spacing-left-medium:2.88%;--awb-width-small:100%;--awb-spacing-right-small:1.92%;--awb-spacing-left-small:1.92%;\"><div class=\"fusion-column-wrapper fusion-column-has-shadow fusion-flex-justify-content-flex-start fusion-content-layout-column\"><div class=\"fusion-title title fusion-title-1 fusion-sep-none fusion-title-highlight fusion-animate-once fusion-highlight-underline_zigzag fusion-title-size-two\" style=\"--awb-highlight-color:#3e69b3;\" data-highlight=\"underline_zigzag\"><h2 class=\"fusion-title-heading title-heading-left fusion-responsive-typography-calculated\" style=\"margin:0;--fontSize:46;line-height:1.25;\"><span class=\"fusion-highlighted-text-prefix\"><\/span> <span class=\"fusion-highlighted-text-wrapper\"><span class=\"fusion-highlighted-text\">Gesichts\u00e4sthetik <\/span><svg xmlns=\"http:\/\/www.w3.org\/2000\/svg\" viewBox=\"0 0 500 150\" preserveAspectRatio=\"none\"><path d=\"M6.1,133.6c0,0,173.4-20.6,328.3-14.5c154.8,6.1,162.2,8.7,162.2,8.7s-262.6-4.9-339.2,13.9 c0,0,113.8-6.1,162.9,6.9\"><\/path><\/svg><\/span> <span class=\"fusion-highlighted-text-postfix\"><\/span><\/h2><\/div><div class=\"fusion-separator fusion-full-width-sep\" style=\"align-self: center;margin-left: auto;margin-right: auto;margin-top:30px;margin-bottom:5px;width:100%;\"><\/div><\/div><\/div><\/div><\/div><div class=\"fusion-fullwidth fullwidth-box fusion-builder-row-2 fusion-flex-container nonhundred-percent-fullwidth non-hundred-percent-height-scrolling\" style=\"--awb-border-radius-top-left:0px;--awb-border-radius-top-right:0px;--awb-border-radius-bottom-right:0px;--awb-border-radius-bottom-left:0px;--awb-flex-wrap:wrap;\" ><div class=\"fusion-builder-row fusion-row fusion-flex-align-items-flex-start fusion-flex-content-wrap\" style=\"max-width:1216.8px;margin-left: calc(-4% \/ 2 );margin-right: calc(-4% \/ 2 );\"><div class=\"fusion-layout-column fusion_builder_column fusion-builder-column-1 fusion_builder_column_2_3 2_3 fusion-flex-column\" style=\"--awb-bg-size:cover;--awb-width-large:66.666666666667%;--awb-margin-top-large:0px;--awb-spacing-right-large:2.88%;--awb-margin-bottom-large:30px;--awb-spacing-left-large:2.88%;--awb-width-medium:66.666666666667%;--awb-spacing-right-medium:2.88%;--awb-spacing-left-medium:2.88%;--awb-width-small:100%;--awb-spacing-right-small:1.92%;--awb-spacing-left-small:1.92%;\"><div class=\"fusion-column-wrapper fusion-column-has-shadow fusion-flex-justify-content-flex-start fusion-content-layout-column\"><div class=\"fusion-text fusion-text-1\"><p><strong>NASENKORREKTUR<\/strong><\/p>\n<p>Obwohl man bei der \u00e4sthetischen Nasenkorrektur an die Verkleinerung der Nase denkt, ist die Nasenkorrektur ein allgemeines Konzept, das viele verschiedene Operationen umfasst, wie die Vergr\u00f6\u00dferung der Nase, das Formen der Nasenspitze und die \u00c4nderung der Position der Nase im Gesicht.<\/p>\n<p>Eine Nasenkorrektur kann Deformit\u00e4ten, ob entwicklungsbedingt oder posttraumatisch, sowie einige Atemprobleme reduzieren. Diese Operationen, bei denen auch Atemprobleme gezielt werden, nennt man funktionelle Rhinoplastik.<\/p>\n<p>\u00c4sthetische Nasenoperationen k\u00f6nnen in \u00f6rtlicher Bet\u00e4ubung oder Vollnarkose durchgef\u00fchrt werden, abh\u00e4ngig von den durchzuf\u00fchrenden Eingriffen. Die Dauer der Nasenkorrekturen betr\u00e4gt 2 Stunden, abh\u00e4ngig von der Anzahl der durchzuf\u00fchrenden Operationen. Wenn die Operation in \u00f6rtlicher Bet\u00e4ubung durchgef\u00fchrt wurde, k\u00f6nnen Sie noch am selben Tag nach Hause zur\u00fcckkehren. Bei Patienten, die sich einer Vollnarkose unterziehen, ist ein Krankenhausaufenthalt von 1 Nacht angemessen. Postoperative Schmerzen sind in der Regel leichte Schmerzen, die in den ersten 24 Stunden durch einfache Schmerzmittel gelindert werden. Die Operation wird mit intranasaler Tamponade und Nasenpflaster beendet. Tampons werden innerhalb von 2 Tagen entfernt. Das Pflaster auf der Nase wird nach 1 Woche entfernt. Bei Bedarf kann f\u00fcr 3-4 Tage ein zweites Pflaster angelegt werden. Bluterg\u00fcsse und Schwellungen unter den Augen nach einer Nasenkorrektur variieren je nach Inhalt der Operation.<\/p>\n<p>Bei einem Eingriff nur an der Nasenspitze oder am Nasenknorpel sind Bluterg\u00fcsse und Schwellungen nicht zu erwarten. Beim Eingriff am Knochenteil k\u00f6nnen jedoch f\u00fcr 2-3 Tage leichte Schwellungen und Bluterg\u00fcsse auftreten.<\/p>\n<\/div><\/div><\/div><div class=\"fusion-layout-column fusion_builder_column fusion-builder-column-2 fusion_builder_column_1_3 1_3 fusion-flex-column\" style=\"--awb-bg-position:center center;--awb-bg-size:cover;--awb-width-large:33.333333333333%;--awb-margin-top-large:0px;--awb-spacing-right-large:5.76%;--awb-margin-bottom-large:30px;--awb-spacing-left-large:5.76%;--awb-width-medium:33.333333333333%;--awb-spacing-right-medium:5.76%;--awb-spacing-left-medium:5.76%;--awb-width-small:100%;--awb-spacing-right-small:1.92%;--awb-spacing-left-small:1.92%;\"><div class=\"fusion-column-wrapper fusion-column-has-shadow fusion-flex-justify-content-flex-start fusion-content-layout-column\"><div class=\"fusion-separator fusion-full-width-sep\" style=\"align-self: center;margin-left: auto;margin-right: auto;margin-top:30px;margin-bottom:20px;width:100%;\"><\/div><div class=\"fusion-image-element \" style=\"text-align:center;--awb-liftup-border-radius:0px;--awb-caption-title-font-family:var(--h2_typography-font-family);--awb-caption-title-font-weight:var(--h2_typography-font-weight);--awb-caption-title-font-style:var(--h2_typography-font-style);--awb-caption-title-size:var(--h2_typography-font-size);--awb-caption-title-transform:var(--h2_typography-text-transform);--awb-caption-title-line-height:var(--h2_typography-line-height);--awb-caption-title-letter-spacing:var(--h2_typography-letter-spacing);\"><div class=\"awb-image-frame awb-image-frame-1 imageframe-liftup\"><span class=\" fusion-imageframe imageframe-none imageframe-1\"><a href=\"http:\/\/www.keslerclinic.com\/wp-content\/uploads\/burun_estetigi.jpg\" class=\"fusion-lightbox\" data-rel=\"iLightbox[3f248bfc446755705f4]\" data-caption=\"Burun Esteti\u011fi Kesler Clinic\" data-title=\"Burun Esteti\u011fi Kesler Clinic\" title=\"Burun Esteti\u011fi Kesler Clinic\"><img decoding=\"async\" width=\"1000\" height=\"582\" alt=\"Burun Esteti\u011fi Kesler Clinic\" src=\"https:\/\/www.keslerclinic.com\/wp-content\/uploads\/burun_estetigi.jpg\" data-orig-src=\"http:\/\/www.keslerclinic.com\/wp-content\/uploads\/burun_estetigi.jpg\" class=\"lazyload img-responsive wp-image-1164\" srcset=\"data:image\/svg+xml,%3Csvg%20xmlns%3D%27http%3A%2F%2Fwww.w3.org%2F2000%2Fsvg%27%20width%3D%271000%27%20height%3D%27582%27%20viewBox%3D%270%200%201000%20582%27%3E%3Crect%20width%3D%271000%27%20height%3D%27582%27%20fill-opacity%3D%220%22%2F%3E%3C%2Fsvg%3E\" data-srcset=\"https:\/\/www.keslerclinic.com\/wp-content\/uploads\/burun_estetigi-200x116.jpg 200w, https:\/\/www.keslerclinic.com\/wp-content\/uploads\/burun_estetigi-400x233.jpg 400w, https:\/\/www.keslerclinic.com\/wp-content\/uploads\/burun_estetigi-600x349.jpg 600w, https:\/\/www.keslerclinic.com\/wp-content\/uploads\/burun_estetigi-800x466.jpg 800w, https:\/\/www.keslerclinic.com\/wp-content\/uploads\/burun_estetigi.jpg 1000w\" data-sizes=\"auto\" data-orig-sizes=\"(max-width: 640px) 100vw, 400px\" \/><\/a><\/span><\/div><\/div><\/div><\/div><\/div><\/div><div class=\"fusion-fullwidth fullwidth-box fusion-builder-row-3 fusion-flex-container nonhundred-percent-fullwidth non-hundred-percent-height-scrolling\" style=\"--awb-border-radius-top-left:0px;--awb-border-radius-top-right:0px;--awb-border-radius-bottom-right:0px;--awb-border-radius-bottom-left:0px;--awb-flex-wrap:wrap;\" ><div class=\"fusion-builder-row fusion-row fusion-flex-align-items-flex-start fusion-flex-content-wrap\" style=\"max-width:1216.8px;margin-left: calc(-4% \/ 2 );margin-right: calc(-4% \/ 2 );\"><div class=\"fusion-layout-column fusion_builder_column fusion-builder-column-3 fusion_builder_column_2_3 2_3 fusion-flex-column\" style=\"--awb-bg-size:cover;--awb-width-large:66.666666666667%;--awb-margin-top-large:0px;--awb-spacing-right-large:2.88%;--awb-margin-bottom-large:30px;--awb-spacing-left-large:2.88%;--awb-width-medium:66.666666666667%;--awb-spacing-right-medium:2.88%;--awb-spacing-left-medium:2.88%;--awb-width-small:100%;--awb-spacing-right-small:1.92%;--awb-spacing-left-small:1.92%;\"><div class=\"fusion-column-wrapper fusion-column-has-shadow fusion-flex-justify-content-flex-start fusion-content-layout-column\"><div class=\"fusion-text fusion-text-2\"><p><strong>AUGENLID\u00c4STHETIK<\/strong><\/p>\n<p>Aufgrund der genetischen Veranlagung oder des fortschreitenden Alters kann es zu Erschlaffung und Einsacken der Augenlider kommen. Solche Missbildungen beeinflussen den Ausdruck der Person sehr.<\/p>\n<p>Ein junges und lebendiges Aussehen, zusammen mit Erschlaffen und Einsacken, kann die Person \u00e4lter und ersch\u00f6pft aussehen lassen, als sie tats\u00e4chlich ist.<\/p>\n<p>Blepharoplastik ist die Operation, die durchgef\u00fchrt wird, um diese Verformungen zu beseitigen.<\/p>\n<\/div><\/div><\/div><div class=\"fusion-layout-column fusion_builder_column fusion-builder-column-4 fusion_builder_column_1_3 1_3 fusion-flex-column\" style=\"--awb-bg-position:center center;--awb-bg-size:cover;--awb-width-large:33.333333333333%;--awb-margin-top-large:0px;--awb-spacing-right-large:5.76%;--awb-margin-bottom-large:30px;--awb-spacing-left-large:5.76%;--awb-width-medium:33.333333333333%;--awb-spacing-right-medium:5.76%;--awb-spacing-left-medium:5.76%;--awb-width-small:100%;--awb-spacing-right-small:1.92%;--awb-spacing-left-small:1.92%;\"><div class=\"fusion-column-wrapper fusion-column-has-shadow fusion-flex-justify-content-flex-start fusion-content-layout-column\"><div class=\"fusion-separator fusion-full-width-sep\" style=\"align-self: center;margin-left: auto;margin-right: auto;margin-top:30px;margin-bottom:20px;width:100%;\"><\/div><div class=\"fusion-image-element \" style=\"text-align:center;--awb-liftup-border-radius:0px;--awb-caption-title-font-family:var(--h2_typography-font-family);--awb-caption-title-font-weight:var(--h2_typography-font-weight);--awb-caption-title-font-style:var(--h2_typography-font-style);--awb-caption-title-size:var(--h2_typography-font-size);--awb-caption-title-transform:var(--h2_typography-text-transform);--awb-caption-title-line-height:var(--h2_typography-line-height);--awb-caption-title-letter-spacing:var(--h2_typography-letter-spacing);\"><div class=\"awb-image-frame awb-image-frame-2 imageframe-liftup\"><span class=\" fusion-imageframe imageframe-none imageframe-2\"><a href=\"http:\/\/www.keslerclinic.com\/wp-content\/uploads\/goz_kapagi_estetigi.jpg\" class=\"fusion-lightbox\" data-rel=\"iLightbox[a49a6e1b40fdb1c13bd]\" data-caption=\"G\u00f6z Kapa\u011f\u0131 Esteti\u011fi Kesler Clinic\" data-title=\"G\u00f6z Kapa\u011f\u0131 Esteti\u011fi Kesler Clinic\" title=\"G\u00f6z Kapa\u011f\u0131 Esteti\u011fi Kesler Clinic\"><img decoding=\"async\" width=\"1000\" height=\"582\" alt=\"G\u00f6z Kapa\u011f\u0131 Esteti\u011fi Kesler Clinic\" src=\"https:\/\/www.keslerclinic.com\/wp-content\/uploads\/goz_kapagi_estetigi.jpg\" data-orig-src=\"http:\/\/www.keslerclinic.com\/wp-content\/uploads\/goz_kapagi_estetigi.jpg\" class=\"lazyload img-responsive wp-image-1167\" srcset=\"data:image\/svg+xml,%3Csvg%20xmlns%3D%27http%3A%2F%2Fwww.w3.org%2F2000%2Fsvg%27%20width%3D%271000%27%20height%3D%27582%27%20viewBox%3D%270%200%201000%20582%27%3E%3Crect%20width%3D%271000%27%20height%3D%27582%27%20fill-opacity%3D%220%22%2F%3E%3C%2Fsvg%3E\" data-srcset=\"https:\/\/www.keslerclinic.com\/wp-content\/uploads\/goz_kapagi_estetigi-200x116.jpg 200w, https:\/\/www.keslerclinic.com\/wp-content\/uploads\/goz_kapagi_estetigi-400x233.jpg 400w, https:\/\/www.keslerclinic.com\/wp-content\/uploads\/goz_kapagi_estetigi-600x349.jpg 600w, https:\/\/www.keslerclinic.com\/wp-content\/uploads\/goz_kapagi_estetigi-800x466.jpg 800w, https:\/\/www.keslerclinic.com\/wp-content\/uploads\/goz_kapagi_estetigi.jpg 1000w\" data-sizes=\"auto\" data-orig-sizes=\"(max-width: 640px) 100vw, 400px\" \/><\/a><\/span><\/div><\/div><\/div><\/div><\/div><\/div><div class=\"fusion-fullwidth fullwidth-box fusion-builder-row-4 fusion-flex-container nonhundred-percent-fullwidth non-hundred-percent-height-scrolling\" style=\"--awb-border-radius-top-left:0px;--awb-border-radius-top-right:0px;--awb-border-radius-bottom-right:0px;--awb-border-radius-bottom-left:0px;--awb-flex-wrap:wrap;\" ><div class=\"fusion-builder-row fusion-row fusion-flex-align-items-flex-start fusion-flex-content-wrap\" style=\"max-width:1216.8px;margin-left: calc(-4% \/ 2 );margin-right: calc(-4% \/ 2 );\"><div class=\"fusion-layout-column fusion_builder_column fusion-builder-column-5 fusion_builder_column_2_3 2_3 fusion-flex-column\" style=\"--awb-bg-size:cover;--awb-width-large:66.666666666667%;--awb-margin-top-large:0px;--awb-spacing-right-large:2.88%;--awb-margin-bottom-large:30px;--awb-spacing-left-large:2.88%;--awb-width-medium:66.666666666667%;--awb-spacing-right-medium:2.88%;--awb-spacing-left-medium:2.88%;--awb-width-small:100%;--awb-spacing-right-small:1.92%;--awb-spacing-left-small:1.92%;\"><div class=\"fusion-column-wrapper fusion-column-has-shadow fusion-flex-justify-content-flex-start fusion-content-layout-column\"><div class=\"fusion-text fusion-text-3\"><p><strong>OHREN\u00c4STHETIK<\/strong><\/p>\n<p>Da sich die Ohrmuscheln zu beiden Seiten des Kopfes in einem engen Winkel befinden, ziehen sie aus der sozialen Kommunikationsdistanz nicht die direkte Aufmerksamkeit der Person vor uns auf sich.<\/p>\n<p>Wenn dieser enge Winkel (30-35 Grad) jedoch zunimmt, scheint das Ohr nach vorne zu ragen und zieht die Aufmerksamkeit der anderen Person auf sich. Dies kann der Person Unbehagen bereiten.<\/p>\n<p>Die Otoplastik ist eine Operation, die durchgef\u00fchrt wird, um den weiten Winkel zwischen Ohr und Kopfhaut zu verengen, sodass dem Ohr ein normales und unauff\u00e4lliges Aussehen verliehen wird.<\/p>\n<\/div><\/div><\/div><div class=\"fusion-layout-column fusion_builder_column fusion-builder-column-6 fusion_builder_column_1_3 1_3 fusion-flex-column\" style=\"--awb-bg-position:center center;--awb-bg-size:cover;--awb-width-large:33.333333333333%;--awb-margin-top-large:0px;--awb-spacing-right-large:5.76%;--awb-margin-bottom-large:30px;--awb-spacing-left-large:5.76%;--awb-width-medium:33.333333333333%;--awb-spacing-right-medium:5.76%;--awb-spacing-left-medium:5.76%;--awb-width-small:100%;--awb-spacing-right-small:1.92%;--awb-spacing-left-small:1.92%;\"><div class=\"fusion-column-wrapper fusion-column-has-shadow fusion-flex-justify-content-flex-start fusion-content-layout-column\"><div class=\"fusion-separator fusion-full-width-sep\" style=\"align-self: center;margin-left: auto;margin-right: auto;margin-top:30px;margin-bottom:20px;width:100%;\"><\/div><div class=\"fusion-image-element \" style=\"text-align:center;--awb-liftup-border-radius:0px;--awb-caption-title-font-family:var(--h2_typography-font-family);--awb-caption-title-font-weight:var(--h2_typography-font-weight);--awb-caption-title-font-style:var(--h2_typography-font-style);--awb-caption-title-size:var(--h2_typography-font-size);--awb-caption-title-transform:var(--h2_typography-text-transform);--awb-caption-title-line-height:var(--h2_typography-line-height);--awb-caption-title-letter-spacing:var(--h2_typography-letter-spacing);\"><div class=\"awb-image-frame awb-image-frame-3 imageframe-liftup\"><span class=\" fusion-imageframe imageframe-none imageframe-3\"><a href=\"http:\/\/www.keslerclinic.com\/wp-content\/uploads\/kulak_estetigi.jpg\" class=\"fusion-lightbox\" data-rel=\"iLightbox[a2ca483b2616a132184]\" data-caption=\"Kulak Esteti\u011fi Kesler Clinic\" data-title=\"Kulak Esteti\u011fi Kesler Clinic\" title=\"Kulak Esteti\u011fi Kesler Clinic\"><img decoding=\"async\" width=\"1000\" height=\"582\" alt=\"Kulak Esteti\u011fi Kesler Clinic\" src=\"https:\/\/www.keslerclinic.com\/wp-content\/uploads\/kulak_estetigi.jpg\" data-orig-src=\"http:\/\/www.keslerclinic.com\/wp-content\/uploads\/kulak_estetigi.jpg\" class=\"lazyload img-responsive wp-image-1174\" srcset=\"data:image\/svg+xml,%3Csvg%20xmlns%3D%27http%3A%2F%2Fwww.w3.org%2F2000%2Fsvg%27%20width%3D%271000%27%20height%3D%27582%27%20viewBox%3D%270%200%201000%20582%27%3E%3Crect%20width%3D%271000%27%20height%3D%27582%27%20fill-opacity%3D%220%22%2F%3E%3C%2Fsvg%3E\" data-srcset=\"https:\/\/www.keslerclinic.com\/wp-content\/uploads\/kulak_estetigi-200x116.jpg 200w, https:\/\/www.keslerclinic.com\/wp-content\/uploads\/kulak_estetigi-400x233.jpg 400w, https:\/\/www.keslerclinic.com\/wp-content\/uploads\/kulak_estetigi-600x349.jpg 600w, https:\/\/www.keslerclinic.com\/wp-content\/uploads\/kulak_estetigi-800x466.jpg 800w, https:\/\/www.keslerclinic.com\/wp-content\/uploads\/kulak_estetigi.jpg 1000w\" data-sizes=\"auto\" data-orig-sizes=\"(max-width: 640px) 100vw, 400px\" \/><\/a><\/span><\/div><\/div><\/div><\/div><\/div><\/div><\/p>\n","protected":false},"excerpt":{"rendered":"","protected":false},"author":1,"featured_media":0,"parent":1980,"menu_order":0,"comment_status":"closed","ping_status":"closed","template":"100-width.php","meta":{"footnotes":""},"class_list":["post-1992","page","type-page","status-publish","hentry"],"yoast_head":"<!-- This site is optimized with the Yoast SEO plugin v27.4 - https:\/\/yoast.com\/product\/yoast-seo-wordpress\/ -->\n<title>Gesichts\u00e4sthetik - Kesler Clinic Obezite Cerrahisi, \u00c7erkezk\u00f6y<\/title>\n<meta name=\"robots\" content=\"index, follow, max-snippet:-1, max-image-preview:large, max-video-preview:-1\" \/>\n<link rel=\"canonical\" href=\"https:\/\/www.keslerclinic.com\/de\/plastische-und-aesthetische-chirurgie\/gesichtsaesthetik\/\" \/>\n<meta property=\"og:locale\" content=\"de_DE\" \/>\n<meta property=\"og:type\" content=\"article\" \/>\n<meta property=\"og:title\" content=\"Gesichts\u00e4sthetik - Kesler Clinic Obezite Cerrahisi, \u00c7erkezk\u00f6y\" \/>\n<meta property=\"og:url\" content=\"https:\/\/www.keslerclinic.com\/de\/plastische-und-aesthetische-chirurgie\/gesichtsaesthetik\/\" \/>\n<meta property=\"og:site_name\" content=\"Kesler Clinic\" \/>\n<meta property=\"article:publisher\" content=\"https:\/\/www.facebook.com\/keslerclinic\/\" \/>\n<meta name=\"twitter:card\" content=\"summary_large_image\" \/>\n<meta name=\"twitter:label1\" content=\"Gesch\u00e4tzte Lesezeit\" \/>\n\t<meta name=\"twitter:data1\" content=\"16\u00a0Minuten\" \/>\n<script type=\"application\/ld+json\" class=\"yoast-schema-graph\">{\"@context\":\"https:\\\/\\\/schema.org\",\"@graph\":[{\"@type\":\"WebPage\",\"@id\":\"https:\\\/\\\/www.keslerclinic.com\\\/de\\\/plastische-und-aesthetische-chirurgie\\\/gesichtsaesthetik\\\/\",\"url\":\"https:\\\/\\\/www.keslerclinic.com\\\/de\\\/plastische-und-aesthetische-chirurgie\\\/gesichtsaesthetik\\\/\",\"name\":\"Gesichts\u00e4sthetik - Kesler Clinic Obezite Cerrahisi, \u00c7erkezk\u00f6y\",\"isPartOf\":{\"@id\":\"https:\\\/\\\/www.keslerclinic.com\\\/#website\"},\"datePublished\":\"2021-09-21T09:15:02+00:00\",\"breadcrumb\":{\"@id\":\"https:\\\/\\\/www.keslerclinic.com\\\/de\\\/plastische-und-aesthetische-chirurgie\\\/gesichtsaesthetik\\\/#breadcrumb\"},\"inLanguage\":\"de\",\"potentialAction\":[{\"@type\":\"ReadAction\",\"target\":[\"https:\\\/\\\/www.keslerclinic.com\\\/de\\\/plastische-und-aesthetische-chirurgie\\\/gesichtsaesthetik\\\/\"]}]},{\"@type\":\"BreadcrumbList\",\"@id\":\"https:\\\/\\\/www.keslerclinic.com\\\/de\\\/plastische-und-aesthetische-chirurgie\\\/gesichtsaesthetik\\\/#breadcrumb\",\"itemListElement\":[{\"@type\":\"ListItem\",\"position\":1,\"name\":\"Ana sayfa\",\"item\":\"https:\\\/\\\/www.keslerclinic.com\\\/de\\\/startseite\\\/\"},{\"@type\":\"ListItem\",\"position\":2,\"name\":\"Plastische und \u00c4sthetische Chirurgie\",\"item\":\"https:\\\/\\\/www.keslerclinic.com\\\/de\\\/plastische-und-aesthetische-chirurgie\\\/\"},{\"@type\":\"ListItem\",\"position\":3,\"name\":\"Gesichts\u00e4sthetik\"}]},{\"@type\":\"WebSite\",\"@id\":\"https:\\\/\\\/www.keslerclinic.com\\\/#website\",\"url\":\"https:\\\/\\\/www.keslerclinic.com\\\/\",\"name\":\"Kesler Clinic\",\"description\":\"Obezite Cerrahisi, Diyabet Cerrahisi, Plastik ve Estetik Cerrahi, Sa\u00e7 Ekimi, Di\u015f Tedavileri, Onkoloji\",\"potentialAction\":[{\"@type\":\"SearchAction\",\"target\":{\"@type\":\"EntryPoint\",\"urlTemplate\":\"https:\\\/\\\/www.keslerclinic.com\\\/?s={search_term_string}\"},\"query-input\":{\"@type\":\"PropertyValueSpecification\",\"valueRequired\":true,\"valueName\":\"search_term_string\"}}],\"inLanguage\":\"de\"}]}<\/script>\n<!-- \/ Yoast SEO plugin. -->","yoast_head_json":{"title":"Gesichts\u00e4sthetik - Kesler Clinic Obezite Cerrahisi, \u00c7erkezk\u00f6y","robots":{"index":"index","follow":"follow","max-snippet":"max-snippet:-1","max-image-preview":"max-image-preview:large","max-video-preview":"max-video-preview:-1"},"canonical":"https:\/\/www.keslerclinic.com\/de\/plastische-und-aesthetische-chirurgie\/gesichtsaesthetik\/","og_locale":"de_DE","og_type":"article","og_title":"Gesichts\u00e4sthetik - Kesler Clinic Obezite Cerrahisi, \u00c7erkezk\u00f6y","og_url":"https:\/\/www.keslerclinic.com\/de\/plastische-und-aesthetische-chirurgie\/gesichtsaesthetik\/","og_site_name":"Kesler Clinic","article_publisher":"https:\/\/www.facebook.com\/keslerclinic\/","twitter_card":"summary_large_image","twitter_misc":{"Gesch\u00e4tzte Lesezeit":"16\u00a0Minuten"},"schema":{"@context":"https:\/\/schema.org","@graph":[{"@type":"WebPage","@id":"https:\/\/www.keslerclinic.com\/de\/plastische-und-aesthetische-chirurgie\/gesichtsaesthetik\/","url":"https:\/\/www.keslerclinic.com\/de\/plastische-und-aesthetische-chirurgie\/gesichtsaesthetik\/","name":"Gesichts\u00e4sthetik - Kesler Clinic Obezite Cerrahisi, \u00c7erkezk\u00f6y","isPartOf":{"@id":"https:\/\/www.keslerclinic.com\/#website"},"datePublished":"2021-09-21T09:15:02+00:00","breadcrumb":{"@id":"https:\/\/www.keslerclinic.com\/de\/plastische-und-aesthetische-chirurgie\/gesichtsaesthetik\/#breadcrumb"},"inLanguage":"de","potentialAction":[{"@type":"ReadAction","target":["https:\/\/www.keslerclinic.com\/de\/plastische-und-aesthetische-chirurgie\/gesichtsaesthetik\/"]}]},{"@type":"BreadcrumbList","@id":"https:\/\/www.keslerclinic.com\/de\/plastische-und-aesthetische-chirurgie\/gesichtsaesthetik\/#breadcrumb","itemListElement":[{"@type":"ListItem","position":1,"name":"Ana sayfa","item":"https:\/\/www.keslerclinic.com\/de\/startseite\/"},{"@type":"ListItem","position":2,"name":"Plastische und \u00c4sthetische Chirurgie","item":"https:\/\/www.keslerclinic.com\/de\/plastische-und-aesthetische-chirurgie\/"},{"@type":"ListItem","position":3,"name":"Gesichts\u00e4sthetik"}]},{"@type":"WebSite","@id":"https:\/\/www.keslerclinic.com\/#website","url":"https:\/\/www.keslerclinic.com\/","name":"Kesler Clinic","description":"Obezite Cerrahisi, Diyabet Cerrahisi, Plastik ve Estetik Cerrahi, Sa\u00e7 Ekimi, Di\u015f Tedavileri, Onkoloji","potentialAction":[{"@type":"SearchAction","target":{"@type":"EntryPoint","urlTemplate":"https:\/\/www.keslerclinic.com\/?s={search_term_string}"},"query-input":{"@type":"PropertyValueSpecification","valueRequired":true,"valueName":"search_term_string"}}],"inLanguage":"de"}]}},"_links":{"self":[{"href":"https:\/\/www.keslerclinic.com\/de\/wp-json\/wp\/v2\/pages\/1992","targetHints":{"allow":["GET"]}}],"collection":[{"href":"https:\/\/www.keslerclinic.com\/de\/wp-json\/wp\/v2\/pages"}],"about":[{"href":"https:\/\/www.keslerclinic.com\/de\/wp-json\/wp\/v2\/types\/page"}],"author":[{"embeddable":true,"href":"https:\/\/www.keslerclinic.com\/de\/wp-json\/wp\/v2\/users\/1"}],"replies":[{"embeddable":true,"href":"https:\/\/www.keslerclinic.com\/de\/wp-json\/wp\/v2\/comments?post=1992"}],"version-history":[{"count":2,"href":"https:\/\/www.keslerclinic.com\/de\/wp-json\/wp\/v2\/pages\/1992\/revisions"}],"predecessor-version":[{"id":1994,"href":"https:\/\/www.keslerclinic.com\/de\/wp-json\/wp\/v2\/pages\/1992\/revisions\/1994"}],"up":[{"embeddable":true,"href":"https:\/\/www.keslerclinic.com\/de\/wp-json\/wp\/v2\/pages\/1980"}],"wp:attachment":[{"href":"https:\/\/www.keslerclinic.com\/de\/wp-json\/wp\/v2\/media?parent=1992"}],"curies":[{"name":"wp","href":"https:\/\/api.w.org\/{rel}","templated":true}]}}