{"id":1988,"date":"2021-09-21T12:09:05","date_gmt":"2021-09-21T09:09:05","guid":{"rendered":"https:\/\/www.keslerclinic.com\/?page_id=1988"},"modified":"2021-09-21T12:09:05","modified_gmt":"2021-09-21T09:09:05","slug":"brustaesthetik","status":"publish","type":"page","link":"https:\/\/www.keslerclinic.com\/de\/plastische-und-aesthetische-chirurgie\/brustaesthetik\/","title":{"rendered":"Brust\u00e4sthetik"},"content":{"rendered":"<p><div class=\"fusion-fullwidth fullwidth-box fusion-builder-row-1 fusion-flex-container nonhundred-percent-fullwidth non-hundred-percent-height-scrolling\" style=\"--awb-border-radius-top-left:0px;--awb-border-radius-top-right:0px;--awb-border-radius-bottom-right:0px;--awb-border-radius-bottom-left:0px;--awb-flex-wrap:wrap;\" ><div class=\"fusion-builder-row fusion-row fusion-flex-align-items-flex-start fusion-flex-content-wrap\" style=\"max-width:1216.8px;margin-left: calc(-4% \/ 2 );margin-right: calc(-4% \/ 2 );\"><div class=\"fusion-layout-column fusion_builder_column fusion-builder-column-0 fusion_builder_column_2_3 2_3 fusion-flex-column\" style=\"--awb-bg-size:cover;--awb-width-large:66.666666666667%;--awb-margin-top-large:0px;--awb-spacing-right-large:2.88%;--awb-margin-bottom-large:30px;--awb-spacing-left-large:2.88%;--awb-width-medium:66.666666666667%;--awb-spacing-right-medium:2.88%;--awb-spacing-left-medium:2.88%;--awb-width-small:100%;--awb-spacing-right-small:1.92%;--awb-spacing-left-small:1.92%;\"><div class=\"fusion-column-wrapper fusion-column-has-shadow fusion-flex-justify-content-flex-start fusion-content-layout-column\"><div class=\"fusion-title title fusion-title-1 fusion-sep-none fusion-title-highlight fusion-animate-once fusion-highlight-underline_zigzag fusion-title-size-two\" style=\"--awb-highlight-color:#3e69b3;\" data-highlight=\"underline_zigzag\"><h2 class=\"fusion-title-heading title-heading-left fusion-responsive-typography-calculated\" style=\"margin:0;--fontSize:46;line-height:1.25;\"><span class=\"fusion-highlighted-text-prefix\"><\/span> <span class=\"fusion-highlighted-text-wrapper\"><span class=\"fusion-highlighted-text\">Brust\u00e4sthetik<\/span><svg xmlns=\"http:\/\/www.w3.org\/2000\/svg\" viewBox=\"0 0 500 150\" preserveAspectRatio=\"none\"><path d=\"M6.1,133.6c0,0,173.4-20.6,328.3-14.5c154.8,6.1,162.2,8.7,162.2,8.7s-262.6-4.9-339.2,13.9 c0,0,113.8-6.1,162.9,6.9\"><\/path><\/svg><\/span> <span class=\"fusion-highlighted-text-postfix\"><\/span><\/h2><\/div><div class=\"fusion-separator fusion-full-width-sep\" style=\"align-self: center;margin-left: auto;margin-right: auto;margin-top:30px;margin-bottom:5px;width:100%;\"><\/div><\/div><\/div><\/div><\/div><div class=\"fusion-fullwidth fullwidth-box fusion-builder-row-2 fusion-flex-container nonhundred-percent-fullwidth non-hundred-percent-height-scrolling\" style=\"--awb-border-radius-top-left:0px;--awb-border-radius-top-right:0px;--awb-border-radius-bottom-right:0px;--awb-border-radius-bottom-left:0px;--awb-flex-wrap:wrap;\" ><div class=\"fusion-builder-row fusion-row fusion-flex-align-items-flex-start fusion-flex-content-wrap\" style=\"max-width:1216.8px;margin-left: calc(-4% \/ 2 );margin-right: calc(-4% \/ 2 );\"><div class=\"fusion-layout-column fusion_builder_column fusion-builder-column-1 fusion_builder_column_2_3 2_3 fusion-flex-column\" style=\"--awb-bg-size:cover;--awb-width-large:66.666666666667%;--awb-margin-top-large:0px;--awb-spacing-right-large:2.88%;--awb-margin-bottom-large:30px;--awb-spacing-left-large:2.88%;--awb-width-medium:66.666666666667%;--awb-spacing-right-medium:2.88%;--awb-spacing-left-medium:2.88%;--awb-width-small:100%;--awb-spacing-right-small:1.92%;--awb-spacing-left-small:1.92%;\"><div class=\"fusion-column-wrapper fusion-column-has-shadow fusion-flex-justify-content-flex-start fusion-content-layout-column\"><div class=\"fusion-text fusion-text-1\"><p><strong>BRUSTVERGR\u00d6SSERUNG<\/strong><\/p>\n<p>Die nat\u00fcrliche F\u00fclle der Br\u00fcste kann aufgrund genetischer Probleme oder des Stillens abnehmen. Insbesondere nach einer Geburt nach der anderen kann das Brustvolumen abnehmen und es kann zu Verformungen kommen.<\/p>\n<p>Es ist m\u00f6glich, die Form und das Volumen der Br\u00fcste mit Silikon-Brustimplantaten wiederherzustellen.<\/p>\n<p>Die Brust ist ein erogenes Organ. Sie bildet das wichtigste Bilddetail im weiblichen K\u00f6rperbau. Obwohl ihre Hauptfunktion darin besteht, zu stillen und Weiblichkeit zu symbolisieren, stellt sie das hervorstechendste Element der weiblichen Sch\u00f6nheit dar. Frauen, die ihre Br\u00fcste nicht sch\u00f6n finden, k\u00f6nnen sich unvollst\u00e4ndig f\u00fchlen. In diesem Fall ist die einzige L\u00f6sung eine Brustvergr\u00f6\u00dferung.<\/p>\n<\/div><\/div><\/div><div class=\"fusion-layout-column fusion_builder_column fusion-builder-column-2 fusion_builder_column_1_3 1_3 fusion-flex-column\" style=\"--awb-bg-position:center center;--awb-bg-size:cover;--awb-width-large:33.333333333333%;--awb-margin-top-large:0px;--awb-spacing-right-large:5.76%;--awb-margin-bottom-large:30px;--awb-spacing-left-large:5.76%;--awb-width-medium:33.333333333333%;--awb-spacing-right-medium:5.76%;--awb-spacing-left-medium:5.76%;--awb-width-small:100%;--awb-spacing-right-small:1.92%;--awb-spacing-left-small:1.92%;\"><div class=\"fusion-column-wrapper fusion-column-has-shadow fusion-flex-justify-content-flex-start fusion-content-layout-column\"><div class=\"fusion-separator fusion-full-width-sep\" style=\"align-self: center;margin-left: auto;margin-right: auto;margin-top:30px;margin-bottom:20px;width:100%;\"><\/div><div class=\"fusion-image-element \" style=\"text-align:center;--awb-liftup-border-radius:0px;--awb-caption-title-font-family:var(--h2_typography-font-family);--awb-caption-title-font-weight:var(--h2_typography-font-weight);--awb-caption-title-font-style:var(--h2_typography-font-style);--awb-caption-title-size:var(--h2_typography-font-size);--awb-caption-title-transform:var(--h2_typography-text-transform);--awb-caption-title-line-height:var(--h2_typography-line-height);--awb-caption-title-letter-spacing:var(--h2_typography-letter-spacing);\"><div class=\"awb-image-frame awb-image-frame-1 imageframe-liftup\"><span class=\" fusion-imageframe imageframe-none imageframe-1\"><a href=\"http:\/\/www.keslerclinic.com\/wp-content\/uploads\/meme_buyutme.jpg\" class=\"fusion-lightbox\" data-rel=\"iLightbox[964ea7ce36d1122fd32]\" data-caption=\"Meme B\u00fcy\u00fctme Kesler Clinic\" data-title=\"Meme B\u00fcy\u00fctme Kesler Clinic\" title=\"Meme B\u00fcy\u00fctme Kesler Clinic\"><img decoding=\"async\" width=\"1000\" height=\"582\" alt=\"Meme B\u00fcy\u00fctme Kesler Clinic\" src=\"https:\/\/www.keslerclinic.com\/wp-content\/uploads\/meme_buyutme.jpg\" data-orig-src=\"http:\/\/www.keslerclinic.com\/wp-content\/uploads\/meme_buyutme.jpg\" class=\"lazyload img-responsive wp-image-1177\" srcset=\"data:image\/svg+xml,%3Csvg%20xmlns%3D%27http%3A%2F%2Fwww.w3.org%2F2000%2Fsvg%27%20width%3D%271000%27%20height%3D%27582%27%20viewBox%3D%270%200%201000%20582%27%3E%3Crect%20width%3D%271000%27%20height%3D%27582%27%20fill-opacity%3D%220%22%2F%3E%3C%2Fsvg%3E\" data-srcset=\"https:\/\/www.keslerclinic.com\/wp-content\/uploads\/meme_buyutme-200x116.jpg 200w, https:\/\/www.keslerclinic.com\/wp-content\/uploads\/meme_buyutme-400x233.jpg 400w, https:\/\/www.keslerclinic.com\/wp-content\/uploads\/meme_buyutme-600x349.jpg 600w, https:\/\/www.keslerclinic.com\/wp-content\/uploads\/meme_buyutme-800x466.jpg 800w, https:\/\/www.keslerclinic.com\/wp-content\/uploads\/meme_buyutme.jpg 1000w\" data-sizes=\"auto\" data-orig-sizes=\"(max-width: 640px) 100vw, 400px\" \/><\/a><\/span><\/div><\/div><\/div><\/div><\/div><\/div><div class=\"fusion-fullwidth fullwidth-box fusion-builder-row-3 fusion-flex-container nonhundred-percent-fullwidth non-hundred-percent-height-scrolling\" style=\"--awb-border-radius-top-left:0px;--awb-border-radius-top-right:0px;--awb-border-radius-bottom-right:0px;--awb-border-radius-bottom-left:0px;--awb-flex-wrap:wrap;\" ><div class=\"fusion-builder-row fusion-row fusion-flex-align-items-flex-start fusion-flex-content-wrap\" style=\"max-width:1216.8px;margin-left: calc(-4% \/ 2 );margin-right: calc(-4% \/ 2 );\"><div class=\"fusion-layout-column fusion_builder_column fusion-builder-column-3 fusion_builder_column_2_3 2_3 fusion-flex-column\" style=\"--awb-bg-size:cover;--awb-width-large:66.666666666667%;--awb-margin-top-large:0px;--awb-spacing-right-large:2.88%;--awb-margin-bottom-large:30px;--awb-spacing-left-large:2.88%;--awb-width-medium:66.666666666667%;--awb-spacing-right-medium:2.88%;--awb-spacing-left-medium:2.88%;--awb-width-small:100%;--awb-spacing-right-small:1.92%;--awb-spacing-left-small:1.92%;\"><div class=\"fusion-column-wrapper fusion-column-has-shadow fusion-flex-justify-content-flex-start fusion-content-layout-column\"><div class=\"fusion-text fusion-text-2\"><p><strong>BRUSTVERKLEINERUNG<\/strong><\/p>\n<p>Entwicklungsbedingt oder aber auch bedingt durch fortgeschrittenes Alter und Stillen kann es zu einer Vergr\u00f6\u00dferung des Brustvolumens und zu \u00fcberm\u00e4\u00dfig h\u00e4ngenden Br\u00fcsten kommen.<\/p>\n<p>Dies kann sowohl die k\u00f6rperliche Gesundheit einer Person als auch ihr soziales Leben beeintr\u00e4chtigen. Bei Personen mit extrem gro\u00dfen und h\u00e4ngenden Br\u00fcsten k\u00f6nnen k\u00f6rperliche Beschwerden wie Nacken- und R\u00fcckenschmerzen, Hohlheit und Bluterg\u00fcsse im Bereich der BH-Tr\u00e4ger, Juckreiz und R\u00f6tungen unter den Br\u00fcsten auftreten.<\/p>\n<p>Bei der Reduktionsmammoplastik wird das Brustvolumen auf die gew\u00fcnschte Gr\u00f6\u00dfe reduziert, w\u00e4hrend die schlaffe Brustwarze an ihren idealen Platz gezogen und die \u00fcbersch\u00fcssige Brusthaut entfernt werden kann.<\/p>\n<p>Es gibt viele verschiedene Techniken, die f\u00fcr die Brustverkleinerung angewendet werden, und welche Methode gew\u00e4hlt wird und welche Art von Narbe zur\u00fcckbleibt, wird anhand Ihrer Brustgr\u00f6\u00dfe und der Empfehlung Ihres Arztes bestimmt.<\/p>\n<\/div><\/div><\/div><div class=\"fusion-layout-column fusion_builder_column fusion-builder-column-4 fusion_builder_column_1_3 1_3 fusion-flex-column\" style=\"--awb-bg-position:center center;--awb-bg-size:cover;--awb-width-large:33.333333333333%;--awb-margin-top-large:0px;--awb-spacing-right-large:5.76%;--awb-margin-bottom-large:30px;--awb-spacing-left-large:5.76%;--awb-width-medium:33.333333333333%;--awb-spacing-right-medium:5.76%;--awb-spacing-left-medium:5.76%;--awb-width-small:100%;--awb-spacing-right-small:1.92%;--awb-spacing-left-small:1.92%;\"><div class=\"fusion-column-wrapper fusion-column-has-shadow fusion-flex-justify-content-flex-start fusion-content-layout-column\"><div class=\"fusion-separator fusion-full-width-sep\" style=\"align-self: center;margin-left: auto;margin-right: auto;margin-top:30px;margin-bottom:20px;width:100%;\"><\/div><div class=\"fusion-image-element \" style=\"text-align:center;--awb-liftup-border-radius:0px;--awb-caption-title-font-family:var(--h2_typography-font-family);--awb-caption-title-font-weight:var(--h2_typography-font-weight);--awb-caption-title-font-style:var(--h2_typography-font-style);--awb-caption-title-size:var(--h2_typography-font-size);--awb-caption-title-transform:var(--h2_typography-text-transform);--awb-caption-title-line-height:var(--h2_typography-line-height);--awb-caption-title-letter-spacing:var(--h2_typography-letter-spacing);\"><div class=\"awb-image-frame awb-image-frame-2 imageframe-liftup\"><span class=\" fusion-imageframe imageframe-none imageframe-2\"><a href=\"http:\/\/www.keslerclinic.com\/wp-content\/uploads\/meme_kucultme.jpg\" class=\"fusion-lightbox\" data-rel=\"iLightbox[e069d7d111bce75f6f1]\" data-caption=\"Meme K\u00fc\u00e7\u00fcltme Kesler Clinic\" data-title=\"Meme K\u00fc\u00e7\u00fcltme Kesler Clinic\" title=\"Meme K\u00fc\u00e7\u00fcltme Kesler Clinic\"><img decoding=\"async\" width=\"1000\" height=\"582\" alt=\"Meme K\u00fc\u00e7\u00fcltme Kesler Clinic\" src=\"https:\/\/www.keslerclinic.com\/wp-content\/uploads\/meme_kucultme.jpg\" data-orig-src=\"http:\/\/www.keslerclinic.com\/wp-content\/uploads\/meme_kucultme.jpg\" class=\"lazyload img-responsive wp-image-1178\" srcset=\"data:image\/svg+xml,%3Csvg%20xmlns%3D%27http%3A%2F%2Fwww.w3.org%2F2000%2Fsvg%27%20width%3D%271000%27%20height%3D%27582%27%20viewBox%3D%270%200%201000%20582%27%3E%3Crect%20width%3D%271000%27%20height%3D%27582%27%20fill-opacity%3D%220%22%2F%3E%3C%2Fsvg%3E\" data-srcset=\"https:\/\/www.keslerclinic.com\/wp-content\/uploads\/meme_kucultme-200x116.jpg 200w, https:\/\/www.keslerclinic.com\/wp-content\/uploads\/meme_kucultme-400x233.jpg 400w, https:\/\/www.keslerclinic.com\/wp-content\/uploads\/meme_kucultme-600x349.jpg 600w, https:\/\/www.keslerclinic.com\/wp-content\/uploads\/meme_kucultme-800x466.jpg 800w, https:\/\/www.keslerclinic.com\/wp-content\/uploads\/meme_kucultme.jpg 1000w\" data-sizes=\"auto\" data-orig-sizes=\"(max-width: 640px) 100vw, 400px\" \/><\/a><\/span><\/div><\/div><\/div><\/div><\/div><\/div><div class=\"fusion-fullwidth fullwidth-box fusion-builder-row-4 fusion-flex-container nonhundred-percent-fullwidth non-hundred-percent-height-scrolling\" style=\"--awb-border-radius-top-left:0px;--awb-border-radius-top-right:0px;--awb-border-radius-bottom-right:0px;--awb-border-radius-bottom-left:0px;--awb-flex-wrap:wrap;\" ><div class=\"fusion-builder-row fusion-row fusion-flex-align-items-flex-start fusion-flex-content-wrap\" style=\"max-width:1216.8px;margin-left: calc(-4% \/ 2 );margin-right: calc(-4% \/ 2 );\"><div class=\"fusion-layout-column fusion_builder_column fusion-builder-column-5 fusion_builder_column_2_3 2_3 fusion-flex-column\" style=\"--awb-bg-size:cover;--awb-width-large:66.666666666667%;--awb-margin-top-large:0px;--awb-spacing-right-large:2.88%;--awb-margin-bottom-large:30px;--awb-spacing-left-large:2.88%;--awb-width-medium:66.666666666667%;--awb-spacing-right-medium:2.88%;--awb-spacing-left-medium:2.88%;--awb-width-small:100%;--awb-spacing-right-small:1.92%;--awb-spacing-left-small:1.92%;\"><div class=\"fusion-column-wrapper fusion-column-has-shadow fusion-flex-justify-content-flex-start fusion-content-layout-column\"><div class=\"fusion-text fusion-text-3\"><p><strong>GYN\u00c4KOMASTIE<\/strong><\/p>\n<p>Gyn\u00e4komastie ist die Bezeichnung f\u00fcr das Ph\u00e4nomen, bei dem die Brust eines Mannes das Aussehen eines weiblichen Brustgewebes hat. Gyn\u00e4komastie kann bei M\u00e4nnern schwerwiegende psychische Probleme verursachen.<\/p>\n<p>Wenn die Gyn\u00e4komastie auf \u00fcbersch\u00fcssiges Fettgewebe im Bereich zur\u00fcckzuf\u00fchren ist, wird eine Fettabsaugung als prim\u00e4re Behandlungsoption in Betracht gezogen. Wenn die Ursache der \u00dcbergr\u00f6\u00dfe jedoch der \u00dcberschuss an Brustdr\u00fcse ist, wird das Brustgewebe operativ entfernt.<\/p>\n<p>Die Operation wird in der Regel unter lokaler An\u00e4sthesie durchgef\u00fchrt und dauert ungef\u00e4hr 1 Stunde. Der Patient kann noch am selben Tag entlassen werden.<\/p>\n<\/div><\/div><\/div><div class=\"fusion-layout-column fusion_builder_column fusion-builder-column-6 fusion_builder_column_1_3 1_3 fusion-flex-column\" style=\"--awb-bg-position:center center;--awb-bg-size:cover;--awb-width-large:33.333333333333%;--awb-margin-top-large:0px;--awb-spacing-right-large:5.76%;--awb-margin-bottom-large:30px;--awb-spacing-left-large:5.76%;--awb-width-medium:33.333333333333%;--awb-spacing-right-medium:5.76%;--awb-spacing-left-medium:5.76%;--awb-width-small:100%;--awb-spacing-right-small:1.92%;--awb-spacing-left-small:1.92%;\"><div class=\"fusion-column-wrapper fusion-column-has-shadow fusion-flex-justify-content-flex-start fusion-content-layout-column\"><div class=\"fusion-separator fusion-full-width-sep\" style=\"align-self: center;margin-left: auto;margin-right: auto;margin-top:30px;margin-bottom:20px;width:100%;\"><\/div><div class=\"fusion-image-element \" style=\"text-align:center;--awb-liftup-border-radius:0px;--awb-caption-title-font-family:var(--h2_typography-font-family);--awb-caption-title-font-weight:var(--h2_typography-font-weight);--awb-caption-title-font-style:var(--h2_typography-font-style);--awb-caption-title-size:var(--h2_typography-font-size);--awb-caption-title-transform:var(--h2_typography-text-transform);--awb-caption-title-line-height:var(--h2_typography-line-height);--awb-caption-title-letter-spacing:var(--h2_typography-letter-spacing);\"><div class=\"awb-image-frame awb-image-frame-3 imageframe-liftup\"><span class=\" fusion-imageframe imageframe-none imageframe-3\"><a href=\"http:\/\/www.keslerclinic.com\/wp-content\/uploads\/jinekomasti.jpg\" class=\"fusion-lightbox\" data-rel=\"iLightbox[63e41bd160194ca241c]\" data-caption=\"Jinekomasti Kesler Clinic \u00c7erkezk\u00f6y\" data-title=\"Jinekomasti Kesler Clinic \u00c7erkezk\u00f6y\" title=\"Jinekomasti Kesler Clinic \u00c7erkezk\u00f6y\"><img decoding=\"async\" width=\"1000\" height=\"582\" alt=\"Jinekomasti Kesler Clinic \u00c7erkezk\u00f6y\" src=\"https:\/\/www.keslerclinic.com\/wp-content\/uploads\/jinekomasti.jpg\" data-orig-src=\"http:\/\/www.keslerclinic.com\/wp-content\/uploads\/jinekomasti.jpg\" class=\"lazyload img-responsive wp-image-1169\" srcset=\"data:image\/svg+xml,%3Csvg%20xmlns%3D%27http%3A%2F%2Fwww.w3.org%2F2000%2Fsvg%27%20width%3D%271000%27%20height%3D%27582%27%20viewBox%3D%270%200%201000%20582%27%3E%3Crect%20width%3D%271000%27%20height%3D%27582%27%20fill-opacity%3D%220%22%2F%3E%3C%2Fsvg%3E\" data-srcset=\"https:\/\/www.keslerclinic.com\/wp-content\/uploads\/jinekomasti-200x116.jpg 200w, https:\/\/www.keslerclinic.com\/wp-content\/uploads\/jinekomasti-400x233.jpg 400w, https:\/\/www.keslerclinic.com\/wp-content\/uploads\/jinekomasti-600x349.jpg 600w, https:\/\/www.keslerclinic.com\/wp-content\/uploads\/jinekomasti-800x466.jpg 800w, https:\/\/www.keslerclinic.com\/wp-content\/uploads\/jinekomasti.jpg 1000w\" data-sizes=\"auto\" data-orig-sizes=\"(max-width: 640px) 100vw, 400px\" \/><\/a><\/span><\/div><\/div><\/div><\/div><\/div><\/div><\/p>\n","protected":false},"excerpt":{"rendered":"","protected":false},"author":1,"featured_media":0,"parent":1980,"menu_order":0,"comment_status":"closed","ping_status":"closed","template":"100-width.php","meta":{"footnotes":""},"class_list":["post-1988","page","type-page","status-publish","hentry"],"yoast_head":"<!-- This site is optimized with the Yoast SEO plugin v27.4 - https:\/\/yoast.com\/product\/yoast-seo-wordpress\/ -->\n<title>Brust\u00e4sthetik - Kesler Clinic Obezite Cerrahisi, \u00c7erkezk\u00f6y<\/title>\n<meta name=\"robots\" content=\"index, follow, max-snippet:-1, max-image-preview:large, max-video-preview:-1\" \/>\n<link rel=\"canonical\" href=\"https:\/\/www.keslerclinic.com\/de\/plastische-und-aesthetische-chirurgie\/brustaesthetik\/\" \/>\n<meta property=\"og:locale\" content=\"de_DE\" \/>\n<meta property=\"og:type\" content=\"article\" \/>\n<meta property=\"og:title\" content=\"Brust\u00e4sthetik - Kesler Clinic Obezite Cerrahisi, \u00c7erkezk\u00f6y\" \/>\n<meta property=\"og:url\" content=\"https:\/\/www.keslerclinic.com\/de\/plastische-und-aesthetische-chirurgie\/brustaesthetik\/\" \/>\n<meta property=\"og:site_name\" content=\"Kesler Clinic\" \/>\n<meta property=\"article:publisher\" content=\"https:\/\/www.facebook.com\/keslerclinic\/\" \/>\n<meta name=\"twitter:card\" content=\"summary_large_image\" \/>\n<meta name=\"twitter:label1\" content=\"Gesch\u00e4tzte Lesezeit\" \/>\n\t<meta name=\"twitter:data1\" content=\"15\u00a0Minuten\" \/>\n<script type=\"application\/ld+json\" class=\"yoast-schema-graph\">{\"@context\":\"https:\\\/\\\/schema.org\",\"@graph\":[{\"@type\":\"WebPage\",\"@id\":\"https:\\\/\\\/www.keslerclinic.com\\\/de\\\/plastische-und-aesthetische-chirurgie\\\/brustaesthetik\\\/\",\"url\":\"https:\\\/\\\/www.keslerclinic.com\\\/de\\\/plastische-und-aesthetische-chirurgie\\\/brustaesthetik\\\/\",\"name\":\"Brust\u00e4sthetik - Kesler Clinic Obezite Cerrahisi, \u00c7erkezk\u00f6y\",\"isPartOf\":{\"@id\":\"https:\\\/\\\/www.keslerclinic.com\\\/#website\"},\"datePublished\":\"2021-09-21T09:09:05+00:00\",\"breadcrumb\":{\"@id\":\"https:\\\/\\\/www.keslerclinic.com\\\/de\\\/plastische-und-aesthetische-chirurgie\\\/brustaesthetik\\\/#breadcrumb\"},\"inLanguage\":\"de\",\"potentialAction\":[{\"@type\":\"ReadAction\",\"target\":[\"https:\\\/\\\/www.keslerclinic.com\\\/de\\\/plastische-und-aesthetische-chirurgie\\\/brustaesthetik\\\/\"]}]},{\"@type\":\"BreadcrumbList\",\"@id\":\"https:\\\/\\\/www.keslerclinic.com\\\/de\\\/plastische-und-aesthetische-chirurgie\\\/brustaesthetik\\\/#breadcrumb\",\"itemListElement\":[{\"@type\":\"ListItem\",\"position\":1,\"name\":\"Ana sayfa\",\"item\":\"https:\\\/\\\/www.keslerclinic.com\\\/de\\\/startseite\\\/\"},{\"@type\":\"ListItem\",\"position\":2,\"name\":\"Plastische und \u00c4sthetische Chirurgie\",\"item\":\"https:\\\/\\\/www.keslerclinic.com\\\/de\\\/plastische-und-aesthetische-chirurgie\\\/\"},{\"@type\":\"ListItem\",\"position\":3,\"name\":\"Brust\u00e4sthetik\"}]},{\"@type\":\"WebSite\",\"@id\":\"https:\\\/\\\/www.keslerclinic.com\\\/#website\",\"url\":\"https:\\\/\\\/www.keslerclinic.com\\\/\",\"name\":\"Kesler Clinic\",\"description\":\"Obezite Cerrahisi, Diyabet Cerrahisi, Plastik ve Estetik Cerrahi, Sa\u00e7 Ekimi, Di\u015f Tedavileri, Onkoloji\",\"potentialAction\":[{\"@type\":\"SearchAction\",\"target\":{\"@type\":\"EntryPoint\",\"urlTemplate\":\"https:\\\/\\\/www.keslerclinic.com\\\/?s={search_term_string}\"},\"query-input\":{\"@type\":\"PropertyValueSpecification\",\"valueRequired\":true,\"valueName\":\"search_term_string\"}}],\"inLanguage\":\"de\"}]}<\/script>\n<!-- \/ Yoast SEO plugin. -->","yoast_head_json":{"title":"Brust\u00e4sthetik - Kesler Clinic Obezite Cerrahisi, \u00c7erkezk\u00f6y","robots":{"index":"index","follow":"follow","max-snippet":"max-snippet:-1","max-image-preview":"max-image-preview:large","max-video-preview":"max-video-preview:-1"},"canonical":"https:\/\/www.keslerclinic.com\/de\/plastische-und-aesthetische-chirurgie\/brustaesthetik\/","og_locale":"de_DE","og_type":"article","og_title":"Brust\u00e4sthetik - Kesler Clinic Obezite Cerrahisi, \u00c7erkezk\u00f6y","og_url":"https:\/\/www.keslerclinic.com\/de\/plastische-und-aesthetische-chirurgie\/brustaesthetik\/","og_site_name":"Kesler Clinic","article_publisher":"https:\/\/www.facebook.com\/keslerclinic\/","twitter_card":"summary_large_image","twitter_misc":{"Gesch\u00e4tzte Lesezeit":"15\u00a0Minuten"},"schema":{"@context":"https:\/\/schema.org","@graph":[{"@type":"WebPage","@id":"https:\/\/www.keslerclinic.com\/de\/plastische-und-aesthetische-chirurgie\/brustaesthetik\/","url":"https:\/\/www.keslerclinic.com\/de\/plastische-und-aesthetische-chirurgie\/brustaesthetik\/","name":"Brust\u00e4sthetik - Kesler Clinic Obezite Cerrahisi, \u00c7erkezk\u00f6y","isPartOf":{"@id":"https:\/\/www.keslerclinic.com\/#website"},"datePublished":"2021-09-21T09:09:05+00:00","breadcrumb":{"@id":"https:\/\/www.keslerclinic.com\/de\/plastische-und-aesthetische-chirurgie\/brustaesthetik\/#breadcrumb"},"inLanguage":"de","potentialAction":[{"@type":"ReadAction","target":["https:\/\/www.keslerclinic.com\/de\/plastische-und-aesthetische-chirurgie\/brustaesthetik\/"]}]},{"@type":"BreadcrumbList","@id":"https:\/\/www.keslerclinic.com\/de\/plastische-und-aesthetische-chirurgie\/brustaesthetik\/#breadcrumb","itemListElement":[{"@type":"ListItem","position":1,"name":"Ana sayfa","item":"https:\/\/www.keslerclinic.com\/de\/startseite\/"},{"@type":"ListItem","position":2,"name":"Plastische und \u00c4sthetische Chirurgie","item":"https:\/\/www.keslerclinic.com\/de\/plastische-und-aesthetische-chirurgie\/"},{"@type":"ListItem","position":3,"name":"Brust\u00e4sthetik"}]},{"@type":"WebSite","@id":"https:\/\/www.keslerclinic.com\/#website","url":"https:\/\/www.keslerclinic.com\/","name":"Kesler Clinic","description":"Obezite Cerrahisi, Diyabet Cerrahisi, Plastik ve Estetik Cerrahi, Sa\u00e7 Ekimi, Di\u015f Tedavileri, Onkoloji","potentialAction":[{"@type":"SearchAction","target":{"@type":"EntryPoint","urlTemplate":"https:\/\/www.keslerclinic.com\/?s={search_term_string}"},"query-input":{"@type":"PropertyValueSpecification","valueRequired":true,"valueName":"search_term_string"}}],"inLanguage":"de"}]}},"_links":{"self":[{"href":"https:\/\/www.keslerclinic.com\/de\/wp-json\/wp\/v2\/pages\/1988","targetHints":{"allow":["GET"]}}],"collection":[{"href":"https:\/\/www.keslerclinic.com\/de\/wp-json\/wp\/v2\/pages"}],"about":[{"href":"https:\/\/www.keslerclinic.com\/de\/wp-json\/wp\/v2\/types\/page"}],"author":[{"embeddable":true,"href":"https:\/\/www.keslerclinic.com\/de\/wp-json\/wp\/v2\/users\/1"}],"replies":[{"embeddable":true,"href":"https:\/\/www.keslerclinic.com\/de\/wp-json\/wp\/v2\/comments?post=1988"}],"version-history":[{"count":2,"href":"https:\/\/www.keslerclinic.com\/de\/wp-json\/wp\/v2\/pages\/1988\/revisions"}],"predecessor-version":[{"id":1990,"href":"https:\/\/www.keslerclinic.com\/de\/wp-json\/wp\/v2\/pages\/1988\/revisions\/1990"}],"up":[{"embeddable":true,"href":"https:\/\/www.keslerclinic.com\/de\/wp-json\/wp\/v2\/pages\/1980"}],"wp:attachment":[{"href":"https:\/\/www.keslerclinic.com\/de\/wp-json\/wp\/v2\/media?parent=1988"}],"curies":[{"name":"wp","href":"https:\/\/api.w.org\/{rel}","templated":true}]}}