{"id":1983,"date":"2021-09-21T12:02:46","date_gmt":"2021-09-21T09:02:46","guid":{"rendered":"https:\/\/www.keslerclinic.com\/?page_id=1983"},"modified":"2021-09-21T12:02:46","modified_gmt":"2021-09-21T09:02:46","slug":"koerperaesthetik","status":"publish","type":"page","link":"https:\/\/www.keslerclinic.com\/de\/plastische-und-aesthetische-chirurgie\/koerperaesthetik\/","title":{"rendered":"K\u00f6rper\u00e4sthetik"},"content":{"rendered":"<p><div class=\"fusion-fullwidth fullwidth-box fusion-builder-row-1 fusion-flex-container nonhundred-percent-fullwidth non-hundred-percent-height-scrolling\" style=\"--awb-border-radius-top-left:0px;--awb-border-radius-top-right:0px;--awb-border-radius-bottom-right:0px;--awb-border-radius-bottom-left:0px;--awb-flex-wrap:wrap;\" ><div class=\"fusion-builder-row fusion-row fusion-flex-align-items-flex-start fusion-flex-content-wrap\" style=\"max-width:1216.8px;margin-left: calc(-4% \/ 2 );margin-right: calc(-4% \/ 2 );\"><div class=\"fusion-layout-column fusion_builder_column fusion-builder-column-0 fusion_builder_column_2_3 2_3 fusion-flex-column\" style=\"--awb-bg-size:cover;--awb-width-large:66.666666666667%;--awb-margin-top-large:0px;--awb-spacing-right-large:2.88%;--awb-margin-bottom-large:30px;--awb-spacing-left-large:2.88%;--awb-width-medium:66.666666666667%;--awb-spacing-right-medium:2.88%;--awb-spacing-left-medium:2.88%;--awb-width-small:100%;--awb-spacing-right-small:1.92%;--awb-spacing-left-small:1.92%;\"><div class=\"fusion-column-wrapper fusion-column-has-shadow fusion-flex-justify-content-flex-start fusion-content-layout-column\"><div class=\"fusion-title title fusion-title-1 fusion-sep-none fusion-title-highlight fusion-animate-once fusion-highlight-underline_zigzag fusion-title-size-two\" style=\"--awb-highlight-color:#3e69b3;\" data-highlight=\"underline_zigzag\"><h2 class=\"fusion-title-heading title-heading-left fusion-responsive-typography-calculated\" style=\"margin:0;--fontSize:46;line-height:1.25;\"><span class=\"fusion-highlighted-text-prefix\"><\/span> <span class=\"fusion-highlighted-text-wrapper\"><span class=\"fusion-highlighted-text\">K\u00f6rper\u00e4sthetik <\/span><svg xmlns=\"http:\/\/www.w3.org\/2000\/svg\" viewBox=\"0 0 500 150\" preserveAspectRatio=\"none\"><path d=\"M6.1,133.6c0,0,173.4-20.6,328.3-14.5c154.8,6.1,162.2,8.7,162.2,8.7s-262.6-4.9-339.2,13.9 c0,0,113.8-6.1,162.9,6.9\"><\/path><\/svg><\/span> <span class=\"fusion-highlighted-text-postfix\"><\/span><\/h2><\/div><div class=\"fusion-separator fusion-full-width-sep\" style=\"align-self: center;margin-left: auto;margin-right: auto;margin-top:30px;margin-bottom:5px;width:100%;\"><\/div><\/div><\/div><\/div><\/div><div class=\"fusion-fullwidth fullwidth-box fusion-builder-row-2 fusion-flex-container nonhundred-percent-fullwidth non-hundred-percent-height-scrolling\" style=\"--awb-border-radius-top-left:0px;--awb-border-radius-top-right:0px;--awb-border-radius-bottom-right:0px;--awb-border-radius-bottom-left:0px;--awb-flex-wrap:wrap;\" ><div class=\"fusion-builder-row fusion-row fusion-flex-align-items-flex-start fusion-flex-content-wrap\" style=\"max-width:1216.8px;margin-left: calc(-4% \/ 2 );margin-right: calc(-4% \/ 2 );\"><div class=\"fusion-layout-column fusion_builder_column fusion-builder-column-1 fusion_builder_column_2_3 2_3 fusion-flex-column\" style=\"--awb-bg-size:cover;--awb-width-large:66.666666666667%;--awb-margin-top-large:0px;--awb-spacing-right-large:2.88%;--awb-margin-bottom-large:30px;--awb-spacing-left-large:2.88%;--awb-width-medium:66.666666666667%;--awb-spacing-right-medium:2.88%;--awb-spacing-left-medium:2.88%;--awb-width-small:100%;--awb-spacing-right-small:1.92%;--awb-spacing-left-small:1.92%;\"><div class=\"fusion-column-wrapper fusion-column-has-shadow fusion-flex-justify-content-flex-start fusion-content-layout-column\"><div class=\"fusion-text fusion-text-1\"><p><strong>\u00c4STHETIK DER BAUCHSTRAFFUNG <\/strong><\/p>\n<p>Durch \u00fcberm\u00e4\u00dfige Gewichtszunahme und -abnahme, Mehrlingsschwangerschaft oder fortgeschrittenes Alter kann es zu einer Erschlaffung der Bauchhaut, einer Vergr\u00f6\u00dferung der die Bauchdecke bildenden Muskeln und einer Zunahme der subkutanen Fettansammlung kommen. Diese Situation wirkt sich negativ auf die Wahrnehmung des eigenen K\u00f6rperbildes der Person aus. Dar\u00fcber hinaus hat die Person Schwierigkeiten bei der Kleiderwahl und bei Patienten mit starken Deformationen kann sogar ein R\u00fcckzug aus sozialen Bereichen beobachtet werden. Bauchdeckenstraffungen k\u00f6nnen nur als Hautdehnung oder in Verbindung mit einer Bauchmuskelstraffung bei Patienten mit Entspannung der Bauchmuskeln durchgef\u00fchrt werden. In F\u00e4llen, in denen das subkutane Fett \u00fcberm\u00e4\u00dfig ist, kann die Bauchstraffung mit einer Fettabsaugung kombiniert werden.<\/p>\n<\/div><\/div><\/div><div class=\"fusion-layout-column fusion_builder_column fusion-builder-column-2 fusion_builder_column_1_3 1_3 fusion-flex-column\" style=\"--awb-bg-position:center center;--awb-bg-size:cover;--awb-width-large:33.333333333333%;--awb-margin-top-large:0px;--awb-spacing-right-large:5.76%;--awb-margin-bottom-large:30px;--awb-spacing-left-large:5.76%;--awb-width-medium:33.333333333333%;--awb-spacing-right-medium:5.76%;--awb-spacing-left-medium:5.76%;--awb-width-small:100%;--awb-spacing-right-small:1.92%;--awb-spacing-left-small:1.92%;\"><div class=\"fusion-column-wrapper fusion-column-has-shadow fusion-flex-justify-content-flex-start fusion-content-layout-column\"><div class=\"fusion-separator fusion-full-width-sep\" style=\"align-self: center;margin-left: auto;margin-right: auto;margin-top:30px;margin-bottom:20px;width:100%;\"><\/div><div class=\"fusion-image-element \" style=\"text-align:center;--awb-liftup-border-radius:0px;--awb-caption-title-font-family:var(--h2_typography-font-family);--awb-caption-title-font-weight:var(--h2_typography-font-weight);--awb-caption-title-font-style:var(--h2_typography-font-style);--awb-caption-title-size:var(--h2_typography-font-size);--awb-caption-title-transform:var(--h2_typography-text-transform);--awb-caption-title-line-height:var(--h2_typography-line-height);--awb-caption-title-letter-spacing:var(--h2_typography-letter-spacing);\"><div class=\"awb-image-frame awb-image-frame-1 imageframe-liftup\"><span class=\" fusion-imageframe imageframe-none imageframe-1\"><a href=\"http:\/\/www.keslerclinic.com\/wp-content\/uploads\/kombine_cerrahi.jpg\" class=\"fusion-lightbox\" data-rel=\"iLightbox[8b5bae699dca107081a]\" data-caption=\"Kombine Cerrahi Kesler Clinic - diyabet ameliyat\u0131\" data-title=\"Kombine Cerrahi Kesler Clinic\" title=\"Kar\u0131n Germe Kesler Clinic\"><img decoding=\"async\" width=\"1000\" height=\"582\" alt=\"Kar\u0131n Germe Kesler Clinic\" src=\"https:\/\/www.keslerclinic.com\/wp-content\/uploads\/karin_germe.jpg\" data-orig-src=\"http:\/\/www.keslerclinic.com\/wp-content\/uploads\/karin_germe.jpg\" class=\"lazyload img-responsive wp-image-1170\" srcset=\"data:image\/svg+xml,%3Csvg%20xmlns%3D%27http%3A%2F%2Fwww.w3.org%2F2000%2Fsvg%27%20width%3D%271000%27%20height%3D%27582%27%20viewBox%3D%270%200%201000%20582%27%3E%3Crect%20width%3D%271000%27%20height%3D%27582%27%20fill-opacity%3D%220%22%2F%3E%3C%2Fsvg%3E\" data-srcset=\"https:\/\/www.keslerclinic.com\/wp-content\/uploads\/karin_germe-200x116.jpg 200w, https:\/\/www.keslerclinic.com\/wp-content\/uploads\/karin_germe-400x233.jpg 400w, https:\/\/www.keslerclinic.com\/wp-content\/uploads\/karin_germe-600x349.jpg 600w, https:\/\/www.keslerclinic.com\/wp-content\/uploads\/karin_germe-800x466.jpg 800w, https:\/\/www.keslerclinic.com\/wp-content\/uploads\/karin_germe.jpg 1000w\" data-sizes=\"auto\" data-orig-sizes=\"(max-width: 640px) 100vw, 400px\" \/><\/a><\/span><\/div><\/div><\/div><\/div><\/div><\/div><div class=\"fusion-fullwidth fullwidth-box fusion-builder-row-3 fusion-flex-container nonhundred-percent-fullwidth non-hundred-percent-height-scrolling\" style=\"--awb-border-radius-top-left:0px;--awb-border-radius-top-right:0px;--awb-border-radius-bottom-right:0px;--awb-border-radius-bottom-left:0px;--awb-flex-wrap:wrap;\" ><div class=\"fusion-builder-row fusion-row fusion-flex-align-items-flex-start fusion-flex-content-wrap\" style=\"max-width:1216.8px;margin-left: calc(-4% \/ 2 );margin-right: calc(-4% \/ 2 );\"><div class=\"fusion-layout-column fusion_builder_column fusion-builder-column-3 fusion_builder_column_2_3 2_3 fusion-flex-column\" style=\"--awb-bg-size:cover;--awb-width-large:66.666666666667%;--awb-margin-top-large:0px;--awb-spacing-right-large:2.88%;--awb-margin-bottom-large:30px;--awb-spacing-left-large:2.88%;--awb-width-medium:66.666666666667%;--awb-spacing-right-medium:2.88%;--awb-spacing-left-medium:2.88%;--awb-width-small:100%;--awb-spacing-right-small:1.92%;--awb-spacing-left-small:1.92%;\"><div class=\"fusion-column-wrapper fusion-column-has-shadow fusion-flex-justify-content-flex-start fusion-content-layout-column\"><div class=\"fusion-text fusion-text-2\"><p><strong>FETTABSAUGUNG \/ LIPOSUKTION <\/strong><\/p>\n<p>Die Fettabsaugung ist keine Methode zur Gewichtsabnahme. Bei dieser Operation handelt es sich um den Prozess der Entfernung von \u00fcbersch\u00fcssigem Fett, das nach dem Gewichtsverlust nicht verschwindet und es verhindert, dass die K\u00f6rperkonturen deutlich werden. Die Fettabsaugung liefert die besten Ergebnisse, wenn sie zur Entfernung von Fetten verwendet wird, die sich im H\u00fcftbereich, Taillenbereich, Oberschenkelinnenseite ansammeln und die K\u00f6rperkonturen einer Person als total unproportioniert erscheinen lassen.<\/p>\n<p><strong>LASER-LIPOSUKTION <\/strong><\/p>\n<p>In Anbetracht der Patientensicherheit, des Patientenkomforts und des Preis-Leistungs-Verh\u00e4ltnisses k\u00f6nnen wir sagen, dass die Fettabsaugung die erste Methode ist, die unter chirurgischen und nicht-chirurgischen Methoden zur Entfernung \u00fcberm\u00e4\u00dfiger Regionallipidose bevorzugt wird. W\u00e4hrend herk\u00f6mmliche Fettabsaugungstechniken das Fett mit Vakuum aus dem K\u00f6rper ziehen, liefert die Laser-Fettabsaugung neben diesem Effekt zus\u00e4tzliche Leistungen und tr\u00e4gt zu einem effektiveren Ergebnis bei.<\/p>\n<\/div><\/div><\/div><div class=\"fusion-layout-column fusion_builder_column fusion-builder-column-4 fusion_builder_column_1_3 1_3 fusion-flex-column\" style=\"--awb-bg-position:center center;--awb-bg-size:cover;--awb-width-large:33.333333333333%;--awb-margin-top-large:0px;--awb-spacing-right-large:5.76%;--awb-margin-bottom-large:30px;--awb-spacing-left-large:5.76%;--awb-width-medium:33.333333333333%;--awb-spacing-right-medium:5.76%;--awb-spacing-left-medium:5.76%;--awb-width-small:100%;--awb-spacing-right-small:1.92%;--awb-spacing-left-small:1.92%;\"><div class=\"fusion-column-wrapper fusion-column-has-shadow fusion-flex-justify-content-flex-start fusion-content-layout-column\"><div class=\"fusion-separator fusion-full-width-sep\" style=\"align-self: center;margin-left: auto;margin-right: auto;margin-top:30px;margin-bottom:20px;width:100%;\"><\/div><div class=\"fusion-image-element \" style=\"text-align:center;--awb-liftup-border-radius:0px;--awb-caption-title-font-family:var(--h2_typography-font-family);--awb-caption-title-font-weight:var(--h2_typography-font-weight);--awb-caption-title-font-style:var(--h2_typography-font-style);--awb-caption-title-size:var(--h2_typography-font-size);--awb-caption-title-transform:var(--h2_typography-text-transform);--awb-caption-title-line-height:var(--h2_typography-line-height);--awb-caption-title-letter-spacing:var(--h2_typography-letter-spacing);\"><div class=\"awb-image-frame awb-image-frame-2 imageframe-liftup\"><span class=\" fusion-imageframe imageframe-none imageframe-2\"><a href=\"http:\/\/www.keslerclinic.com\/wp-content\/uploads\/liposuction.jpg\" class=\"fusion-lightbox\" data-rel=\"iLightbox[1d2d30dc228198e088d]\" data-caption=\"Liposuction Kesler Clinic\" data-title=\"Liposuction Kesler Clinic\" title=\"Liposuction Kesler Clinic\"><img decoding=\"async\" width=\"1000\" height=\"582\" alt=\"Liposuction Kesler Clinic\" src=\"https:\/\/www.keslerclinic.com\/wp-content\/uploads\/liposuction.jpg\" data-orig-src=\"http:\/\/www.keslerclinic.com\/wp-content\/uploads\/liposuction.jpg\" class=\"lazyload img-responsive wp-image-1176\" srcset=\"data:image\/svg+xml,%3Csvg%20xmlns%3D%27http%3A%2F%2Fwww.w3.org%2F2000%2Fsvg%27%20width%3D%271000%27%20height%3D%27582%27%20viewBox%3D%270%200%201000%20582%27%3E%3Crect%20width%3D%271000%27%20height%3D%27582%27%20fill-opacity%3D%220%22%2F%3E%3C%2Fsvg%3E\" data-srcset=\"https:\/\/www.keslerclinic.com\/wp-content\/uploads\/liposuction-200x116.jpg 200w, https:\/\/www.keslerclinic.com\/wp-content\/uploads\/liposuction-400x233.jpg 400w, https:\/\/www.keslerclinic.com\/wp-content\/uploads\/liposuction-600x349.jpg 600w, https:\/\/www.keslerclinic.com\/wp-content\/uploads\/liposuction-800x466.jpg 800w, https:\/\/www.keslerclinic.com\/wp-content\/uploads\/liposuction.jpg 1000w\" data-sizes=\"auto\" data-orig-sizes=\"(max-width: 640px) 100vw, 400px\" \/><\/a><\/span><\/div><\/div><\/div><\/div><\/div><\/div><div class=\"fusion-fullwidth fullwidth-box fusion-builder-row-4 fusion-flex-container nonhundred-percent-fullwidth non-hundred-percent-height-scrolling\" style=\"--awb-border-radius-top-left:0px;--awb-border-radius-top-right:0px;--awb-border-radius-bottom-right:0px;--awb-border-radius-bottom-left:0px;--awb-flex-wrap:wrap;\" ><div class=\"fusion-builder-row fusion-row fusion-flex-align-items-flex-start fusion-flex-content-wrap\" style=\"max-width:1216.8px;margin-left: calc(-4% \/ 2 );margin-right: calc(-4% \/ 2 );\"><div class=\"fusion-layout-column fusion_builder_column fusion-builder-column-5 fusion_builder_column_2_3 2_3 fusion-flex-column\" style=\"--awb-bg-size:cover;--awb-width-large:66.666666666667%;--awb-margin-top-large:0px;--awb-spacing-right-large:2.88%;--awb-margin-bottom-large:30px;--awb-spacing-left-large:2.88%;--awb-width-medium:66.666666666667%;--awb-spacing-right-medium:2.88%;--awb-spacing-left-medium:2.88%;--awb-width-small:100%;--awb-spacing-right-small:1.92%;--awb-spacing-left-small:1.92%;\"><div class=\"fusion-column-wrapper fusion-column-has-shadow fusion-flex-justify-content-flex-start fusion-content-layout-column\"><div class=\"fusion-text fusion-text-3\"><p><strong>ARM\u00c4STHETIK <\/strong><\/p>\n<p>Bei der Armstraffung wird \u00fcbersch\u00fcssige Haut im Armbereich entfernt, um das Erscheinungsbild des Arms zu verbessern. Die durchzuf\u00fchrende Operation kann nur aus Fettabsaugung (Liposuktion) bestehen oder nur in Form einer Hautentfernung an der Achselh\u00f6hle oder einer Hautentfernung am gesamten Arm vorgenommen werden. Jede Operationsart hat Vor- und Nachteile gegen\u00fcber der anderen. Die am besten geeignete Methode ist f\u00fcr jeden Patienten unterschiedlich.<\/p>\n<\/div><\/div><\/div><div class=\"fusion-layout-column fusion_builder_column fusion-builder-column-6 fusion_builder_column_1_3 1_3 fusion-flex-column\" style=\"--awb-bg-position:center center;--awb-bg-size:cover;--awb-width-large:33.333333333333%;--awb-margin-top-large:0px;--awb-spacing-right-large:5.76%;--awb-margin-bottom-large:30px;--awb-spacing-left-large:5.76%;--awb-width-medium:33.333333333333%;--awb-spacing-right-medium:5.76%;--awb-spacing-left-medium:5.76%;--awb-width-small:100%;--awb-spacing-right-small:1.92%;--awb-spacing-left-small:1.92%;\"><div class=\"fusion-column-wrapper fusion-column-has-shadow fusion-flex-justify-content-flex-start fusion-content-layout-column\"><div class=\"fusion-separator fusion-full-width-sep\" style=\"align-self: center;margin-left: auto;margin-right: auto;margin-top:30px;margin-bottom:20px;width:100%;\"><\/div><div class=\"fusion-image-element \" style=\"text-align:center;--awb-liftup-border-radius:0px;--awb-caption-title-font-family:var(--h2_typography-font-family);--awb-caption-title-font-weight:var(--h2_typography-font-weight);--awb-caption-title-font-style:var(--h2_typography-font-style);--awb-caption-title-size:var(--h2_typography-font-size);--awb-caption-title-transform:var(--h2_typography-text-transform);--awb-caption-title-line-height:var(--h2_typography-line-height);--awb-caption-title-letter-spacing:var(--h2_typography-letter-spacing);\"><div class=\"awb-image-frame awb-image-frame-3 imageframe-liftup\"><span class=\" fusion-imageframe imageframe-none imageframe-3\"><a href=\"http:\/\/www.keslerclinic.com\/wp-content\/uploads\/kol_estetigi.jpg\" class=\"fusion-lightbox\" data-rel=\"iLightbox[9acce2cbb3410f68e98]\" data-caption=\"Kol Sarkmas\u0131 Kesler Clinic\" data-title=\"Kol Sarkmas\u0131 Kesler Clinic\" title=\"Kol Sarkmas\u0131 Kesler Clinic\"><img decoding=\"async\" width=\"1000\" height=\"582\" alt=\"Kol Sarkmas\u0131 Kesler Clinic\" src=\"https:\/\/www.keslerclinic.com\/wp-content\/uploads\/kol_estetigi.jpg\" data-orig-src=\"http:\/\/www.keslerclinic.com\/wp-content\/uploads\/kol_estetigi.jpg\" class=\"lazyload img-responsive wp-image-1172\" srcset=\"data:image\/svg+xml,%3Csvg%20xmlns%3D%27http%3A%2F%2Fwww.w3.org%2F2000%2Fsvg%27%20width%3D%271000%27%20height%3D%27582%27%20viewBox%3D%270%200%201000%20582%27%3E%3Crect%20width%3D%271000%27%20height%3D%27582%27%20fill-opacity%3D%220%22%2F%3E%3C%2Fsvg%3E\" data-srcset=\"https:\/\/www.keslerclinic.com\/wp-content\/uploads\/kol_estetigi-200x116.jpg 200w, https:\/\/www.keslerclinic.com\/wp-content\/uploads\/kol_estetigi-400x233.jpg 400w, https:\/\/www.keslerclinic.com\/wp-content\/uploads\/kol_estetigi-600x349.jpg 600w, https:\/\/www.keslerclinic.com\/wp-content\/uploads\/kol_estetigi-800x466.jpg 800w, https:\/\/www.keslerclinic.com\/wp-content\/uploads\/kol_estetigi.jpg 1000w\" data-sizes=\"auto\" data-orig-sizes=\"(max-width: 640px) 100vw, 400px\" \/><\/a><\/span><\/div><\/div><\/div><\/div><\/div><\/div><\/p>\n","protected":false},"excerpt":{"rendered":"","protected":false},"author":1,"featured_media":0,"parent":1980,"menu_order":0,"comment_status":"closed","ping_status":"closed","template":"100-width.php","meta":{"footnotes":""},"class_list":["post-1983","page","type-page","status-publish","hentry"],"yoast_head":"<!-- This site is optimized with the Yoast SEO plugin v27.4 - https:\/\/yoast.com\/product\/yoast-seo-wordpress\/ -->\n<title>K\u00f6rper\u00e4sthetik - Kesler Clinic Obezite Cerrahisi, \u00c7erkezk\u00f6y<\/title>\n<meta name=\"robots\" content=\"index, follow, max-snippet:-1, max-image-preview:large, max-video-preview:-1\" \/>\n<link rel=\"canonical\" href=\"https:\/\/www.keslerclinic.com\/de\/plastische-und-aesthetische-chirurgie\/koerperaesthetik\/\" \/>\n<meta property=\"og:locale\" content=\"de_DE\" \/>\n<meta property=\"og:type\" content=\"article\" \/>\n<meta property=\"og:title\" content=\"K\u00f6rper\u00e4sthetik - Kesler Clinic Obezite Cerrahisi, \u00c7erkezk\u00f6y\" \/>\n<meta property=\"og:url\" content=\"https:\/\/www.keslerclinic.com\/de\/plastische-und-aesthetische-chirurgie\/koerperaesthetik\/\" \/>\n<meta property=\"og:site_name\" content=\"Kesler Clinic\" \/>\n<meta property=\"article:publisher\" content=\"https:\/\/www.facebook.com\/keslerclinic\/\" \/>\n<meta name=\"twitter:card\" content=\"summary_large_image\" \/>\n<meta name=\"twitter:label1\" content=\"Gesch\u00e4tzte Lesezeit\" \/>\n\t<meta name=\"twitter:data1\" content=\"15\u00a0Minuten\" \/>\n<script type=\"application\/ld+json\" class=\"yoast-schema-graph\">{\"@context\":\"https:\\\/\\\/schema.org\",\"@graph\":[{\"@type\":\"WebPage\",\"@id\":\"https:\\\/\\\/www.keslerclinic.com\\\/de\\\/plastische-und-aesthetische-chirurgie\\\/koerperaesthetik\\\/\",\"url\":\"https:\\\/\\\/www.keslerclinic.com\\\/de\\\/plastische-und-aesthetische-chirurgie\\\/koerperaesthetik\\\/\",\"name\":\"K\u00f6rper\u00e4sthetik - Kesler Clinic Obezite Cerrahisi, \u00c7erkezk\u00f6y\",\"isPartOf\":{\"@id\":\"https:\\\/\\\/www.keslerclinic.com\\\/#website\"},\"datePublished\":\"2021-09-21T09:02:46+00:00\",\"breadcrumb\":{\"@id\":\"https:\\\/\\\/www.keslerclinic.com\\\/de\\\/plastische-und-aesthetische-chirurgie\\\/koerperaesthetik\\\/#breadcrumb\"},\"inLanguage\":\"de\",\"potentialAction\":[{\"@type\":\"ReadAction\",\"target\":[\"https:\\\/\\\/www.keslerclinic.com\\\/de\\\/plastische-und-aesthetische-chirurgie\\\/koerperaesthetik\\\/\"]}]},{\"@type\":\"BreadcrumbList\",\"@id\":\"https:\\\/\\\/www.keslerclinic.com\\\/de\\\/plastische-und-aesthetische-chirurgie\\\/koerperaesthetik\\\/#breadcrumb\",\"itemListElement\":[{\"@type\":\"ListItem\",\"position\":1,\"name\":\"Ana sayfa\",\"item\":\"https:\\\/\\\/www.keslerclinic.com\\\/de\\\/startseite\\\/\"},{\"@type\":\"ListItem\",\"position\":2,\"name\":\"Plastische und \u00c4sthetische Chirurgie\",\"item\":\"https:\\\/\\\/www.keslerclinic.com\\\/de\\\/plastische-und-aesthetische-chirurgie\\\/\"},{\"@type\":\"ListItem\",\"position\":3,\"name\":\"K\u00f6rper\u00e4sthetik\"}]},{\"@type\":\"WebSite\",\"@id\":\"https:\\\/\\\/www.keslerclinic.com\\\/#website\",\"url\":\"https:\\\/\\\/www.keslerclinic.com\\\/\",\"name\":\"Kesler Clinic\",\"description\":\"Obezite Cerrahisi, Diyabet Cerrahisi, Plastik ve Estetik Cerrahi, Sa\u00e7 Ekimi, Di\u015f Tedavileri, Onkoloji\",\"potentialAction\":[{\"@type\":\"SearchAction\",\"target\":{\"@type\":\"EntryPoint\",\"urlTemplate\":\"https:\\\/\\\/www.keslerclinic.com\\\/?s={search_term_string}\"},\"query-input\":{\"@type\":\"PropertyValueSpecification\",\"valueRequired\":true,\"valueName\":\"search_term_string\"}}],\"inLanguage\":\"de\"}]}<\/script>\n<!-- \/ Yoast SEO plugin. -->","yoast_head_json":{"title":"K\u00f6rper\u00e4sthetik - Kesler Clinic Obezite Cerrahisi, \u00c7erkezk\u00f6y","robots":{"index":"index","follow":"follow","max-snippet":"max-snippet:-1","max-image-preview":"max-image-preview:large","max-video-preview":"max-video-preview:-1"},"canonical":"https:\/\/www.keslerclinic.com\/de\/plastische-und-aesthetische-chirurgie\/koerperaesthetik\/","og_locale":"de_DE","og_type":"article","og_title":"K\u00f6rper\u00e4sthetik - Kesler Clinic Obezite Cerrahisi, \u00c7erkezk\u00f6y","og_url":"https:\/\/www.keslerclinic.com\/de\/plastische-und-aesthetische-chirurgie\/koerperaesthetik\/","og_site_name":"Kesler Clinic","article_publisher":"https:\/\/www.facebook.com\/keslerclinic\/","twitter_card":"summary_large_image","twitter_misc":{"Gesch\u00e4tzte Lesezeit":"15\u00a0Minuten"},"schema":{"@context":"https:\/\/schema.org","@graph":[{"@type":"WebPage","@id":"https:\/\/www.keslerclinic.com\/de\/plastische-und-aesthetische-chirurgie\/koerperaesthetik\/","url":"https:\/\/www.keslerclinic.com\/de\/plastische-und-aesthetische-chirurgie\/koerperaesthetik\/","name":"K\u00f6rper\u00e4sthetik - Kesler Clinic Obezite Cerrahisi, \u00c7erkezk\u00f6y","isPartOf":{"@id":"https:\/\/www.keslerclinic.com\/#website"},"datePublished":"2021-09-21T09:02:46+00:00","breadcrumb":{"@id":"https:\/\/www.keslerclinic.com\/de\/plastische-und-aesthetische-chirurgie\/koerperaesthetik\/#breadcrumb"},"inLanguage":"de","potentialAction":[{"@type":"ReadAction","target":["https:\/\/www.keslerclinic.com\/de\/plastische-und-aesthetische-chirurgie\/koerperaesthetik\/"]}]},{"@type":"BreadcrumbList","@id":"https:\/\/www.keslerclinic.com\/de\/plastische-und-aesthetische-chirurgie\/koerperaesthetik\/#breadcrumb","itemListElement":[{"@type":"ListItem","position":1,"name":"Ana sayfa","item":"https:\/\/www.keslerclinic.com\/de\/startseite\/"},{"@type":"ListItem","position":2,"name":"Plastische und \u00c4sthetische Chirurgie","item":"https:\/\/www.keslerclinic.com\/de\/plastische-und-aesthetische-chirurgie\/"},{"@type":"ListItem","position":3,"name":"K\u00f6rper\u00e4sthetik"}]},{"@type":"WebSite","@id":"https:\/\/www.keslerclinic.com\/#website","url":"https:\/\/www.keslerclinic.com\/","name":"Kesler Clinic","description":"Obezite Cerrahisi, Diyabet Cerrahisi, Plastik ve Estetik Cerrahi, Sa\u00e7 Ekimi, Di\u015f Tedavileri, Onkoloji","potentialAction":[{"@type":"SearchAction","target":{"@type":"EntryPoint","urlTemplate":"https:\/\/www.keslerclinic.com\/?s={search_term_string}"},"query-input":{"@type":"PropertyValueSpecification","valueRequired":true,"valueName":"search_term_string"}}],"inLanguage":"de"}]}},"_links":{"self":[{"href":"https:\/\/www.keslerclinic.com\/de\/wp-json\/wp\/v2\/pages\/1983","targetHints":{"allow":["GET"]}}],"collection":[{"href":"https:\/\/www.keslerclinic.com\/de\/wp-json\/wp\/v2\/pages"}],"about":[{"href":"https:\/\/www.keslerclinic.com\/de\/wp-json\/wp\/v2\/types\/page"}],"author":[{"embeddable":true,"href":"https:\/\/www.keslerclinic.com\/de\/wp-json\/wp\/v2\/users\/1"}],"replies":[{"embeddable":true,"href":"https:\/\/www.keslerclinic.com\/de\/wp-json\/wp\/v2\/comments?post=1983"}],"version-history":[{"count":2,"href":"https:\/\/www.keslerclinic.com\/de\/wp-json\/wp\/v2\/pages\/1983\/revisions"}],"predecessor-version":[{"id":1985,"href":"https:\/\/www.keslerclinic.com\/de\/wp-json\/wp\/v2\/pages\/1983\/revisions\/1985"}],"up":[{"embeddable":true,"href":"https:\/\/www.keslerclinic.com\/de\/wp-json\/wp\/v2\/pages\/1980"}],"wp:attachment":[{"href":"https:\/\/www.keslerclinic.com\/de\/wp-json\/wp\/v2\/media?parent=1983"}],"curies":[{"name":"wp","href":"https:\/\/api.w.org\/{rel}","templated":true}]}}