{"id":1965,"date":"2021-09-21T11:21:26","date_gmt":"2021-09-21T08:21:26","guid":{"rendered":"https:\/\/www.keslerclinic.com\/?page_id=1965"},"modified":"2021-09-21T11:21:26","modified_gmt":"2021-09-21T08:21:26","slug":"kombinierte-chirurgie","status":"publish","type":"page","link":"https:\/\/www.keslerclinic.com\/de\/adipositaschirurgie\/kombinierte-chirurgie\/","title":{"rendered":"Kombinierte Chirurgie"},"content":{"rendered":"<div class=\"fusion-fullwidth fullwidth-box fusion-builder-row-1 fusion-flex-container nonhundred-percent-fullwidth non-hundred-percent-height-scrolling\" style=\"--awb-border-radius-top-left:0px;--awb-border-radius-top-right:0px;--awb-border-radius-bottom-right:0px;--awb-border-radius-bottom-left:0px;--awb-flex-wrap:wrap;\" ><div class=\"fusion-builder-row fusion-row fusion-flex-align-items-flex-start fusion-flex-content-wrap\" style=\"max-width:1216.8px;margin-left: calc(-4% \/ 2 );margin-right: calc(-4% \/ 2 );\"><div class=\"fusion-layout-column fusion_builder_column fusion-builder-column-0 fusion_builder_column_2_3 2_3 fusion-flex-column\" style=\"--awb-bg-size:cover;--awb-width-large:66.666666666667%;--awb-margin-top-large:0px;--awb-spacing-right-large:2.88%;--awb-margin-bottom-large:30px;--awb-spacing-left-large:2.88%;--awb-width-medium:66.666666666667%;--awb-spacing-right-medium:2.88%;--awb-spacing-left-medium:2.88%;--awb-width-small:100%;--awb-spacing-right-small:1.92%;--awb-spacing-left-small:1.92%;\"><div class=\"fusion-column-wrapper fusion-column-has-shadow fusion-flex-justify-content-flex-start fusion-content-layout-column\"><div class=\"fusion-title title fusion-title-1 fusion-sep-none fusion-title-highlight fusion-animate-once fusion-highlight-underline_zigzag fusion-title-size-two\" style=\"--awb-highlight-color:#3e69b3;\" data-highlight=\"underline_zigzag\"><h2 class=\"fusion-title-heading title-heading-left fusion-responsive-typography-calculated\" style=\"margin:0;--fontSize:46;line-height:1.25;\"><span class=\"fusion-highlighted-text-prefix\"><\/span> <span class=\"fusion-highlighted-text-wrapper\"><span class=\"fusion-highlighted-text\">Kombinierte Chirurgie <\/span><svg xmlns=\"http:\/\/www.w3.org\/2000\/svg\" viewBox=\"0 0 500 150\" preserveAspectRatio=\"none\"><path d=\"M6.1,133.6c0,0,173.4-20.6,328.3-14.5c154.8,6.1,162.2,8.7,162.2,8.7s-262.6-4.9-339.2,13.9 c0,0,113.8-6.1,162.9,6.9\"><\/path><\/svg><\/span> <span class=\"fusion-highlighted-text-postfix\"><\/span><\/h2><\/div><div class=\"fusion-separator fusion-full-width-sep\" style=\"align-self: center;margin-left: auto;margin-right: auto;margin-top:30px;margin-bottom:5px;width:100%;\"><\/div><div class=\"fusion-text fusion-text-1\"><p>Das ist die Methode, die wir insbesondere in den letzten zwei Jahren am meisten bevorzugt haben. Sie wird durch die Fusion von zwei verschiedenen Adipositas-Operationen durchgef\u00fchrt. Somit wird der Nutzen der Operation maximiert, die Risiken minimiert.<\/p>\n<p>Zun\u00e4chst wird, wie bei der Magenschlauchbildung, der Magen entlang seiner L\u00e4ngsachse geschnitten und zu einem Schlauch geformt. Dann wird er in der Mitte geschnitten und die obere und untere H\u00e4lfte werden komplett getrennt. Der D\u00fcnndarm wird in einem Abstand von 20 cm am oberen Teil festgebunden, und so wird die Operation beendet. Diese Operation wird bereits verwendet, um die Operationen von Patienten, die sich zuvor einer Magenschlauchbildung unterzogen haben &#8211; aber nicht genug davon profitiert haben &#8211; auf eine Mini-Bypass-Operation umzustellen. Die Gr\u00fcnde, warum wir es bei Patienten verwenden, die zum ersten Mal operiert werden, sind:<\/p>\n<p>Der Abnehmerfolg ist h\u00f6her als bei Patienten, die sich allein einer Magenschlauchbildungsoperation oder einer Bypass-Operation unterzogen haben.<\/p>\n<p>Die Gewichtserhaltungsraten sind h\u00f6her als bei alternativen Operationen (Sleeve-Gastrektomie, Minibypass, Magenbypass).<\/p>\n<p>Komplikationen sind weniger wahrscheinlich.<\/p>\n<p><strong>Vorteile gegen\u00fcber Magenbypass und Mini-Bypass:<\/strong><\/p>\n<p>Bei der Mini-Bypass- oder Magen-Bypass-Operation arbeitet der Chirurg w\u00e4hrend der Verformung des Magens zu einem Schlauch in jenem Bereich des Magens, der der Leber zugewandt ist und in dem die Gef\u00e4\u00dfe sehr dicht sind und daher die Blutungsgefahr hoch ist. Bei einer Operation mit der genannten Technik wird jedoch die Au\u00dfenseite des Magens verwendet, die ein sichererer Bereich ist. Somit bleiben die Venen an der Seite der Leber gesch\u00fctzt.<\/p>\n<p>Im Gegensatz zu Mini-Bypass- und Magenbypass-Operationen wird durch die Entfernung des Magenfundus auch die Ghrelin-Ausscheidung und damit der Appetit reduziert.<\/p>\n<p>Der Patient wird vor dem Risiko einer inneren Herniation (Intraabdominalhernie) nach der Magenbypass-Operation gesch\u00fctzt.<\/p>\n<p>Einen flacheren und st\u00e4rkeren Magenschlauch wird es geben.<\/p>\n<p><strong>Vorteile gegen\u00fcber Sleeve-Gastrektomie:<\/strong><\/p>\n<p>Da der Magen zu einem Schlauch geformt und mit dem Darm verbunden ist, steigt der Druck im Magen nach der Operation nicht stark an, wodurch die M\u00f6glichkeit einer Leckage verringert wird.<\/p>\n<p>Da 200 cm D\u00fcnndarm umgangen (by-pass) werden, wird auch die Nahrungsresorption reduziert, so dass der Abnehmerfolg besser ist.<\/p>\n<p>Diese Operation bietet eine viel bessere Kontrolle als die Sleeve-Gastrektomie bei Krankheiten im Zusammenhang mit Diabetes und hohem Cholesterinspiegel.<\/p>\n<p>Im Vergleich zu anderen Operationen ist die M\u00f6glichkeit einer Revision viel geringer.<\/p>\n<p>Die durchschnittliche Dauer der Operation betr\u00e4gt 40 Minuten. Der Patient kann am n\u00e4chsten Tag Fl\u00fcssignahrung zu sich nehmen. Er wird in der Regel am dritten Tag entlassen.<\/p>\n<\/div><\/div><\/div><div class=\"fusion-layout-column fusion_builder_column fusion-builder-column-1 fusion_builder_column_1_3 1_3 fusion-flex-column\" style=\"--awb-bg-position:center center;--awb-bg-size:cover;--awb-width-large:33.333333333333%;--awb-margin-top-large:0px;--awb-spacing-right-large:5.76%;--awb-margin-bottom-large:30px;--awb-spacing-left-large:5.76%;--awb-width-medium:33.333333333333%;--awb-spacing-right-medium:5.76%;--awb-spacing-left-medium:5.76%;--awb-width-small:100%;--awb-spacing-right-small:1.92%;--awb-spacing-left-small:1.92%;\"><div class=\"fusion-column-wrapper fusion-column-has-shadow fusion-flex-justify-content-flex-start fusion-content-layout-column\"><div class=\"fusion-image-element \" style=\"text-align:center;--awb-liftup-border-radius:0px;--awb-caption-title-font-family:var(--h2_typography-font-family);--awb-caption-title-font-weight:var(--h2_typography-font-weight);--awb-caption-title-font-style:var(--h2_typography-font-style);--awb-caption-title-size:var(--h2_typography-font-size);--awb-caption-title-transform:var(--h2_typography-text-transform);--awb-caption-title-line-height:var(--h2_typography-line-height);--awb-caption-title-letter-spacing:var(--h2_typography-letter-spacing);\"><div class=\"awb-image-frame awb-image-frame-1 imageframe-liftup\"><span class=\" fusion-imageframe imageframe-none imageframe-1\"><a href=\"http:\/\/www.keslerclinic.com\/wp-content\/uploads\/kombine_cerrahi.jpg\" class=\"fusion-lightbox\" data-rel=\"iLightbox[8b5bae699dca107081a]\" data-caption=\"Kombine Cerrahi Kesler Clinic - diyabet ameliyat\u0131\" data-title=\"Kombine Cerrahi Kesler Clinic\" title=\"Kombine Cerrahi Kesler Clinic\"><img decoding=\"async\" width=\"1000\" height=\"582\" alt=\"Kombine Cerrahi Onur Kesler\" src=\"https:\/\/www.keslerclinic.com\/wp-content\/uploads\/kombine_cerrahi.jpg\" data-orig-src=\"http:\/\/www.keslerclinic.com\/wp-content\/uploads\/kombine_cerrahi.jpg\" class=\"lazyload img-responsive wp-image-2100\" srcset=\"data:image\/svg+xml,%3Csvg%20xmlns%3D%27http%3A%2F%2Fwww.w3.org%2F2000%2Fsvg%27%20width%3D%271000%27%20height%3D%27582%27%20viewBox%3D%270%200%201000%20582%27%3E%3Crect%20width%3D%271000%27%20height%3D%27582%27%20fill-opacity%3D%220%22%2F%3E%3C%2Fsvg%3E\" data-srcset=\"https:\/\/www.keslerclinic.com\/wp-content\/uploads\/kombine_cerrahi-200x116.jpg 200w, https:\/\/www.keslerclinic.com\/wp-content\/uploads\/kombine_cerrahi-400x233.jpg 400w, https:\/\/www.keslerclinic.com\/wp-content\/uploads\/kombine_cerrahi-600x349.jpg 600w, https:\/\/www.keslerclinic.com\/wp-content\/uploads\/kombine_cerrahi-800x466.jpg 800w, https:\/\/www.keslerclinic.com\/wp-content\/uploads\/kombine_cerrahi.jpg 1000w\" data-sizes=\"auto\" data-orig-sizes=\"(max-width: 640px) 100vw, 400px\" \/><\/a><\/span><\/div><\/div><div class=\"fusion-separator fusion-full-width-sep\" style=\"align-self: center;margin-left: auto;margin-right: auto;margin-top:10px;margin-bottom:20px;width:100%;\"><\/div><div class=\"fusion-title title fusion-title-2 fusion-sep-none fusion-title-rotating fusion-animate-loop fusion-title-typeIn fusion-title-size-three\" style=\"--awb-text-color:#223962;\"><h3 class=\"fusion-title-heading title-heading-left fusion-responsive-typography-calculated\" style=\"margin:0;--fontSize:22;--minFontSize:22;line-height:2.2;\"><span class=\"fusion-animated-text-prefix\"><\/span> <span class=\"fusion-animated-texts-wrapper\" style=\"text-align: center;\" data-length=\"char\" data-minDisplayTime=\"1200\"><span class=\"fusion-animated-texts\"><span data-in-effect=\"typeIn\" class=\"fusion-animated-text\" data-in-sequence=\"true\" data-out-reverse=\"true\" data-out-effect=\"typeOut\">BMI<\/span><span data-in-effect=\"typeIn\" class=\"fusion-animated-text\" data-in-sequence=\"true\" data-out-reverse=\"true\" data-out-effect=\"typeOut\">Body-Mass-Index<\/span><\/span><\/span> <span class=\"fusion-animated-text-postfix\">Berechnung<\/span><\/h3><\/div>\n<div class=\"fusion-text fusion-text-2\"><p>[bmi theme=&#8220;material&#8220; heightPlaceholder=&#8220;Enter your height&#8220; height=&#8220;Boy&#8220; weight=&#8220;Kilo&#8220; submit=&#8220;Berechnung!&#8220; result=&#8220;BMI %bmi%&#8220;]<\/p>\n<\/div>\n<\/div><\/div><\/div><\/div>\n","protected":false},"excerpt":{"rendered":"","protected":false},"author":1,"featured_media":0,"parent":1953,"menu_order":0,"comment_status":"closed","ping_status":"closed","template":"100-width.php","meta":{"footnotes":""},"class_list":["post-1965","page","type-page","status-publish","hentry"],"yoast_head":"<!-- This site is optimized with the Yoast SEO plugin v27.4 - https:\/\/yoast.com\/product\/yoast-seo-wordpress\/ -->\n<title>Kombinierte Chirurgie - Kesler Clinic Obezite Cerrahisi, \u00c7erkezk\u00f6y<\/title>\n<meta name=\"robots\" content=\"index, follow, max-snippet:-1, max-image-preview:large, max-video-preview:-1\" \/>\n<link rel=\"canonical\" href=\"https:\/\/www.keslerclinic.com\/de\/adipositaschirurgie\/kombinierte-chirurgie\/\" \/>\n<meta property=\"og:locale\" content=\"de_DE\" \/>\n<meta property=\"og:type\" content=\"article\" \/>\n<meta property=\"og:title\" content=\"Kombinierte Chirurgie - Kesler Clinic Obezite Cerrahisi, \u00c7erkezk\u00f6y\" \/>\n<meta property=\"og:url\" content=\"https:\/\/www.keslerclinic.com\/de\/adipositaschirurgie\/kombinierte-chirurgie\/\" \/>\n<meta property=\"og:site_name\" content=\"Kesler Clinic\" \/>\n<meta property=\"article:publisher\" content=\"https:\/\/www.facebook.com\/keslerclinic\/\" \/>\n<meta name=\"twitter:card\" content=\"summary_large_image\" \/>\n<meta name=\"twitter:label1\" content=\"Gesch\u00e4tzte Lesezeit\" \/>\n\t<meta name=\"twitter:data1\" content=\"7\u00a0Minuten\" \/>\n<script type=\"application\/ld+json\" class=\"yoast-schema-graph\">{\"@context\":\"https:\\\/\\\/schema.org\",\"@graph\":[{\"@type\":\"WebPage\",\"@id\":\"https:\\\/\\\/www.keslerclinic.com\\\/de\\\/adipositaschirurgie\\\/kombinierte-chirurgie\\\/\",\"url\":\"https:\\\/\\\/www.keslerclinic.com\\\/de\\\/adipositaschirurgie\\\/kombinierte-chirurgie\\\/\",\"name\":\"Kombinierte Chirurgie - Kesler Clinic Obezite Cerrahisi, \u00c7erkezk\u00f6y\",\"isPartOf\":{\"@id\":\"https:\\\/\\\/www.keslerclinic.com\\\/#website\"},\"datePublished\":\"2021-09-21T08:21:26+00:00\",\"breadcrumb\":{\"@id\":\"https:\\\/\\\/www.keslerclinic.com\\\/de\\\/adipositaschirurgie\\\/kombinierte-chirurgie\\\/#breadcrumb\"},\"inLanguage\":\"de\",\"potentialAction\":[{\"@type\":\"ReadAction\",\"target\":[\"https:\\\/\\\/www.keslerclinic.com\\\/de\\\/adipositaschirurgie\\\/kombinierte-chirurgie\\\/\"]}]},{\"@type\":\"BreadcrumbList\",\"@id\":\"https:\\\/\\\/www.keslerclinic.com\\\/de\\\/adipositaschirurgie\\\/kombinierte-chirurgie\\\/#breadcrumb\",\"itemListElement\":[{\"@type\":\"ListItem\",\"position\":1,\"name\":\"Ana sayfa\",\"item\":\"https:\\\/\\\/www.keslerclinic.com\\\/de\\\/startseite\\\/\"},{\"@type\":\"ListItem\",\"position\":2,\"name\":\"Adipositaschirurgie\",\"item\":\"https:\\\/\\\/www.keslerclinic.com\\\/de\\\/adipositaschirurgie\\\/\"},{\"@type\":\"ListItem\",\"position\":3,\"name\":\"Kombinierte Chirurgie\"}]},{\"@type\":\"WebSite\",\"@id\":\"https:\\\/\\\/www.keslerclinic.com\\\/#website\",\"url\":\"https:\\\/\\\/www.keslerclinic.com\\\/\",\"name\":\"Kesler Clinic\",\"description\":\"Obezite Cerrahisi, Diyabet Cerrahisi, Plastik ve Estetik Cerrahi, Sa\u00e7 Ekimi, Di\u015f Tedavileri, Onkoloji\",\"potentialAction\":[{\"@type\":\"SearchAction\",\"target\":{\"@type\":\"EntryPoint\",\"urlTemplate\":\"https:\\\/\\\/www.keslerclinic.com\\\/?s={search_term_string}\"},\"query-input\":{\"@type\":\"PropertyValueSpecification\",\"valueRequired\":true,\"valueName\":\"search_term_string\"}}],\"inLanguage\":\"de\"}]}<\/script>\n<!-- \/ Yoast SEO plugin. -->","yoast_head_json":{"title":"Kombinierte Chirurgie - Kesler Clinic Obezite Cerrahisi, \u00c7erkezk\u00f6y","robots":{"index":"index","follow":"follow","max-snippet":"max-snippet:-1","max-image-preview":"max-image-preview:large","max-video-preview":"max-video-preview:-1"},"canonical":"https:\/\/www.keslerclinic.com\/de\/adipositaschirurgie\/kombinierte-chirurgie\/","og_locale":"de_DE","og_type":"article","og_title":"Kombinierte Chirurgie - Kesler Clinic Obezite Cerrahisi, \u00c7erkezk\u00f6y","og_url":"https:\/\/www.keslerclinic.com\/de\/adipositaschirurgie\/kombinierte-chirurgie\/","og_site_name":"Kesler Clinic","article_publisher":"https:\/\/www.facebook.com\/keslerclinic\/","twitter_card":"summary_large_image","twitter_misc":{"Gesch\u00e4tzte Lesezeit":"7\u00a0Minuten"},"schema":{"@context":"https:\/\/schema.org","@graph":[{"@type":"WebPage","@id":"https:\/\/www.keslerclinic.com\/de\/adipositaschirurgie\/kombinierte-chirurgie\/","url":"https:\/\/www.keslerclinic.com\/de\/adipositaschirurgie\/kombinierte-chirurgie\/","name":"Kombinierte Chirurgie - Kesler Clinic Obezite Cerrahisi, \u00c7erkezk\u00f6y","isPartOf":{"@id":"https:\/\/www.keslerclinic.com\/#website"},"datePublished":"2021-09-21T08:21:26+00:00","breadcrumb":{"@id":"https:\/\/www.keslerclinic.com\/de\/adipositaschirurgie\/kombinierte-chirurgie\/#breadcrumb"},"inLanguage":"de","potentialAction":[{"@type":"ReadAction","target":["https:\/\/www.keslerclinic.com\/de\/adipositaschirurgie\/kombinierte-chirurgie\/"]}]},{"@type":"BreadcrumbList","@id":"https:\/\/www.keslerclinic.com\/de\/adipositaschirurgie\/kombinierte-chirurgie\/#breadcrumb","itemListElement":[{"@type":"ListItem","position":1,"name":"Ana sayfa","item":"https:\/\/www.keslerclinic.com\/de\/startseite\/"},{"@type":"ListItem","position":2,"name":"Adipositaschirurgie","item":"https:\/\/www.keslerclinic.com\/de\/adipositaschirurgie\/"},{"@type":"ListItem","position":3,"name":"Kombinierte Chirurgie"}]},{"@type":"WebSite","@id":"https:\/\/www.keslerclinic.com\/#website","url":"https:\/\/www.keslerclinic.com\/","name":"Kesler Clinic","description":"Obezite Cerrahisi, Diyabet Cerrahisi, Plastik ve Estetik Cerrahi, Sa\u00e7 Ekimi, Di\u015f Tedavileri, Onkoloji","potentialAction":[{"@type":"SearchAction","target":{"@type":"EntryPoint","urlTemplate":"https:\/\/www.keslerclinic.com\/?s={search_term_string}"},"query-input":{"@type":"PropertyValueSpecification","valueRequired":true,"valueName":"search_term_string"}}],"inLanguage":"de"}]}},"_links":{"self":[{"href":"https:\/\/www.keslerclinic.com\/de\/wp-json\/wp\/v2\/pages\/1965","targetHints":{"allow":["GET"]}}],"collection":[{"href":"https:\/\/www.keslerclinic.com\/de\/wp-json\/wp\/v2\/pages"}],"about":[{"href":"https:\/\/www.keslerclinic.com\/de\/wp-json\/wp\/v2\/types\/page"}],"author":[{"embeddable":true,"href":"https:\/\/www.keslerclinic.com\/de\/wp-json\/wp\/v2\/users\/1"}],"replies":[{"embeddable":true,"href":"https:\/\/www.keslerclinic.com\/de\/wp-json\/wp\/v2\/comments?post=1965"}],"version-history":[{"count":2,"href":"https:\/\/www.keslerclinic.com\/de\/wp-json\/wp\/v2\/pages\/1965\/revisions"}],"predecessor-version":[{"id":1970,"href":"https:\/\/www.keslerclinic.com\/de\/wp-json\/wp\/v2\/pages\/1965\/revisions\/1970"}],"up":[{"embeddable":true,"href":"https:\/\/www.keslerclinic.com\/de\/wp-json\/wp\/v2\/pages\/1953"}],"wp:attachment":[{"href":"https:\/\/www.keslerclinic.com\/de\/wp-json\/wp\/v2\/media?parent=1965"}],"curies":[{"name":"wp","href":"https:\/\/api.w.org\/{rel}","templated":true}]}}