{"id":1938,"date":"2021-09-20T21:03:53","date_gmt":"2021-09-20T18:03:53","guid":{"rendered":"https:\/\/www.keslerclinic.com\/?page_id=1938"},"modified":"2021-09-20T21:35:06","modified_gmt":"2021-09-20T18:35:06","slug":"sleeve-gastrektomie","status":"publish","type":"page","link":"https:\/\/www.keslerclinic.com\/de\/adipositaschirurgie\/sleeve-gastrektomie\/","title":{"rendered":"Sleeve-Gastrektomie"},"content":{"rendered":"<div class=\"fusion-fullwidth fullwidth-box fusion-builder-row-1 fusion-flex-container nonhundred-percent-fullwidth non-hundred-percent-height-scrolling\" style=\"--awb-border-radius-top-left:0px;--awb-border-radius-top-right:0px;--awb-border-radius-bottom-right:0px;--awb-border-radius-bottom-left:0px;--awb-flex-wrap:wrap;\" ><div class=\"fusion-builder-row fusion-row fusion-flex-align-items-flex-start fusion-flex-content-wrap\" style=\"max-width:1216.8px;margin-left: calc(-4% \/ 2 );margin-right: calc(-4% \/ 2 );\"><div class=\"fusion-layout-column fusion_builder_column fusion-builder-column-0 fusion_builder_column_2_3 2_3 fusion-flex-column\" style=\"--awb-bg-size:cover;--awb-width-large:66.666666666667%;--awb-margin-top-large:0px;--awb-spacing-right-large:2.88%;--awb-margin-bottom-large:30px;--awb-spacing-left-large:2.88%;--awb-width-medium:66.666666666667%;--awb-spacing-right-medium:2.88%;--awb-spacing-left-medium:2.88%;--awb-width-small:100%;--awb-spacing-right-small:1.92%;--awb-spacing-left-small:1.92%;\"><div class=\"fusion-column-wrapper fusion-column-has-shadow fusion-flex-justify-content-flex-start fusion-content-layout-column\"><div class=\"fusion-title title fusion-title-1 fusion-sep-none fusion-title-highlight fusion-animate-once fusion-highlight-underline_zigzag fusion-title-size-two\" style=\"--awb-highlight-color:#3e69b3;\" data-highlight=\"underline_zigzag\"><h2 class=\"fusion-title-heading title-heading-left fusion-responsive-typography-calculated\" style=\"margin:0;--fontSize:46;line-height:1.25;\"><span class=\"fusion-highlighted-text-prefix\"><\/span> <span class=\"fusion-highlighted-text-wrapper\"><span class=\"fusion-highlighted-text\">Sleeve-Gastrektomie<\/span><svg xmlns=\"http:\/\/www.w3.org\/2000\/svg\" viewBox=\"0 0 500 150\" preserveAspectRatio=\"none\"><path d=\"M6.1,133.6c0,0,173.4-20.6,328.3-14.5c154.8,6.1,162.2,8.7,162.2,8.7s-262.6-4.9-339.2,13.9 c0,0,113.8-6.1,162.9,6.9\"><\/path><\/svg><\/span> <span class=\"fusion-highlighted-text-postfix\"><\/span><\/h2><\/div><div class=\"fusion-separator fusion-full-width-sep\" style=\"align-self: center;margin-left: auto;margin-right: auto;margin-top:30px;margin-bottom:5px;width:100%;\"><\/div><div class=\"fusion-text fusion-text-1\"><p><strong>WAS IST SLEEVE-GASTREKTOMIE (MAGENSCHLAUCHBILDUNG)?<\/strong><\/p>\n<p>Bei der Sleeve-Gastrektomie (Chirurgie der Magenschlauchbildung) handelt es sich darum, dass der Magen w\u00e4hrend der Operation entlang der L\u00e4ngsachse geschnitten und in eine R\u00f6hre verwandelt wird. So kann der Magen, der bei vorheriger Nahrungsaufnahme auf ein Volumen von 1500 ccm h\u00e4tte anwachsen k\u00f6nnen, nach der Operation nur 100-150 ccm Nahrung aufnehmen.<\/p>\n<p><strong>WIE VIEL GEWICHT VERLIEREN DIE PERSONEN, DIE SICH EINER MAGENSCHLAUCHBILDUNG UNTERZIEHEN?<\/strong><\/p>\n<p>Patienten, die operiert wurden, k\u00f6nnen viel weniger von der Nahrung zu sich nehmen, an die sie gew\u00f6hnt sind, da ihr Magenvolumen reduziert worden ist. So nehmen sie auch weniger Kalorien zu sich. Dar\u00fcber hinaus nimmt ihr Appetit aufgrund der Verringerung des Hormons Ghrelin (Hungerhormon) ab, das aus dem entfernten Teil des Magens ausgeschieden wird.<\/p>\n<p>Unsere Patienten k\u00f6nnen mit diesen beiden Effekten der Operation etwa 85-90% ihres \u00dcbergewichts verlieren. W\u00e4hrend der Gewichtsverlust in den ersten 6 Monaten schnell erfolgt, verlangsamt er sich allm\u00e4hlich und h\u00e4lt 2 Jahre lang an.<\/p>\n<p><strong>WIE WIRD DIE CHIRURGIE DER MAGENSCHLAUCHBILDUNG DURCHGEF\u00dcHRT?<\/strong><\/p>\n<p>Die Operation wird laparoskopisch (mit der geschlossenen Methode) mit Hilfe einer Videokamera durchgef\u00fchrt.<\/p>\n<p>Die durchschnittliche Dauer der Operation betr\u00e4gt 30-40 Minuten.<\/p>\n<p>W\u00e4hrend der Operation werden High-Tech-Werkzeuge, sogenannte Klammerger\u00e4te, verwendet, die den Magen automatisch vern\u00e4hen und dann durchtrennen. Dar\u00fcber hinaus k\u00f6nnen bei Bedarf zus\u00e4tzliche Stiche hinzugef\u00fcgt werden, um die Nahtlinie zu verst\u00e4rken.<\/p>\n<p><strong>WIE SOLLTE MAN SICH NACH DER MAGENSCHLAUCHBILDUNG ERN\u00c4HREN?<\/strong><\/p>\n<p>Mit Fl\u00fcssignahrung wird 24-48 Stunden nach der Operation begonnen.<\/p>\n<p>Mit unserer Ern\u00e4hrungsberaterin wird ein spezieller Ern\u00e4hrungsplan als Fl\u00fcssigern\u00e4hrungsperiode, P\u00fcree-Ern\u00e4hrungsperiode und Festnahrungsperiode erstellt.<\/p>\n<p><strong>WANN WIRD MAN NACH DER MAGENSCHLAUCHBILDUNGSOPERATION AUS DER KLINIK ENTLASSEN?<\/strong><\/p>\n<p>Nach Sleeve-Gastrektomie k\u00f6nnen Patienten in der Regel am 3. Tag entlassen werden.<\/p>\n<p>Da die Operation mit der laparoskopischen Methode durchgef\u00fchrt wird, wird der Patient nach der Entlassung in der Lage sein, seiner t\u00e4glichen Arbeit nachzugehen.<\/p>\n<p>Wenn Sie einen Schreibtischjob haben, k\u00f6nnen Sie nach 3 Tagen wieder arbeiten. Wer schwerere Arbeiten zu leisten hat, sollte 10 Tage warten.<\/p>\n<\/div><\/div><\/div><div class=\"fusion-layout-column fusion_builder_column fusion-builder-column-1 fusion_builder_column_1_3 1_3 fusion-flex-column\" style=\"--awb-bg-position:center center;--awb-bg-size:cover;--awb-width-large:33.333333333333%;--awb-margin-top-large:0px;--awb-spacing-right-large:5.76%;--awb-margin-bottom-large:30px;--awb-spacing-left-large:5.76%;--awb-width-medium:33.333333333333%;--awb-spacing-right-medium:5.76%;--awb-spacing-left-medium:5.76%;--awb-width-small:100%;--awb-spacing-right-small:1.92%;--awb-spacing-left-small:1.92%;\"><div class=\"fusion-column-wrapper fusion-column-has-shadow fusion-flex-justify-content-flex-start fusion-content-layout-column\"><div class=\"fusion-image-element \" style=\"text-align:center;--awb-liftup-border-radius:0px;--awb-caption-title-font-family:var(--h2_typography-font-family);--awb-caption-title-font-weight:var(--h2_typography-font-weight);--awb-caption-title-font-style:var(--h2_typography-font-style);--awb-caption-title-size:var(--h2_typography-font-size);--awb-caption-title-transform:var(--h2_typography-text-transform);--awb-caption-title-line-height:var(--h2_typography-line-height);--awb-caption-title-letter-spacing:var(--h2_typography-letter-spacing);\"><div class=\"awb-image-frame awb-image-frame-1 imageframe-liftup\"><span class=\" fusion-imageframe imageframe-none imageframe-1\"><a href=\"http:\/\/www.keslerclinic.com\/wp-content\/uploads\/sleeve_gastrektomi.jpg\" class=\"fusion-lightbox\" data-rel=\"iLightbox[262f7fa2ac58a3570a4]\" data-caption=\"Sleeve Gastrekomi Kesler Clinic - t\u00fcp mide ameliyat\u0131\" data-title=\"Sleeve Gastrekomi Kesler Clinic\" title=\"Sleeve Gastrekomi Kesler Clinic\"><img decoding=\"async\" width=\"1000\" height=\"582\" src=\"https:\/\/www.keslerclinic.com\/wp-content\/uploads\/sleeve_gastrektomi.jpg\" data-orig-src=\"http:\/\/www.keslerclinic.com\/wp-content\/uploads\/sleeve_gastrektomi.jpg\" alt class=\"lazyload img-responsive wp-image-2099\" srcset=\"data:image\/svg+xml,%3Csvg%20xmlns%3D%27http%3A%2F%2Fwww.w3.org%2F2000%2Fsvg%27%20width%3D%271000%27%20height%3D%27582%27%20viewBox%3D%270%200%201000%20582%27%3E%3Crect%20width%3D%271000%27%20height%3D%27582%27%20fill-opacity%3D%220%22%2F%3E%3C%2Fsvg%3E\" data-srcset=\"https:\/\/www.keslerclinic.com\/wp-content\/uploads\/sleeve_gastrektomi-200x116.jpg 200w, https:\/\/www.keslerclinic.com\/wp-content\/uploads\/sleeve_gastrektomi-400x233.jpg 400w, https:\/\/www.keslerclinic.com\/wp-content\/uploads\/sleeve_gastrektomi-600x349.jpg 600w, https:\/\/www.keslerclinic.com\/wp-content\/uploads\/sleeve_gastrektomi-800x466.jpg 800w, https:\/\/www.keslerclinic.com\/wp-content\/uploads\/sleeve_gastrektomi.jpg 1000w\" data-sizes=\"auto\" data-orig-sizes=\"(max-width: 640px) 100vw, 400px\" \/><\/a><\/span><\/div><\/div><div class=\"fusion-separator fusion-full-width-sep\" style=\"align-self: center;margin-left: auto;margin-right: auto;margin-top:10px;margin-bottom:20px;width:100%;\"><\/div><div class=\"fusion-title title fusion-title-2 fusion-sep-none fusion-title-rotating fusion-animate-loop fusion-title-typeIn fusion-title-size-three\" style=\"--awb-text-color:#223962;\"><h3 class=\"fusion-title-heading title-heading-left fusion-responsive-typography-calculated\" style=\"margin:0;--fontSize:22;--minFontSize:22;line-height:2.2;\"><span class=\"fusion-animated-text-prefix\"><\/span> <span class=\"fusion-animated-texts-wrapper\" style=\"text-align: center;\" data-length=\"char\" data-minDisplayTime=\"1200\"><span class=\"fusion-animated-texts\"><span data-in-effect=\"typeIn\" class=\"fusion-animated-text\" data-in-sequence=\"true\" data-out-reverse=\"true\" data-out-effect=\"typeOut\">BMI<\/span><span data-in-effect=\"typeIn\" class=\"fusion-animated-text\" data-in-sequence=\"true\" data-out-reverse=\"true\" data-out-effect=\"typeOut\">Body-Mass-Index<\/span><\/span><\/span> <span class=\"fusion-animated-text-postfix\">Berechnung<\/span><\/h3><\/div>\n<div class=\"fusion-text fusion-text-2\"><p>[bmi theme=&#8220;material&#8220; heightPlaceholder=&#8220;Enter your height&#8220; height=&#8220;Boy&#8220; weight=&#8220;Kilo&#8220; submit=&#8220;Berechnung!&#8220; result=&#8220;BMI %bmi%&#8220;]<\/p>\n<\/div>\n<\/div><\/div><\/div><\/div>\n","protected":false},"excerpt":{"rendered":"","protected":false},"author":1,"featured_media":0,"parent":1953,"menu_order":0,"comment_status":"closed","ping_status":"closed","template":"100-width.php","meta":{"footnotes":""},"class_list":["post-1938","page","type-page","status-publish","hentry"],"yoast_head":"<!-- This site is optimized with the Yoast SEO plugin v27.4 - https:\/\/yoast.com\/product\/yoast-seo-wordpress\/ -->\n<title>Sleeve-Gastrektomie - Kesler Clinic Obezite Cerrahisi, \u00c7erkezk\u00f6y<\/title>\n<meta name=\"robots\" content=\"index, follow, max-snippet:-1, max-image-preview:large, max-video-preview:-1\" \/>\n<link rel=\"canonical\" href=\"https:\/\/www.keslerclinic.com\/de\/adipositaschirurgie\/sleeve-gastrektomie\/\" \/>\n<meta property=\"og:locale\" content=\"de_DE\" \/>\n<meta property=\"og:type\" content=\"article\" \/>\n<meta property=\"og:title\" content=\"Sleeve-Gastrektomie - Kesler Clinic Obezite Cerrahisi, \u00c7erkezk\u00f6y\" \/>\n<meta property=\"og:url\" content=\"https:\/\/www.keslerclinic.com\/de\/adipositaschirurgie\/sleeve-gastrektomie\/\" \/>\n<meta property=\"og:site_name\" content=\"Kesler Clinic\" \/>\n<meta property=\"article:publisher\" content=\"https:\/\/www.facebook.com\/keslerclinic\/\" \/>\n<meta property=\"article:modified_time\" content=\"2021-09-20T18:35:06+00:00\" \/>\n<meta name=\"twitter:card\" content=\"summary_large_image\" \/>\n<meta name=\"twitter:label1\" content=\"Gesch\u00e4tzte Lesezeit\" \/>\n\t<meta name=\"twitter:data1\" content=\"6\u00a0Minuten\" \/>\n<script type=\"application\/ld+json\" class=\"yoast-schema-graph\">{\"@context\":\"https:\\\/\\\/schema.org\",\"@graph\":[{\"@type\":\"WebPage\",\"@id\":\"https:\\\/\\\/www.keslerclinic.com\\\/de\\\/adipositaschirurgie\\\/sleeve-gastrektomie\\\/\",\"url\":\"https:\\\/\\\/www.keslerclinic.com\\\/de\\\/adipositaschirurgie\\\/sleeve-gastrektomie\\\/\",\"name\":\"Sleeve-Gastrektomie - Kesler Clinic Obezite Cerrahisi, \u00c7erkezk\u00f6y\",\"isPartOf\":{\"@id\":\"https:\\\/\\\/www.keslerclinic.com\\\/#website\"},\"datePublished\":\"2021-09-20T18:03:53+00:00\",\"dateModified\":\"2021-09-20T18:35:06+00:00\",\"breadcrumb\":{\"@id\":\"https:\\\/\\\/www.keslerclinic.com\\\/de\\\/adipositaschirurgie\\\/sleeve-gastrektomie\\\/#breadcrumb\"},\"inLanguage\":\"de\",\"potentialAction\":[{\"@type\":\"ReadAction\",\"target\":[\"https:\\\/\\\/www.keslerclinic.com\\\/de\\\/adipositaschirurgie\\\/sleeve-gastrektomie\\\/\"]}]},{\"@type\":\"BreadcrumbList\",\"@id\":\"https:\\\/\\\/www.keslerclinic.com\\\/de\\\/adipositaschirurgie\\\/sleeve-gastrektomie\\\/#breadcrumb\",\"itemListElement\":[{\"@type\":\"ListItem\",\"position\":1,\"name\":\"Ana sayfa\",\"item\":\"https:\\\/\\\/www.keslerclinic.com\\\/de\\\/startseite\\\/\"},{\"@type\":\"ListItem\",\"position\":2,\"name\":\"Adipositaschirurgie\",\"item\":\"https:\\\/\\\/www.keslerclinic.com\\\/de\\\/adipositaschirurgie\\\/\"},{\"@type\":\"ListItem\",\"position\":3,\"name\":\"Sleeve-Gastrektomie\"}]},{\"@type\":\"WebSite\",\"@id\":\"https:\\\/\\\/www.keslerclinic.com\\\/#website\",\"url\":\"https:\\\/\\\/www.keslerclinic.com\\\/\",\"name\":\"Kesler Clinic\",\"description\":\"Obezite Cerrahisi, Diyabet Cerrahisi, Plastik ve Estetik Cerrahi, Sa\u00e7 Ekimi, Di\u015f Tedavileri, Onkoloji\",\"potentialAction\":[{\"@type\":\"SearchAction\",\"target\":{\"@type\":\"EntryPoint\",\"urlTemplate\":\"https:\\\/\\\/www.keslerclinic.com\\\/?s={search_term_string}\"},\"query-input\":{\"@type\":\"PropertyValueSpecification\",\"valueRequired\":true,\"valueName\":\"search_term_string\"}}],\"inLanguage\":\"de\"}]}<\/script>\n<!-- \/ Yoast SEO plugin. -->","yoast_head_json":{"title":"Sleeve-Gastrektomie - Kesler Clinic Obezite Cerrahisi, \u00c7erkezk\u00f6y","robots":{"index":"index","follow":"follow","max-snippet":"max-snippet:-1","max-image-preview":"max-image-preview:large","max-video-preview":"max-video-preview:-1"},"canonical":"https:\/\/www.keslerclinic.com\/de\/adipositaschirurgie\/sleeve-gastrektomie\/","og_locale":"de_DE","og_type":"article","og_title":"Sleeve-Gastrektomie - Kesler Clinic Obezite Cerrahisi, \u00c7erkezk\u00f6y","og_url":"https:\/\/www.keslerclinic.com\/de\/adipositaschirurgie\/sleeve-gastrektomie\/","og_site_name":"Kesler Clinic","article_publisher":"https:\/\/www.facebook.com\/keslerclinic\/","article_modified_time":"2021-09-20T18:35:06+00:00","twitter_card":"summary_large_image","twitter_misc":{"Gesch\u00e4tzte Lesezeit":"6\u00a0Minuten"},"schema":{"@context":"https:\/\/schema.org","@graph":[{"@type":"WebPage","@id":"https:\/\/www.keslerclinic.com\/de\/adipositaschirurgie\/sleeve-gastrektomie\/","url":"https:\/\/www.keslerclinic.com\/de\/adipositaschirurgie\/sleeve-gastrektomie\/","name":"Sleeve-Gastrektomie - Kesler Clinic Obezite Cerrahisi, \u00c7erkezk\u00f6y","isPartOf":{"@id":"https:\/\/www.keslerclinic.com\/#website"},"datePublished":"2021-09-20T18:03:53+00:00","dateModified":"2021-09-20T18:35:06+00:00","breadcrumb":{"@id":"https:\/\/www.keslerclinic.com\/de\/adipositaschirurgie\/sleeve-gastrektomie\/#breadcrumb"},"inLanguage":"de","potentialAction":[{"@type":"ReadAction","target":["https:\/\/www.keslerclinic.com\/de\/adipositaschirurgie\/sleeve-gastrektomie\/"]}]},{"@type":"BreadcrumbList","@id":"https:\/\/www.keslerclinic.com\/de\/adipositaschirurgie\/sleeve-gastrektomie\/#breadcrumb","itemListElement":[{"@type":"ListItem","position":1,"name":"Ana sayfa","item":"https:\/\/www.keslerclinic.com\/de\/startseite\/"},{"@type":"ListItem","position":2,"name":"Adipositaschirurgie","item":"https:\/\/www.keslerclinic.com\/de\/adipositaschirurgie\/"},{"@type":"ListItem","position":3,"name":"Sleeve-Gastrektomie"}]},{"@type":"WebSite","@id":"https:\/\/www.keslerclinic.com\/#website","url":"https:\/\/www.keslerclinic.com\/","name":"Kesler Clinic","description":"Obezite Cerrahisi, Diyabet Cerrahisi, Plastik ve Estetik Cerrahi, Sa\u00e7 Ekimi, Di\u015f Tedavileri, Onkoloji","potentialAction":[{"@type":"SearchAction","target":{"@type":"EntryPoint","urlTemplate":"https:\/\/www.keslerclinic.com\/?s={search_term_string}"},"query-input":{"@type":"PropertyValueSpecification","valueRequired":true,"valueName":"search_term_string"}}],"inLanguage":"de"}]}},"_links":{"self":[{"href":"https:\/\/www.keslerclinic.com\/de\/wp-json\/wp\/v2\/pages\/1938","targetHints":{"allow":["GET"]}}],"collection":[{"href":"https:\/\/www.keslerclinic.com\/de\/wp-json\/wp\/v2\/pages"}],"about":[{"href":"https:\/\/www.keslerclinic.com\/de\/wp-json\/wp\/v2\/types\/page"}],"author":[{"embeddable":true,"href":"https:\/\/www.keslerclinic.com\/de\/wp-json\/wp\/v2\/users\/1"}],"replies":[{"embeddable":true,"href":"https:\/\/www.keslerclinic.com\/de\/wp-json\/wp\/v2\/comments?post=1938"}],"version-history":[{"count":4,"href":"https:\/\/www.keslerclinic.com\/de\/wp-json\/wp\/v2\/pages\/1938\/revisions"}],"predecessor-version":[{"id":1946,"href":"https:\/\/www.keslerclinic.com\/de\/wp-json\/wp\/v2\/pages\/1938\/revisions\/1946"}],"up":[{"embeddable":true,"href":"https:\/\/www.keslerclinic.com\/de\/wp-json\/wp\/v2\/pages\/1953"}],"wp:attachment":[{"href":"https:\/\/www.keslerclinic.com\/de\/wp-json\/wp\/v2\/media?parent=1938"}],"curies":[{"name":"wp","href":"https:\/\/api.w.org\/{rel}","templated":true}]}}