{"id":1932,"date":"2021-09-20T20:37:26","date_gmt":"2021-09-20T17:37:26","guid":{"rendered":"https:\/\/www.keslerclinic.com\/?page_id=1932"},"modified":"2021-09-20T20:41:57","modified_gmt":"2021-09-20T17:41:57","slug":"haufig-gestellte-fragen","status":"publish","type":"page","link":"https:\/\/www.keslerclinic.com\/de\/haufig-gestellte-fragen\/","title":{"rendered":"H\u00e4ufig Gestellte Fragen"},"content":{"rendered":"<div class=\"fusion-fullwidth fullwidth-box fusion-builder-row-1 fusion-flex-container nonhundred-percent-fullwidth non-hundred-percent-height-scrolling\" style=\"--awb-border-radius-top-left:0px;--awb-border-radius-top-right:0px;--awb-border-radius-bottom-right:0px;--awb-border-radius-bottom-left:0px;--awb-flex-wrap:wrap;\" ><div class=\"fusion-builder-row fusion-row fusion-flex-align-items-flex-start fusion-flex-content-wrap\" style=\"max-width:1216.8px;margin-left: calc(-4% \/ 2 );margin-right: calc(-4% \/ 2 );\"><div class=\"fusion-layout-column fusion_builder_column fusion-builder-column-0 fusion_builder_column_1_1 1_1 fusion-flex-column\" style=\"--awb-bg-size:cover;--awb-width-large:100%;--awb-margin-top-large:0px;--awb-spacing-right-large:1.92%;--awb-margin-bottom-large:30px;--awb-spacing-left-large:1.92%;--awb-width-medium:100%;--awb-spacing-right-medium:1.92%;--awb-spacing-left-medium:1.92%;--awb-width-small:100%;--awb-spacing-right-small:1.92%;--awb-spacing-left-small:1.92%;\"><div class=\"fusion-column-wrapper fusion-column-has-shadow fusion-flex-justify-content-flex-start fusion-content-layout-column\"><div class=\"fusion-title title fusion-title-1 fusion-sep-none fusion-title-text fusion-title-size-two\" style=\"--awb-margin-bottom-small:30px;\"><h2 class=\"fusion-title-heading title-heading-left fusion-responsive-typography-calculated\" style=\"margin:0;--fontSize:46;line-height:1.25;\">H\u00c4UFIG GESTELLTE FRAGEN<\/h2><\/div><div class=\"fusion-separator fusion-full-width-sep\" style=\"align-self: center;margin-left: auto;margin-right: auto;margin-top:30px;margin-bottom:5px;width:100%;\"><\/div><div class=\"accordian fusion-accordian\" style=\"--awb-border-size:1px;--awb-icon-size:13px;--awb-content-font-size:17px;--awb-icon-alignment:left;--awb-hover-color:#f9f9f9;--awb-border-color:#cccccc;--awb-background-color:#ffffff;--awb-divider-color:#e0dede;--awb-divider-hover-color:#e0dede;--awb-icon-color:#ffffff;--awb-title-color:#2b2b2b;--awb-content-color:#7e8890;--awb-icon-box-color:#333333;--awb-toggle-hover-accent-color:#3e69b3;--awb-title-font-family:&quot;Source Sans Pro&quot;;--awb-title-font-weight:300;--awb-title-font-style:normal;--awb-title-font-size:18px;--awb-title-letter-spacing:1px;--awb-title-line-height:2;--awb-content-font-family:&quot;Source Sans Pro&quot;;--awb-content-font-style:normal;--awb-content-font-weight:300;\"><div class=\"panel-group fusion-toggle-icon-boxed\" id=\"accordion-1932-1\"><div class=\"fusion-panel panel-default panel-bf2254ebc2c07bfe8 fusion-toggle-no-divider fusion-toggle-boxed-mode\"><div class=\"panel-heading\"><h4 class=\"panel-title toggle\" id=\"toggle_bf2254ebc2c07bfe8\"><a aria-expanded=\"false\" aria-controls=\"bf2254ebc2c07bfe8\" role=\"button\" data-toggle=\"collapse\" data-target=\"#bf2254ebc2c07bfe8\" href=\"#bf2254ebc2c07bfe8\"><span class=\"fusion-toggle-icon-wrapper\" aria-hidden=\"true\"><i class=\"fa-fusion-box active-icon awb-icon-minus\" aria-hidden=\"true\"><\/i><i class=\"fa-fusion-box inactive-icon awb-icon-plus\" aria-hidden=\"true\"><\/i><\/span><span class=\"fusion-toggle-heading\">K\u00f6nnen sich Diabetiker einer Adipositas-Operation unterziehen? Ist es m\u00f6glich, Insulin mit Adipositas-Operationen loszuwerden?<\/span><\/a><\/h4><\/div><div id=\"bf2254ebc2c07bfe8\" class=\"panel-collapse collapse \" aria-labelledby=\"toggle_bf2254ebc2c07bfe8\"><div class=\"panel-body toggle-content fusion-clearfix\">Diabetespatienten k\u00f6nnen sich einer Adipositas-Operation unterziehen, wenn dies nach den erforderlichen Tests f\u00fcr angemessen erachtet wird. Das C-Peptid-Verh\u00e4ltnis wird in Bluttests \u00fcberpr\u00fcft. Bei normalen Werten ist die Operation sehr hilfreich f\u00fcr die Beseitigung von Diabetes. Mit der Methode der Kombinierten Chirurgie, die wir insbesondere bei Typ-2-Diabetikern anwenden, ist die beste Diabetes-Kontrolle geboten, und der Insulinverbrauch bei Patienten sinkt um 90%.<\/div><\/div><\/div><div class=\"fusion-panel panel-default panel-af6578b99a2ad0ef3 fusion-toggle-no-divider fusion-toggle-boxed-mode\"><div class=\"panel-heading\"><h4 class=\"panel-title toggle\" id=\"toggle_af6578b99a2ad0ef3\"><a aria-expanded=\"false\" aria-controls=\"af6578b99a2ad0ef3\" role=\"button\" data-toggle=\"collapse\" data-target=\"#af6578b99a2ad0ef3\" href=\"#af6578b99a2ad0ef3\"><span class=\"fusion-toggle-icon-wrapper\" aria-hidden=\"true\"><i class=\"fa-fusion-box active-icon awb-icon-minus\" aria-hidden=\"true\"><\/i><i class=\"fa-fusion-box inactive-icon awb-icon-plus\" aria-hidden=\"true\"><\/i><\/span><span class=\"fusion-toggle-heading\">Wie lange dauert die Operation? Handelt es sich dabei um eine riskante Operation?<\/span><\/a><\/h4><\/div><div id=\"af6578b99a2ad0ef3\" class=\"panel-collapse collapse \" aria-labelledby=\"toggle_af6578b99a2ad0ef3\"><div class=\"panel-body toggle-content fusion-clearfix\">Jede Operation birgt gewisse Risiken. Die Risiken einer Fettleibigkeitsoperation sind \u00e4hnlich wie bei einer Gallenblasenoperation, etwa 3 pro Tausend. Die Operationen dauern zwischen einer halben Stunde und 1 Stunde.<\/div><\/div><\/div><div class=\"fusion-panel panel-default panel-7b4b81b2327cbd598 fusion-toggle-no-divider fusion-toggle-boxed-mode\"><div class=\"panel-heading\"><h4 class=\"panel-title toggle\" id=\"toggle_7b4b81b2327cbd598\"><a aria-expanded=\"false\" aria-controls=\"7b4b81b2327cbd598\" role=\"button\" data-toggle=\"collapse\" data-target=\"#7b4b81b2327cbd598\" href=\"#7b4b81b2327cbd598\"><span class=\"fusion-toggle-icon-wrapper\" aria-hidden=\"true\"><i class=\"fa-fusion-box active-icon awb-icon-minus\" aria-hidden=\"true\"><\/i><i class=\"fa-fusion-box inactive-icon awb-icon-plus\" aria-hidden=\"true\"><\/i><\/span><span class=\"fusion-toggle-heading\">Woher wei\u00df ich, ob ich fettleibig bin?<\/span><\/a><\/h4><\/div><div id=\"7b4b81b2327cbd598\" class=\"panel-collapse collapse \" aria-labelledby=\"toggle_7b4b81b2327cbd598\"><div class=\"panel-body toggle-content fusion-clearfix\">\n<p>Sie m\u00fcssen Ihren Body-Mass-Index berechnen. Wir ermitteln den Body-Mass-Index, indem wir Ihr Gewicht durch das Quadrat Ihrer K\u00f6rpergr\u00f6\u00dfe teilen. Sie k\u00f6nnen Ihr Gewicht anhand der Tabelle in diesem Link auswerten.<\/p>\n<\/div><\/div><\/div><div class=\"fusion-panel panel-default panel-31bbd4b8a1ed68a29 fusion-toggle-no-divider fusion-toggle-boxed-mode\"><div class=\"panel-heading\"><h4 class=\"panel-title toggle\" id=\"toggle_31bbd4b8a1ed68a29\"><a aria-expanded=\"false\" aria-controls=\"31bbd4b8a1ed68a29\" role=\"button\" data-toggle=\"collapse\" data-target=\"#31bbd4b8a1ed68a29\" href=\"#31bbd4b8a1ed68a29\"><span class=\"fusion-toggle-icon-wrapper\" aria-hidden=\"true\"><i class=\"fa-fusion-box active-icon awb-icon-minus\" aria-hidden=\"true\"><\/i><i class=\"fa-fusion-box inactive-icon awb-icon-plus\" aria-hidden=\"true\"><\/i><\/span><span class=\"fusion-toggle-heading\">Wie viel Gewicht verliert man nach der Operation?<\/span><\/a><\/h4><\/div><div id=\"31bbd4b8a1ed68a29\" class=\"panel-collapse collapse \" aria-labelledby=\"toggle_31bbd4b8a1ed68a29\"><div class=\"panel-body toggle-content fusion-clearfix\">\n<p>Mehr als 80% des \u00dcbergewichts kann man in etwa 2 Jahren verlieren. Wenn die grundlegenden Ern\u00e4hrungsregeln befolgt werden, so wird man nicht erneut zunehmen. Es ist sehr wichtig, die \u00c4nderung im Lebensstil beizubehalten.<\/p>\n<\/div><\/div><\/div><div class=\"fusion-panel panel-default panel-ed1a06679588397cc fusion-toggle-no-divider fusion-toggle-boxed-mode\"><div class=\"panel-heading\"><h4 class=\"panel-title toggle\" id=\"toggle_ed1a06679588397cc\"><a aria-expanded=\"false\" aria-controls=\"ed1a06679588397cc\" role=\"button\" data-toggle=\"collapse\" data-target=\"#ed1a06679588397cc\" href=\"#ed1a06679588397cc\"><span class=\"fusion-toggle-icon-wrapper\" aria-hidden=\"true\"><i class=\"fa-fusion-box active-icon awb-icon-minus\" aria-hidden=\"true\"><\/i><i class=\"fa-fusion-box inactive-icon awb-icon-plus\" aria-hidden=\"true\"><\/i><\/span><span class=\"fusion-toggle-heading\">Wann kann ich nach der Operation wieder ins Berufsleben zur\u00fcckkehren?<\/span><\/a><\/h4><\/div><div id=\"ed1a06679588397cc\" class=\"panel-collapse collapse \" aria-labelledby=\"toggle_ed1a06679588397cc\"><div class=\"panel-body toggle-content fusion-clearfix\">\n<p>Wenn Sie einen Schreibtischjob haben, k\u00f6nnen Sie nach 3 Tagen wieder arbeiten. Wer schwerere Arbeiten zu leisten hat, sollte 10 Tage warten.<\/p>\n<\/div><\/div><\/div><div class=\"fusion-panel panel-default panel-3f9f09be4479452d7 fusion-toggle-no-divider fusion-toggle-boxed-mode\"><div class=\"panel-heading\"><h4 class=\"panel-title toggle\" id=\"toggle_3f9f09be4479452d7\"><a aria-expanded=\"false\" aria-controls=\"3f9f09be4479452d7\" role=\"button\" data-toggle=\"collapse\" data-target=\"#3f9f09be4479452d7\" href=\"#3f9f09be4479452d7\"><span class=\"fusion-toggle-icon-wrapper\" aria-hidden=\"true\"><i class=\"fa-fusion-box active-icon awb-icon-minus\" aria-hidden=\"true\"><\/i><i class=\"fa-fusion-box inactive-icon awb-icon-plus\" aria-hidden=\"true\"><\/i><\/span><span class=\"fusion-toggle-heading\">Darf ich nach der Operation Alkohol konsumieren?<\/span><\/a><\/h4><\/div><div id=\"3f9f09be4479452d7\" class=\"panel-collapse collapse \" aria-labelledby=\"toggle_3f9f09be4479452d7\"><div class=\"panel-body toggle-content fusion-clearfix\">\n<p>Da alkoholhaltige Getr\u00e4nke kalorienreiche Getr\u00e4nke sind, k\u00f6nnen sie eine Gewichtsabnahme nach der Operation verhindern. Deshalb empfehlen wir, den Alkoholkonsum einzuschr\u00e4nken.<\/p>\n<\/div><\/div><\/div><div class=\"fusion-panel panel-default panel-fbbc171cb982b3755 fusion-toggle-no-divider fusion-toggle-boxed-mode\"><div class=\"panel-heading\"><h4 class=\"panel-title toggle\" id=\"toggle_fbbc171cb982b3755\"><a aria-expanded=\"false\" aria-controls=\"fbbc171cb982b3755\" role=\"button\" data-toggle=\"collapse\" data-target=\"#fbbc171cb982b3755\" href=\"#fbbc171cb982b3755\"><span class=\"fusion-toggle-icon-wrapper\" aria-hidden=\"true\"><i class=\"fa-fusion-box active-icon awb-icon-minus\" aria-hidden=\"true\"><\/i><i class=\"fa-fusion-box inactive-icon awb-icon-plus\" aria-hidden=\"true\"><\/i><\/span><span class=\"fusion-toggle-heading\">Was kostet die Operation?<\/span><\/a><\/h4><\/div><div id=\"fbbc171cb982b3755\" class=\"panel-collapse collapse \" aria-labelledby=\"toggle_fbbc171cb982b3755\"><div class=\"panel-body toggle-content fusion-clearfix\">\n<p>Ausf\u00fchrliche Informationen zu allen Operationen und Eingriffen erhalten Sie unter der Telefonnummer 0541 509 55 23.<\/p>\n<\/div><\/div><\/div><div class=\"fusion-panel panel-default panel-79a2cecfd058a914d fusion-toggle-no-divider fusion-toggle-boxed-mode\"><div class=\"panel-heading\"><h4 class=\"panel-title toggle\" id=\"toggle_79a2cecfd058a914d\"><a aria-expanded=\"false\" aria-controls=\"79a2cecfd058a914d\" role=\"button\" data-toggle=\"collapse\" data-target=\"#79a2cecfd058a914d\" href=\"#79a2cecfd058a914d\"><span class=\"fusion-toggle-icon-wrapper\" aria-hidden=\"true\"><i class=\"fa-fusion-box active-icon awb-icon-minus\" aria-hidden=\"true\"><\/i><i class=\"fa-fusion-box inactive-icon awb-icon-plus\" aria-hidden=\"true\"><\/i><\/span><span class=\"fusion-toggle-heading\">Gibt es eine pr\u00e4operative Vorbereitung?<\/span><\/a><\/h4><\/div><div id=\"79a2cecfd058a914d\" class=\"panel-collapse collapse \" aria-labelledby=\"toggle_79a2cecfd058a914d\"><div class=\"panel-body toggle-content fusion-clearfix\">Wir beginnen mindestens 1 Woche vor der Operation mit einer kohlenhydratarmen, proteinreichen Di\u00e4t, um sowohl Leber- als auch intraabdominales Fett zu reduzieren und die Operation angenehmer und sicherer zu machen.<\/div><\/div><\/div><div class=\"fusion-panel panel-default panel-9e1f4a46e717296a2 fusion-toggle-no-divider fusion-toggle-boxed-mode\"><div class=\"panel-heading\"><h4 class=\"panel-title toggle\" id=\"toggle_9e1f4a46e717296a2\"><a aria-expanded=\"false\" aria-controls=\"9e1f4a46e717296a2\" role=\"button\" data-toggle=\"collapse\" data-target=\"#9e1f4a46e717296a2\" href=\"#9e1f4a46e717296a2\"><span class=\"fusion-toggle-icon-wrapper\" aria-hidden=\"true\"><i class=\"fa-fusion-box active-icon awb-icon-minus\" aria-hidden=\"true\"><\/i><i class=\"fa-fusion-box inactive-icon awb-icon-plus\" aria-hidden=\"true\"><\/i><\/span><span class=\"fusion-toggle-heading\">Gibt es starke Schmerzen nach der Operation?<\/span><\/a><\/h4><\/div><div id=\"9e1f4a46e717296a2\" class=\"panel-collapse collapse \" aria-labelledby=\"toggle_9e1f4a46e717296a2\"><div class=\"panel-body toggle-content fusion-clearfix\">Da die Operation laparoskopisch durchgef\u00fchrt wird, wird der Schnitt nicht gro\u00df sein. Der Eingriff wird mit Hilfe einer Kamera durch 4 oder 5 Einschnitte von 0,5 cm vorgenommen. Daher versp\u00fcrt der Patient keine starken Schmerzen.<\/div><\/div><\/div><div class=\"fusion-panel panel-default panel-2bf0a5f45f3529c2d fusion-toggle-no-divider fusion-toggle-boxed-mode\"><div class=\"panel-heading\"><h4 class=\"panel-title toggle\" id=\"toggle_2bf0a5f45f3529c2d\"><a aria-expanded=\"false\" aria-controls=\"2bf0a5f45f3529c2d\" role=\"button\" data-toggle=\"collapse\" data-target=\"#2bf0a5f45f3529c2d\" href=\"#2bf0a5f45f3529c2d\"><span class=\"fusion-toggle-icon-wrapper\" aria-hidden=\"true\"><i class=\"fa-fusion-box active-icon awb-icon-minus\" aria-hidden=\"true\"><\/i><i class=\"fa-fusion-box inactive-icon awb-icon-plus\" aria-hidden=\"true\"><\/i><\/span><span class=\"fusion-toggle-heading\">Gibt es eine Altersgrenze f\u00fcr Adipositas-Operationen?<\/span><\/a><\/h4><\/div><div id=\"2bf0a5f45f3529c2d\" class=\"panel-collapse collapse \" aria-labelledby=\"toggle_2bf0a5f45f3529c2d\"><div class=\"panel-body toggle-content fusion-clearfix\">\n<p>Wenn der Allgemeinzustand des Patienten f\u00fcr eine An\u00e4sthesie und Operation geeignet ist, spielt die Altersgrenze keine Rolle.<\/p>\n<\/div><\/div><\/div><\/div><\/div><\/div><\/div><\/div><\/div>\n","protected":false},"excerpt":{"rendered":"","protected":false},"author":1,"featured_media":0,"parent":0,"menu_order":0,"comment_status":"closed","ping_status":"closed","template":"100-width.php","meta":{"footnotes":""},"class_list":["post-1932","page","type-page","status-publish","hentry"],"yoast_head":"<!-- This site is optimized with the Yoast SEO plugin v27.4 - https:\/\/yoast.com\/product\/yoast-seo-wordpress\/ -->\n<title>H\u00e4ufig Gestellte Fragen - Kesler Clinic Obezite Cerrahisi, \u00c7erkezk\u00f6y<\/title>\n<meta name=\"robots\" content=\"index, follow, max-snippet:-1, max-image-preview:large, max-video-preview:-1\" \/>\n<link rel=\"canonical\" href=\"https:\/\/www.keslerclinic.com\/de\/haufig-gestellte-fragen\/\" \/>\n<meta property=\"og:locale\" content=\"de_DE\" \/>\n<meta property=\"og:type\" content=\"article\" \/>\n<meta property=\"og:title\" content=\"H\u00e4ufig Gestellte Fragen - Kesler Clinic Obezite Cerrahisi, \u00c7erkezk\u00f6y\" \/>\n<meta property=\"og:url\" content=\"https:\/\/www.keslerclinic.com\/de\/haufig-gestellte-fragen\/\" \/>\n<meta property=\"og:site_name\" content=\"Kesler Clinic\" \/>\n<meta property=\"article:publisher\" content=\"https:\/\/www.facebook.com\/keslerclinic\/\" \/>\n<meta property=\"article:modified_time\" content=\"2021-09-20T17:41:57+00:00\" \/>\n<meta name=\"twitter:card\" content=\"summary_large_image\" \/>\n<meta name=\"twitter:label1\" content=\"Gesch\u00e4tzte Lesezeit\" \/>\n\t<meta name=\"twitter:data1\" content=\"5\u00a0Minuten\" \/>\n<script type=\"application\/ld+json\" class=\"yoast-schema-graph\">{\"@context\":\"https:\\\/\\\/schema.org\",\"@graph\":[{\"@type\":\"WebPage\",\"@id\":\"https:\\\/\\\/www.keslerclinic.com\\\/de\\\/haufig-gestellte-fragen\\\/\",\"url\":\"https:\\\/\\\/www.keslerclinic.com\\\/de\\\/haufig-gestellte-fragen\\\/\",\"name\":\"H\u00e4ufig Gestellte Fragen - Kesler Clinic Obezite Cerrahisi, \u00c7erkezk\u00f6y\",\"isPartOf\":{\"@id\":\"https:\\\/\\\/www.keslerclinic.com\\\/#website\"},\"datePublished\":\"2021-09-20T17:37:26+00:00\",\"dateModified\":\"2021-09-20T17:41:57+00:00\",\"breadcrumb\":{\"@id\":\"https:\\\/\\\/www.keslerclinic.com\\\/de\\\/haufig-gestellte-fragen\\\/#breadcrumb\"},\"inLanguage\":\"de\",\"potentialAction\":[{\"@type\":\"ReadAction\",\"target\":[\"https:\\\/\\\/www.keslerclinic.com\\\/de\\\/haufig-gestellte-fragen\\\/\"]}]},{\"@type\":\"BreadcrumbList\",\"@id\":\"https:\\\/\\\/www.keslerclinic.com\\\/de\\\/haufig-gestellte-fragen\\\/#breadcrumb\",\"itemListElement\":[{\"@type\":\"ListItem\",\"position\":1,\"name\":\"Ana sayfa\",\"item\":\"https:\\\/\\\/www.keslerclinic.com\\\/de\\\/startseite\\\/\"},{\"@type\":\"ListItem\",\"position\":2,\"name\":\"H\u00e4ufig Gestellte Fragen\"}]},{\"@type\":\"WebSite\",\"@id\":\"https:\\\/\\\/www.keslerclinic.com\\\/#website\",\"url\":\"https:\\\/\\\/www.keslerclinic.com\\\/\",\"name\":\"Kesler Clinic\",\"description\":\"Obezite Cerrahisi, Diyabet Cerrahisi, Plastik ve Estetik Cerrahi, Sa\u00e7 Ekimi, Di\u015f Tedavileri, Onkoloji\",\"potentialAction\":[{\"@type\":\"SearchAction\",\"target\":{\"@type\":\"EntryPoint\",\"urlTemplate\":\"https:\\\/\\\/www.keslerclinic.com\\\/?s={search_term_string}\"},\"query-input\":{\"@type\":\"PropertyValueSpecification\",\"valueRequired\":true,\"valueName\":\"search_term_string\"}}],\"inLanguage\":\"de\"}]}<\/script>\n<!-- \/ Yoast SEO plugin. -->","yoast_head_json":{"title":"H\u00e4ufig Gestellte Fragen - Kesler Clinic Obezite Cerrahisi, \u00c7erkezk\u00f6y","robots":{"index":"index","follow":"follow","max-snippet":"max-snippet:-1","max-image-preview":"max-image-preview:large","max-video-preview":"max-video-preview:-1"},"canonical":"https:\/\/www.keslerclinic.com\/de\/haufig-gestellte-fragen\/","og_locale":"de_DE","og_type":"article","og_title":"H\u00e4ufig Gestellte Fragen - Kesler Clinic Obezite Cerrahisi, \u00c7erkezk\u00f6y","og_url":"https:\/\/www.keslerclinic.com\/de\/haufig-gestellte-fragen\/","og_site_name":"Kesler Clinic","article_publisher":"https:\/\/www.facebook.com\/keslerclinic\/","article_modified_time":"2021-09-20T17:41:57+00:00","twitter_card":"summary_large_image","twitter_misc":{"Gesch\u00e4tzte Lesezeit":"5\u00a0Minuten"},"schema":{"@context":"https:\/\/schema.org","@graph":[{"@type":"WebPage","@id":"https:\/\/www.keslerclinic.com\/de\/haufig-gestellte-fragen\/","url":"https:\/\/www.keslerclinic.com\/de\/haufig-gestellte-fragen\/","name":"H\u00e4ufig Gestellte Fragen - Kesler Clinic Obezite Cerrahisi, \u00c7erkezk\u00f6y","isPartOf":{"@id":"https:\/\/www.keslerclinic.com\/#website"},"datePublished":"2021-09-20T17:37:26+00:00","dateModified":"2021-09-20T17:41:57+00:00","breadcrumb":{"@id":"https:\/\/www.keslerclinic.com\/de\/haufig-gestellte-fragen\/#breadcrumb"},"inLanguage":"de","potentialAction":[{"@type":"ReadAction","target":["https:\/\/www.keslerclinic.com\/de\/haufig-gestellte-fragen\/"]}]},{"@type":"BreadcrumbList","@id":"https:\/\/www.keslerclinic.com\/de\/haufig-gestellte-fragen\/#breadcrumb","itemListElement":[{"@type":"ListItem","position":1,"name":"Ana sayfa","item":"https:\/\/www.keslerclinic.com\/de\/startseite\/"},{"@type":"ListItem","position":2,"name":"H\u00e4ufig Gestellte Fragen"}]},{"@type":"WebSite","@id":"https:\/\/www.keslerclinic.com\/#website","url":"https:\/\/www.keslerclinic.com\/","name":"Kesler Clinic","description":"Obezite Cerrahisi, Diyabet Cerrahisi, Plastik ve Estetik Cerrahi, Sa\u00e7 Ekimi, Di\u015f Tedavileri, Onkoloji","potentialAction":[{"@type":"SearchAction","target":{"@type":"EntryPoint","urlTemplate":"https:\/\/www.keslerclinic.com\/?s={search_term_string}"},"query-input":{"@type":"PropertyValueSpecification","valueRequired":true,"valueName":"search_term_string"}}],"inLanguage":"de"}]}},"_links":{"self":[{"href":"https:\/\/www.keslerclinic.com\/de\/wp-json\/wp\/v2\/pages\/1932","targetHints":{"allow":["GET"]}}],"collection":[{"href":"https:\/\/www.keslerclinic.com\/de\/wp-json\/wp\/v2\/pages"}],"about":[{"href":"https:\/\/www.keslerclinic.com\/de\/wp-json\/wp\/v2\/types\/page"}],"author":[{"embeddable":true,"href":"https:\/\/www.keslerclinic.com\/de\/wp-json\/wp\/v2\/users\/1"}],"replies":[{"embeddable":true,"href":"https:\/\/www.keslerclinic.com\/de\/wp-json\/wp\/v2\/comments?post=1932"}],"version-history":[{"count":4,"href":"https:\/\/www.keslerclinic.com\/de\/wp-json\/wp\/v2\/pages\/1932\/revisions"}],"predecessor-version":[{"id":1936,"href":"https:\/\/www.keslerclinic.com\/de\/wp-json\/wp\/v2\/pages\/1932\/revisions\/1936"}],"wp:attachment":[{"href":"https:\/\/www.keslerclinic.com\/de\/wp-json\/wp\/v2\/media?parent=1932"}],"curies":[{"name":"wp","href":"https:\/\/api.w.org\/{rel}","templated":true}]}}